{"id":126,"date":"2020-10-13T10:37:21","date_gmt":"2020-10-13T10:37:21","guid":{"rendered":"https:\/\/www.locowirelesse.com\/?page_id=126"},"modified":"2022-11-17T15:29:50","modified_gmt":"2022-11-17T15:29:50","slug":"datenschutz-bestimmungen","status":"publish","type":"page","link":"https:\/\/www.loco-wireless.com\/de\/datenschutz-bestimmungen","title":{"rendered":"DATENSCHUTZ-BESTIMMUNGEN"},"content":{"rendered":"\n<p>Wer wir sind<br>Unsere Website-Adresse lautet: <\/p>\n\n\n\n<p><a href=\"https:\/\/locowirelesse.com.\" class=\"broken_link\">https:\/\/locowirelesse.com.<\/a><\/p>\n\n\n\n<p>Loco Wireless &amp; Electronics<\/p>\n\n\n\n<p>Address: 547 W 145th St, New York, NY 10031<\/p>\n\n\n\n<p>Welche personenbezogenen Daten wir erheben und warum wir sie erheben<br>Diese Datenschutzrichtlinie beschreibt, wie Ihre pers\u00f6nlichen Daten gesammelt, verwendet und weitergegeben werden, wenn Sie https:\/\/loco-wireless.com (die \u201eWebsite\u201c) besuchen oder einen Kauf t\u00e4tigen.<\/p>\n\n\n\n<p>Personenbezogene Daten, die wir sammeln<br>Wenn Sie die Website besuchen, erfassen wir automatisch bestimmte Informationen \u00fcber Ihr Ger\u00e4t, einschlie\u00dflich Informationen \u00fcber Ihren Webbrowser, Ihre IP-Adresse, Ihre Zeitzone und einige der Cookies, die auf Ihrem Ger\u00e4t installiert sind. W\u00e4hrend Sie auf der Website surfen, erfassen wir au\u00dferdem Informationen \u00fcber die einzelnen Webseiten oder Produkte, die Sie sich ansehen, welche Websites oder Suchbegriffe Sie auf die Website verwiesen haben und Informationen dar\u00fcber, wie Sie mit der Website interagieren. Wir bezeichnen diese automatisch gesammelten Informationen als \u201eGer\u00e4teinformationen\u201c.<\/p>\n\n\n\n<p>Die Website verwendet Cookies, um den \u00dcberblick \u00fcber die Artikel zu behalten, die Sie in Ihren Einkaufswagen gelegt haben, und um uns mitzuteilen, ob Sie die Website in der Vergangenheit besucht haben. Dies erm\u00f6glicht es Besuchern des Online-Shops, Warenk\u00f6rbe zwischen Besuchen zu verwalten. Wir verwenden Cookies auch als Ort, um Nachrichten \u00fcber abgebrochene Warenk\u00f6rbe auszul\u00f6sen.<\/p>\n\n\n\n<p>Wir erfassen Ger\u00e4teinformationen mithilfe der folgenden Technologien:<br>\u2013 \u201eCookies\u201c sind Datendateien, die auf Ihrem Ger\u00e4t oder Computer abgelegt werden und oft eine anonyme eindeutige Kennung enthalten. Weitere Informationen zu Cookies und zum Deaktivieren von Cookies finden Sie unter http:\/\/www.allaboutcookies.org.<br>\u2013 \u201eProtokolldateien\u201c verfolgen Aktionen, die auf der Website stattfinden, und erfassen Daten, einschlie\u00dflich Ihrer IP-Adresse, des Browsertyps, des Internetdienstanbieters, der Verweis-\/Ausgangsseiten und Datums-\/Zeitstempel.<br>\u2013 \u201eWeb Beacons\u201c, \u201eTags\u201c und \u201ePixel\u201c sind elektronische Dateien, die verwendet werden, um Informationen dar\u00fcber aufzuzeichnen, wie Sie die Website durchsuchen.<\/p>\n\n\n\n<p>Wenn Sie \u00fcber die Website einen Kauf t\u00e4tigen oder versuchen, einen Kauf zu t\u00e4tigen, erfassen wir au\u00dferdem bestimmte Informationen von Ihnen, einschlie\u00dflich Ihres Namens, Ihrer Rechnungsadresse, Lieferadresse, Zahlungsinformationen, einschlie\u00dflich Kreditkartennummern, PayPal, Amazon Pay, Google Pay und Apple Bezahlen, E-Mail-Adresse und Telefonnummer. Wir bezeichnen diese Informationen als \u201eBestellinformationen\u201c.<\/p>\n\n\n\n<p>Wenn wir in dieser Datenschutzrichtlinie von \u201epersonenbezogenen Daten\u201c sprechen, sprechen wir sowohl von Ger\u00e4teinformationen als auch von Bestellinformationen.<\/p>\n\n\n\n<p>Was machen wir mit Ihren Informationen?<br>Wenn Sie etwas in unserem Gesch\u00e4ft kaufen, erfassen wir im Rahmen des Kauf- und Verkaufsprozesses die pers\u00f6nlichen Daten, die Sie uns geben, wie Ihren Namen, Ihre Adresse und Ihre E-Mail-Adresse.<\/p>\n\n\n\n<p>Wenn Sie in unserem Shop surfen, erhalten wir auch automatisch die Internet Protocol (IP)-Adresse Ihres Computers, um uns Informationen zu liefern, die uns dabei helfen, mehr \u00fcber Ihren Browser und Ihr Betriebssystem zu erfahren.<\/p>\n\n\n\n<p>E-Mail-Marketing (falls zutreffend): Mit Ihrer Erlaubnis k\u00f6nnen wir Ihnen E-Mails \u00fcber unseren Shop, neue Produkte und andere Updates senden.<\/p>\n\n\n\n<p>Textmarketing (falls zutreffend): Mit Ihrer Erlaubnis k\u00f6nnen wir Textnachrichten \u00fcber unseren Shop, neue Produkte und andere Updates senden. Zu den Updates geh\u00f6ren Checkout-Erinnerungen. Webhooks werden verwendet, um das Nachrichtensystem f\u00fcr Checkout-Erinnerungen auszul\u00f6sen.<\/p>\n\n\n\n<p>Wie verwenden wir Ihre personenbezogenen Daten?<br>Wir verwenden die von uns gesammelten Bestellinformationen im Allgemeinen, um alle \u00fcber die Website aufgegebenen Bestellungen auszuf\u00fchren (einschlie\u00dflich der Verarbeitung Ihrer Zahlungsinformationen, der Organisation des Versands und der Bereitstellung von Rechnungen und\/oder Auftragsbest\u00e4tigungen). Dar\u00fcber hinaus verwenden wir diese Bestellinformationen, um:<\/p>\n\n\n\n<ul><li>Mit dir kommunizieren;<br>\u2013 \u00dcberpr\u00fcfung unserer Bestellungen auf potenzielle Risiken oder Betrug; und<br>\u2013 Bereitstellung von Informationen oder Werbung in Bezug auf unsere Produkte oder Dienstleistungen, wenn dies mit den Pr\u00e4ferenzen \u00fcbereinstimmt, die Sie uns mitgeteilt haben.<\/li><\/ul>\n\n\n\n<p>Wir verwenden die von uns gesammelten Ger\u00e4teinformationen, um uns bei der Suche nach potenziellen Risiken und Betrug zu unterst\u00fctzen (insbesondere Ihre IP-Adresse) und ganz allgemein, um unsere Website zu verbessern und zu optimieren (z. B. durch die Erstellung von Analysen dar\u00fcber, wie unsere Kunden surfen und mit ihnen interagieren der Website und um den Erfolg unserer Marketing- und Werbekampagnen zu beurteilen).<\/p>\n\n\n\n<p>Weitergabe Ihrer pers\u00f6nlichen Daten<br>Wir geben Ihre personenbezogenen Daten an Dritte weiter, um uns bei der Verwendung Ihrer personenbezogenen Daten wie oben beschrieben zu unterst\u00fctzen. Wir verwenden Google Analytics, um zu verstehen, wie unsere Kunden die Website nutzen \u2013 Sie k\u00f6nnen hier mehr dar\u00fcber lesen, wie Google Ihre personenbezogenen Daten verwendet: https:\/\/www.google.com\/intl\/en\/policies\/privacy\/. Sie k\u00f6nnen Google Analytics auch hier deaktivieren: https:\/\/tools.google.com\/dlpage\/gaoptout.<\/p>\n\n\n\n<p>Schlie\u00dflich k\u00f6nnen wir Ihre personenbezogenen Daten auch weitergeben, um geltende Gesetze und Vorschriften einzuhalten, auf eine Vorladung, einen Durchsuchungsbefehl oder eine andere rechtm\u00e4\u00dfige Informationsanfrage zu reagieren, die wir erhalten, oder um unsere Rechte anderweitig zu sch\u00fctzen.<\/p>\n\n\n\n<p>Verhaltenswerbung<br>Wie oben beschrieben, verwenden wir Ihre personenbezogenen Daten, um Ihnen gezielte Werbung oder Marketingmitteilungen bereitzustellen, von denen wir glauben, dass sie f\u00fcr Sie von Interesse sein k\u00f6nnten. Weitere Informationen dar\u00fcber, wie zielgerichtete Werbung funktioniert, finden Sie auf der Bildungsseite der Network Advertising Initiative (\u201eNAI\u201c) unter http:\/\/www.networkadvertising.org\/understanding-online-advertising\/how-does-it-work.<\/p>\n\n\n\n<p>Sie k\u00f6nnen zielgerichtete Werbung deaktivieren, indem Sie die folgenden Links verwenden:<br>\u2013 Facebook: https:\/\/www.facebook.com\/settings\/?tab=ads<br>\u2013 Google: https:\/\/www.google.com\/settings\/ads\/anonymous<br>\u2013 Bing: https:\/\/advertise.bingads.microsoft.com\/en-us\/resources\/policies\/personalized-ads<\/p>\n\n\n\n<p>Dar\u00fcber hinaus k\u00f6nnen Sie sich von einigen dieser Dienste abmelden, indem Sie das Abmeldeportal der Digital Advertising Alliance unter http:\/\/optout.aboutads.info\/ besuchen.<\/p>\n\n\n\n<p>Nicht verfolgen<br>Bitte beachten Sie, dass wir die Datenerfassungs- und Nutzungspraktiken unserer Website nicht \u00e4ndern, wenn wir ein Do-Not-Track-Signal von Ihrem Browser sehen.<\/p>\n\n\n\n<p>Deine Rechte<br>Wenn Sie in Europa ans\u00e4ssig sind, haben Sie das Recht, auf personenbezogene Daten zuzugreifen, die wir \u00fcber Sie gespeichert haben, und zu verlangen, dass Ihre personenbezogenen Daten korrigiert, aktualisiert oder gel\u00f6scht werden. Wenn Sie von diesem Recht Gebrauch machen m\u00f6chten, kontaktieren Sie uns bitte \u00fcber die unten stehenden Kontaktinformationen.<\/p>\n\n\n\n<p>Wenn Sie in Europa ans\u00e4ssig sind, stellen wir au\u00dferdem fest, dass wir Ihre Daten verarbeiten, um Vertr\u00e4ge zu erf\u00fcllen, die wir m\u00f6glicherweise mit Ihnen haben (z. B. wenn Sie eine Bestellung \u00fcber die Website aufgeben), oder um anderweitig unsere oben aufgef\u00fchrten legitimen Gesch\u00e4ftsinteressen zu verfolgen . Bitte beachten Sie au\u00dferdem, dass Ihre Daten au\u00dferhalb Europas \u00fcbertragen werden, einschlie\u00dflich nach Kanada und in die Vereinigten Staaten.<\/p>\n\n\n\n<p>Vorratsdatenspeicherung<br>Wenn Sie eine Bestellung \u00fcber die Website aufgeben, bewahren wir Ihre Bestellinformationen f\u00fcr unsere Unterlagen auf, es sei denn und bis Sie uns auffordern, diese Informationen zu l\u00f6schen.<\/p>\n\n\n\n<p>\u00c4nderungen<br>Wir k\u00f6nnen diese Datenschutzrichtlinie von Zeit zu Zeit aktualisieren, um beispielsweise \u00c4nderungen unserer Praktiken oder aus anderen betrieblichen, rechtlichen oder regulatorischen Gr\u00fcnden widerzuspiegeln.<\/p>\n\n\n\n<p>Minderj\u00e4hrige<br>Die Website ist nicht f\u00fcr Personen unter 18 Jahren bestimmt.<\/p>\n\n\n\n<p>SMS\/MMS-Marketingprogramm f\u00fcr mobile Nachrichten<\/p>\n\n\n\n<p>Wir respektieren deine Privatsph\u00e4re. Wir verwenden Informationen, die Sie uns \u00fcber das Programm zur Verf\u00fcgung stellen, nur, um Ihre mobilen Nachrichten zu \u00fcbermitteln und Ihnen gegebenenfalls zu antworten. Dazu geh\u00f6rt unter anderem der Austausch von Informationen mit Plattformanbietern, Telefongesellschaften und anderen Anbietern, die uns bei der Zustellung mobiler Nachrichten unterst\u00fctzen. WIR VERKAUFEN, VERMIETEN, VERLEIHEN, HANDELN, LEASEN ODER ANDERWEITIG \u00dcBERTRAGEN KEINE TELEFONNUMMERN ODER KUNDENINFORMATIONEN, DIE DURCH DAS PROGRAMM ERHOBEN WERDEN, AN DRITTE. Nichtsdestotrotz behalten wir uns jederzeit das Recht vor, alle erforderlichen Informationen offenzulegen, um Gesetzen, Vorschriften oder beh\u00f6rdlichen Anforderungen nachzukommen, Haftung zu vermeiden oder unsere Rechte oder unser Eigentum zu sch\u00fctzen. Wenn Sie Formulare online ausf\u00fcllen oder uns anderweitig Informationen im Zusammenhang mit dem Programm zur Verf\u00fcgung stellen, stimmen Sie zu, genaue, vollst\u00e4ndige und wahrheitsgem\u00e4\u00dfe Informationen bereitzustellen. Sie stimmen zu, keinen falschen oder irref\u00fchrenden Namen oder einen Namen zu verwenden, zu dessen Verwendung Sie nicht berechtigt sind. Wenn wir nach unserem alleinigen Ermessen der Meinung sind, dass solche Informationen unwahr, ungenau oder unvollst\u00e4ndig sind oder Sie sich aus einem anderen Grund f\u00fcr das Programm entschieden haben, k\u00f6nnen wir Ihnen den Zugang zum Programm verweigern und geeignete Rechtsmittel einleiten.<\/p>\n\n\n\n<p>California Civil Code Section 1798.83 erlaubt Benutzern des Programms, die in Kalifornien ans\u00e4ssig sind, bestimmte Informationen bez\u00fcglich unserer Weitergabe der Informationen, die Sie \u00fcber das Programm an Dritte f\u00fcr deren Direktmarketingzwecke bereitstellen, anzufordern.<\/p>\n\n\n\n<p>Um eine solche Anfrage zu stellen, kontaktieren Sie uns bitte unter der folgenden Adresse:<\/p>\n\n\n\n<p>Loco Wireless &amp; Elektronik<br>547 W 145. St<br>New York, NY 10031<br>support@loco-wireless.com<\/p>\n\n\n\n<p>Diese Datenschutzrichtlinie ist streng auf das Programm beschr\u00e4nkt und hat keine Auswirkungen auf andere Datenschutzrichtlinien, die die Beziehung zwischen Ihnen und uns in anderen Kontexten regeln k\u00f6nnen.<\/p>\n\n\n\n<p>Kontaktiere uns<br>F\u00fcr weitere Informationen \u00fcber unsere Datenschutzpraktiken, wenn Sie Fragen haben oder eine Beschwerde einreichen m\u00f6chten, kontaktieren Sie uns bitte per E-Mail unter support@loco-wireless.com<\/p>\n","protected":false},"excerpt":{"rendered":"<p>Wer wir sindUnsere Website-Adresse lautet: https:\/\/locowirelesse.com. Loco Wireless &amp; Electronics Address: 547 W 145th St, New York, NY 10031 Welche personenbezogenen Daten wir erheben und warum wir sie erhebenDiese Datenschutzrichtlinie beschreibt, wie Ihre pers\u00f6nlichen Daten gesammelt, verwendet und weitergegeben werden, wenn Sie https:\/\/loco-wireless.com (die \u201eWebsite\u201c) besuchen oder einen Kauf t\u00e4tigen. Personenbezogene Daten, die wir sammelnWenn [&hellip;]<\/p>\n","protected":false},"author":1,"featured_media":0,"parent":0,"menu_order":0,"comment_status":"closed","ping_status":"open","template":"","meta":{"footnotes":""},"jetpack_sharing_enabled":true,"_links":{"self":[{"href":"https:\/\/www.loco-wireless.com\/de\/wp-json\/wp\/v2\/pages\/126"}],"collection":[{"href":"https:\/\/www.loco-wireless.com\/de\/wp-json\/wp\/v2\/pages"}],"about":[{"href":"https:\/\/www.loco-wireless.com\/de\/wp-json\/wp\/v2\/types\/page"}],"author":[{"embeddable":true,"href":"https:\/\/www.loco-wireless.com\/de\/wp-json\/wp\/v2\/users\/1"}],"replies":[{"embeddable":true,"href":"https:\/\/www.loco-wireless.com\/de\/wp-json\/wp\/v2\/comments?post=126"}],"version-history":[{"count":2,"href":"https:\/\/www.loco-wireless.com\/de\/wp-json\/wp\/v2\/pages\/126\/revisions"}],"predecessor-version":[{"id":18645,"href":"https:\/\/www.loco-wireless.com\/de\/wp-json\/wp\/v2\/pages\/126\/revisions\/18645"}],"wp:attachment":[{"href":"https:\/\/www.loco-wireless.com\/de\/wp-json\/wp\/v2\/media?parent=126"}],"curies":[{"name":"wp","href":"https:\/\/api.w.org\/{rel}","templated":true}]}}