{"id":128,"date":"2020-10-13T10:38:24","date_gmt":"2020-10-13T10:38:24","guid":{"rendered":"https:\/\/www.locowirelesse.com\/?page_id=128"},"modified":"2020-10-13T10:38:25","modified_gmt":"2020-10-13T10:38:25","slug":"versand-und-rueckgabepolitik","status":"publish","type":"page","link":"https:\/\/www.loco-wireless.com\/de\/versand-und-rueckgabepolitik","title":{"rendered":"VERSAND- UND R\u00dcCKGABEPOLITIK"},"content":{"rendered":"\n<p>Versand- und R\u00fcckgabebedingungen<br>Die Bestellung wird je nach Standort per Kurier oder USPS direkt an Ihre Haust\u00fcr gesendet. Alle Bestellungen werden bearbeitet, sobald die Bestellung genehmigt wurde. Gelegentlich \u00fcberpr\u00fcft Loco Wireless &amp; Electronics aufgrund der zunehmenden Anzahl von Internetbetrug die G\u00fcltigkeit der meisten Bestellungen per Kreditkarte. Die Lieferung kann aufgrund von Kurierverz\u00f6gerungen oder anderen externen Faktoren l\u00e4nger dauern als die unten angegebenen Zeiten. Bitte beachten Sie auch, dass die Lieferung in l\u00e4ndliche Gebiete l\u00e4nger als gew\u00f6hnlich dauern kann.<br>KOSTENLOSE Lieferung: Verl\u00e4sst das Lager innerhalb von 1 &#8211; 3 Werktagen, nachdem die Bestellung genehmigt wurde. Die Lieferung dauert ca. 2 &#8211; 5 Werktage, sobald die Bestellung das Lager verlassen hat. Sollten wir Schwierigkeiten haben, Artikel zu erhalten, die nicht auf Lager sind, werden wir dies tun Wenden Sie sich w\u00e4hrend der Bearbeitungszeiten an Sie, um Sie zu benachrichtigen und die alternative L\u00f6sung zu finden. Hinweis: Loco Wireless &amp; Electronics wird nicht an PO.BOX geliefert, daher muss die physische Adresse angegeben werden.<br>R\u00fccknahmegarantie<br>Bei Loco Wireless &amp; Electronics stellen wir sicher, dass Sie Ihren Kauf nicht bereuen. Loco Wireless &amp; Electronics bietet 7 Tage ELF (Early Life Failure) oder DOA R\u00fcckgaberecht. Sie m\u00fcssen uns benachrichtigen, sobald das Produkt nicht mehr funktioniert. Alle DOA-Produkte werden sofort ersetzt, sobald sie bewertet wurden. Alle Zubeh\u00f6rteile und zur\u00fcckgegebenen Artikel m\u00fcssen im Originalzustand sein. Andernfalls wird das Produkt repariert. Local Wireless &amp; Electronics bietet au\u00dferdem ein 14-t\u00e4giges POM-R\u00fcckgaberecht (Peace-Of-Mind) an. F\u00fcr alle von POM zur\u00fcckgegebenen Produkte fallen Geb\u00fchren f\u00fcr Wiederauff\u00fcllungsgeb\u00fchren an. Die Geb\u00fchr kann je nach Zustand des Artikels variieren. Loco Wireless &amp; Electronics beh\u00e4lt sich jedoch das Recht vor, die R\u00fccksendung abzulehnen, wenn sich das Produkt nicht in einem angemessenen Zustand befindet. Dar\u00fcber hinaus akzeptierte Loco Wireless &amp; Electronics auch die R\u00fccksendung, die durch menschliches Versagen wie falsche Beschreibung oder falsche Farben verursacht wurde. Es wird keine Geb\u00fchr erhoben. Der Ersatz wird sofort versandt, sobald ein falsches Produkt festgestellt wird. Dieselbe Richtlinie gilt, falsches Element muss sich in einem Originalzustand befinden. Sie m\u00fcssen den Fehler innerhalb von 48 Stunden nach Erhalt des Produkts melden. Sollten eines der oben genannten Szenarien angewendet werden, kontaktieren Sie uns bitte so bald wie m\u00f6glich. Dies soll sicherstellen, dass die R\u00fccksendung honoriert wird. Wir werden Ihre Anfrage bewerten und Ihnen eine E-Mail mit Anweisungen zur R\u00fccksendung senden. M\u00f6glicherweise m\u00fcssen wir das gemeldete Problem genauer kl\u00e4ren, bevor wir eine R\u00fccksendegenehmigung erteilen k\u00f6nnen. Dies erfolgt, um sp\u00e4ter eine schnellere R\u00fcckgabeverarbeitung zu erm\u00f6glichen. Wir \u00fcbernehmen die Frachtkosten f\u00fcr die DOA-R\u00fccksendung und der Kunde tr\u00e4gt die Frachtkosten f\u00fcr die POM-R\u00fccksendung. Im Allgemeinen werden alle R\u00fcckerstattungen und Ersetzungen innerhalb von 5 bis 7 Werktagen nach Erhalt der zur\u00fcckgegebenen Waren abgeschlossen. R\u00fcckerstattungen werden \u00fcber die urspr\u00fcngliche Zahlungsmethode bezahlt, die f\u00fcr den Kauf verwendet wurde. .<br>Versicherung<br>Wir empfehlen Ihnen dringend, Ihre Bestellung zu versichern, da die M\u00f6glichkeit besteht, dass Ihre Bestellung bei Lieferung besch\u00e4digt wird und verloren geht. Die Versicherung ist optional und die Geb\u00fchren finden Sie auf der Produktseite. Die Geb\u00fchren variieren je nach Warenwert. Bitte beachten Sie, dass Loco Wireless &amp; Electronics nicht f\u00fcr verlorene Gegenst\u00e4nde haftet, wenn keine Versicherung abgeschlossen wird.<\/p>\n","protected":false},"excerpt":{"rendered":"<p>Versand- und R\u00fcckgabebedingungenDie Bestellung wird je nach Standort per Kurier oder USPS direkt an Ihre Haust\u00fcr gesendet. Alle Bestellungen werden bearbeitet, sobald die Bestellung genehmigt wurde. Gelegentlich \u00fcberpr\u00fcft Loco Wireless &amp; Electronics aufgrund der zunehmenden Anzahl von Internetbetrug die G\u00fcltigkeit der meisten Bestellungen per Kreditkarte. Die Lieferung kann aufgrund von Kurierverz\u00f6gerungen oder anderen externen Faktoren [&hellip;]<\/p>\n","protected":false},"author":1,"featured_media":0,"parent":0,"menu_order":0,"comment_status":"closed","ping_status":"closed","template":"","meta":{"footnotes":""},"jetpack_sharing_enabled":true,"_links":{"self":[{"href":"https:\/\/www.loco-wireless.com\/de\/wp-json\/wp\/v2\/pages\/128"}],"collection":[{"href":"https:\/\/www.loco-wireless.com\/de\/wp-json\/wp\/v2\/pages"}],"about":[{"href":"https:\/\/www.loco-wireless.com\/de\/wp-json\/wp\/v2\/types\/page"}],"author":[{"embeddable":true,"href":"https:\/\/www.loco-wireless.com\/de\/wp-json\/wp\/v2\/users\/1"}],"replies":[{"embeddable":true,"href":"https:\/\/www.loco-wireless.com\/de\/wp-json\/wp\/v2\/comments?post=128"}],"version-history":[{"count":1,"href":"https:\/\/www.loco-wireless.com\/de\/wp-json\/wp\/v2\/pages\/128\/revisions"}],"predecessor-version":[{"id":129,"href":"https:\/\/www.loco-wireless.com\/de\/wp-json\/wp\/v2\/pages\/128\/revisions\/129"}],"wp:attachment":[{"href":"https:\/\/www.loco-wireless.com\/de\/wp-json\/wp\/v2\/media?parent=128"}],"curies":[{"name":"wp","href":"https:\/\/api.w.org\/{rel}","templated":true}]}}