{"id":135,"date":"2020-10-07T12:21:45","date_gmt":"2020-10-07T12:21:45","guid":{"rendered":"https:\/\/www.locowirelesse.com\/product\/xiaomi-redmi-9a-6-53-hd-dot-drop-display-dual-sim-gsm-unlocked-us-global-4g-lte-global-version-carbon-grey-32gb"},"modified":"2024-07-07T01:57:26","modified_gmt":"2024-07-07T01:57:26","slug":"xiaomi-redmi-9a-6-53-hd-dot-drop-display-dual-sim-gsm-unlocked-us-global-4g-lte-global-version-carbon-grey-32gb","status":"publish","type":"product","link":"https:\/\/www.loco-wireless.com\/de\/produkt\/xiaomi-redmi-9a-6-53-hd-dot-drop-display-dual-sim-gsm-unlocked-us-global-4g-lte-global-version-carbon-grey-32gb","title":{"rendered":"Xiaomi Redmi 9A 6,53 \u201dHD + Dot Drop-Display, Dual-SIM-GSM entsperrt US &#038; Global 4G LTE (Global Version) (Carbon Grey, 32 GB)"},"content":{"rendered":"<ul class=\"a-unordered-list a-vertical a-spacing-mini\">\n<li>6,53 \u201dHD + Dot Drop-Display 720 x 1600 HD +, 5000 mAh (typ) Unterst\u00fctzt das Laden mit 10 W.<br \/>\nMediaTek Helio G25-CPU: 12-nm-Prozesstechnologie, bis zu 2,0 GHz, 8x A53, Octa-Core-CPU-GPU: PowerVR8320, bis zu 650 MHz, 2 GB + 32 GB.<br \/>\n13 MP R\u00fcckfahrkamera, 5MP Frontkamera.<br \/>\nDrahtloses Netzwerk: Unterst\u00fctzt Protokolle: 802.11 b \/ g \/ n Unterst\u00fctzt 2.4G WiFi \/ WiFi Direct-Unterst\u00fctzung Bluetooth 5.0 Unterst\u00fctzt FM-Radio (mit Kopfh\u00f6rern). Netzwerkb\u00e4nder GSM B2 \/ 3\/5\/8 WCDMA B1 \/ 2\/4\/5\/8 LTE-FDD B1 \/ 2\/3\/4\/5\/7\/8\/20\/28 LTE-TDD B38 \/ 40\/41 (2535 -2655 MHz).<br \/>\nM2006C3LG Globale Version freigeschaltet &#8211; Keine Garantie in den USA. Kompatibel mit den meisten GSM-Carriern wie T-Mobile, AT &amp; T, MetroPCS usw. Funktioniert NICHT mit CDMA-Carriern wie Verizon, Sprint, Boost. &#8211; FCC-ID: FCC-ID 2AFZZC3MG.<\/li>\n<\/ul>\n","protected":false},"excerpt":{"rendered":"<p>6,53 \u201dHD + Dot Drop-Display 720 x 1600 HD +, 5000 mAh (typ) Unterst\u00fctzt das Laden mit 10 W.<br \/>\nMediaTek Helio G25-CPU: 12-nm-Prozesstechnologie, bis zu 2,0 GHz, 8x A53, Octa-Core-CPU-GPU: PowerVR8320, bis zu 650 MHz, 2 GB + 32 GB.<br \/>\n13 MP R\u00fcckfahrkamera, 5MP Frontkamera.<br \/>\nDrahtloses Netzwerk: Unterst\u00fctzt Protokolle: 802.11 b \/ g \/ n Unterst\u00fctzt 2.4G WiFi \/ WiFi Direct-Unterst\u00fctzung Bluetooth 5.0 Unterst\u00fctzt FM-Radio (mit Kopfh\u00f6rern). Netzwerkb\u00e4nder GSM B2 \/ 3\/5\/8 WCDMA B1 \/ 2\/4\/5\/8 LTE-FDD B1 \/ 2\/3\/4\/5\/7\/8\/20\/28 LTE-TDD B38 \/ 40\/41 (2535 -2655 MHz).<br \/>\nM2006C3LG Globale Version freigeschaltet &#8211; Keine Garantie in den USA. Kompatibel mit den meisten GSM-Carriern wie T-Mobile, AT &amp; T, MetroPCS usw. Funktioniert NICHT mit CDMA-Carriern wie Verizon, Sprint, Boost. &#8211; FCC-ID: FCC-ID 2AFZZC3MG.<\/p>\n","protected":false},"featured_media":136,"comment_status":"open","ping_status":"closed","template":"","meta":[],"product_cat":[34],"product_tag":[],"jetpack_sharing_enabled":true,"_links":{"self":[{"href":"https:\/\/www.loco-wireless.com\/de\/wp-json\/wp\/v2\/product\/135"}],"collection":[{"href":"https:\/\/www.loco-wireless.com\/de\/wp-json\/wp\/v2\/product"}],"about":[{"href":"https:\/\/www.loco-wireless.com\/de\/wp-json\/wp\/v2\/types\/product"}],"replies":[{"embeddable":true,"href":"https:\/\/www.loco-wireless.com\/de\/wp-json\/wp\/v2\/comments?post=135"}],"wp:featuredmedia":[{"embeddable":true,"href":"https:\/\/www.loco-wireless.com\/de\/wp-json\/wp\/v2\/media\/136"}],"wp:attachment":[{"href":"https:\/\/www.loco-wireless.com\/de\/wp-json\/wp\/v2\/media?parent=135"}],"wp:term":[{"taxonomy":"product_cat","embeddable":true,"href":"https:\/\/www.loco-wireless.com\/de\/wp-json\/wp\/v2\/product_cat?post=135"},{"taxonomy":"product_tag","embeddable":true,"href":"https:\/\/www.loco-wireless.com\/de\/wp-json\/wp\/v2\/product_tag?post=135"}],"curies":[{"name":"wp","href":"https:\/\/api.w.org\/{rel}","templated":true}]}}