{"id":183,"date":"2020-10-07T11:28:53","date_gmt":"2020-10-07T11:28:53","guid":{"rendered":"https:\/\/www.locowirelesse.com\/product\/xiaomi-redmi-note-8-6-3-64gb-4gb-ram-gsm-only-no-cdma-internationa-version"},"modified":"2024-07-07T01:57:28","modified_gmt":"2024-07-07T01:57:28","slug":"xiaomi-redmi-note-8-6-3-64gb-4gb-ram-gsm-only-no-cdma-internationa-version","status":"publish","type":"product","link":"https:\/\/www.loco-wireless.com\/de\/produkt\/xiaomi-redmi-note-8-6-3-64gb-4gb-ram-gsm-only-no-cdma-internationa-version","title":{"rendered":"Xiaomi Redmi Note 8 6,3 &#8222;64 GB 4 GB RAM (nur GSM, kein CDMA) Internationale Version"},"content":{"rendered":"<ul class=\"a-unordered-list a-vertical a-spacing-mini\">\n<li>HSDPA 850\/900\/2100 &#8211; LTE B1 (2100) B2 (1900 PCS) B3 (1800 +) B4 (1700\/2100 AWS 1) B5 (850) B7 (2600) B8 (900) B20 (800 DD) B28 (700) APT) B38 (TD 2600) B40 (TD 2300) Dual-SIM (Nano-SIM, Dual-Standby)&gt; (\u00dcberpr\u00fcfen Sie vor dem Kauf die Kompatibilit\u00e4t mit Ihrem Mobilfunkanbieter).<br \/>\n6,3 Zoll 1080 x 2340 Pixel, 19,5: 9-Verh\u00e4ltnis (~ 409 ppi Dichte) &#8211; Fingerabdruck (auf der R\u00fcckseite montiert).<br \/>\n64 GB + 4 GB RAM &#8211; microSD, bis zu 256 GB &#8211; Qualcomm SDM665 Snapdragon Octa-Core &#8211; Nicht entfernbarer Li-Po 4000 mAh-Akku.<br \/>\nR\u00fcckfahrkamera (Hauptkamera): Quad 48MP (breit) + 8MP (ultraweit) + 2MP (dedizierte Makrokamera) + 2MP &#8211; Frontkamera: 13 MP, 1: 2,0 &#8211; Video: 2160p @ 30fps, 1080p @ 30\/60 \/ 120fps, 720p @ 960fps.<br \/>\nEntsperrte Mobiltelefone sind mit den meisten GSM-Betreibern (wie T-Mobile oder AT &amp; T) kompatibel. Beachten Sie jedoch, dass sie nicht mit CDMA-Betreibern (wie z. B. Sprint oder Verizon Wireless) kompatibel sind. &#8211; FCC-ID: 2AFZZC3JG.<\/li>\n<\/ul>\n","protected":false},"excerpt":{"rendered":"<p>HSDPA 850\/900\/2100 &#8211; LTE B1 (2100) B2 (1900 PCS) B3 (1800 +) B4 (1700\/2100 AWS 1) B5 (850) B7 (2600) B8 (900) B20 (800 DD) B28 (700) APT) B38 (TD 2600) B40 (TD 2300) Dual-SIM (Nano-SIM, Dual-Standby)&gt; (\u00dcberpr\u00fcfen Sie vor dem Kauf die Kompatibilit\u00e4t mit Ihrem Mobilfunkanbieter).<br \/>\n6,3 Zoll 1080 x 2340 Pixel, 19,5: 9-Verh\u00e4ltnis (~ 409 ppi Dichte) &#8211; Fingerabdruck (auf der R\u00fcckseite montiert).<br \/>\n64 GB + 4 GB RAM &#8211; microSD, bis zu 256 GB &#8211; Qualcomm SDM665 Snapdragon Octa-Core &#8211; Nicht entfernbarer Li-Po 4000 mAh-Akku.<br \/>\nR\u00fcckfahrkamera (Hauptkamera): Quad 48MP (breit) + 8MP (ultraweit) + 2MP (dedizierte Makrokamera) + 2MP &#8211; Frontkamera: 13 MP, 1: 2,0 &#8211; Video: 2160p @ 30fps, 1080p @ 30\/60 \/ 120fps, 720p @ 960fps.<br \/>\nEntsperrte Mobiltelefone sind mit den meisten GSM-Betreibern (wie T-Mobile oder AT &amp; T) kompatibel. Beachten Sie jedoch, dass sie nicht mit CDMA-Betreibern (wie z. B. Sprint oder Verizon Wireless) kompatibel sind. &#8211; FCC-ID: 2AFZZC3JG.<\/p>\n","protected":false},"featured_media":184,"comment_status":"open","ping_status":"closed","template":"","meta":[],"product_cat":[34],"product_tag":[],"jetpack_sharing_enabled":true,"_links":{"self":[{"href":"https:\/\/www.loco-wireless.com\/de\/wp-json\/wp\/v2\/product\/183"}],"collection":[{"href":"https:\/\/www.loco-wireless.com\/de\/wp-json\/wp\/v2\/product"}],"about":[{"href":"https:\/\/www.loco-wireless.com\/de\/wp-json\/wp\/v2\/types\/product"}],"replies":[{"embeddable":true,"href":"https:\/\/www.loco-wireless.com\/de\/wp-json\/wp\/v2\/comments?post=183"}],"wp:featuredmedia":[{"embeddable":true,"href":"https:\/\/www.loco-wireless.com\/de\/wp-json\/wp\/v2\/media\/184"}],"wp:attachment":[{"href":"https:\/\/www.loco-wireless.com\/de\/wp-json\/wp\/v2\/media?parent=183"}],"wp:term":[{"taxonomy":"product_cat","embeddable":true,"href":"https:\/\/www.loco-wireless.com\/de\/wp-json\/wp\/v2\/product_cat?post=183"},{"taxonomy":"product_tag","embeddable":true,"href":"https:\/\/www.loco-wireless.com\/de\/wp-json\/wp\/v2\/product_tag?post=183"}],"curies":[{"name":"wp","href":"https:\/\/api.w.org\/{rel}","templated":true}]}}