{"id":185,"date":"2020-10-07T11:25:56","date_gmt":"2020-10-07T11:25:56","guid":{"rendered":"https:\/\/www.locowirelesse.com\/product\/xiaomi-redmi-note-8-pro-128gb-6gb-ram-6-53-lte-gsm-64mp-factory-unlocked-smartphone-global-model-forest-green-green-128"},"modified":"2024-07-07T01:57:28","modified_gmt":"2024-07-07T01:57:28","slug":"xiaomi-redmi-note-8-pro-128gb-6gb-ram-6-53-lte-gsm-64mp-factory-unlocked-smartphone-global-model-forest-green-green-128","status":"publish","type":"product","link":"https:\/\/www.loco-wireless.com\/de\/produkt\/xiaomi-redmi-note-8-pro-128gb-6gb-ram-6-53-lte-gsm-64mp-factory-unlocked-smartphone-global-model-forest-green-green-128","title":{"rendered":"Xiaomi Redmi Note 8 Pro Smartphone, 6 GB RAM, 128 GB ROM, Vollbild mit 6,53 Zoll, Prozessor MTK Helio G90T Octa-Core, Frontkamera mit 20 Megapixeln, 4x Kamera auf der R\u00fcckseite (64 Megapixel)"},"content":{"rendered":"<ul class=\"a-unordered-list a-vertical a-spacing-mini\">\n<li><span class=\"a-list-item\">Smartphone Xiaomi Redmi Note 8 Pro. Full-HD-\/Drop-Dot-Display mit 16,6\u00a0cm (6,53\u00a0Zoll). Display-Oberfl\u00e4chen-Verh\u00e4ltnis von 91,4\u00a0%. Rundum abgerundete 3D-R\u00fcckseite. Ergonomisches Design. Liegt komfortabel in der Hand.<\/span><\/li>\n<li><span class=\"a-list-item\">20-MP-Selfie-Kamera. KI-Portr\u00e4tmodus mit Hintergrundunsch\u00e4rfenanpassung. Die Kamera erm\u00f6glicht jederzeit ein optimales Selfie. 4-fach-Kamera auf der R\u00fcckseite: Hauptkamera mit ultrahoher Aufl\u00f6sung von 64\u00a0MP, Weitwinkelobjektiv (8\u00a0MP, 120\u00a0\u00b0), Makroobjektiv (2\u00a0MP, 2\u00a0cm), Tiefensensor (2\u00a0MP).<\/span><\/li>\n<li><span class=\"a-list-item\">Akku mit 4.500\u00a0mAh und Schnellladung: Leistungsstarker Akku mit 4.500\u00a0mAh, unterst\u00fctzt 18-W-Schnellladen per Kabel. Bis zu 9\u00a0Stunden Spielzeit, 2\u00a0Stunden Ladezeit bis zur vollst\u00e4ndigen Aufladung.<\/span><\/li>\n<li><span class=\"a-list-item\">Gaming-Prozessor Helio G90T mit LiquidCool-Technologie: 2\u00a0gro\u00dfe A76-Kerne mit 2,05\u00a0GHz, 6\u00a0kleine A55-Kerne mit 2,0\u00a0GHz; 4\u00a0\u00b0C\u00a0&#8211;\u00a0 6\u00a0\u00b0C k\u00fchler, sorgt f\u00fcr reibungsloses Spielen.<\/span><\/li>\n<li><span class=\"a-list-item\">Dual-SIM-Karte: Es besteht jederzeit die M\u00f6glichkeit zwischen den SIM-Karten zu wechseln, dies bietet mehr Flexibilit\u00e4t. Beide Karten k\u00f6nnen gleichzeitig auf 4G-Verbindungen zugreifen; dies ist m\u00f6glicherweise nicht in allen Regionen verf\u00fcgbar, nur bestimmte Regionen und Telekommunikationsbetreiber unterst\u00fctzen VoLTE.<\/span><\/li>\n<\/ul>\n","protected":false},"excerpt":{"rendered":"<ul class=\"a-unordered-list a-vertical a-spacing-mini\">\n<li><span class=\"a-list-item\">Smartphone Xiaomi Redmi Note 8 Pro. Full-HD-\/Drop-Dot-Display mit 16,6\u00a0cm (6,53\u00a0Zoll). Display-Oberfl\u00e4chen-Verh\u00e4ltnis von 91,4\u00a0%. Rundum abgerundete 3D-R\u00fcckseite. Ergonomisches Design. Liegt komfortabel in der Hand.<\/span><\/li>\n<li><span class=\"a-list-item\">20-MP-Selfie-Kamera. KI-Portr\u00e4tmodus mit Hintergrundunsch\u00e4rfenanpassung. Die Kamera erm\u00f6glicht jederzeit ein optimales Selfie. 4-fach-Kamera auf der R\u00fcckseite: Hauptkamera mit ultrahoher Aufl\u00f6sung von 64\u00a0MP, Weitwinkelobjektiv (8\u00a0MP, 120\u00a0\u00b0), Makroobjektiv (2\u00a0MP, 2\u00a0cm), Tiefensensor (2\u00a0MP).<\/span><\/li>\n<li><span class=\"a-list-item\">Akku mit 4.500\u00a0mAh und Schnellladung: Leistungsstarker Akku mit 4.500\u00a0mAh, unterst\u00fctzt 18-W-Schnellladen per Kabel. Bis zu 9\u00a0Stunden Spielzeit, 2\u00a0Stunden Ladezeit bis zur vollst\u00e4ndigen Aufladung.<\/span><\/li>\n<li><span class=\"a-list-item\">Gaming-Prozessor Helio G90T mit LiquidCool-Technologie: 2\u00a0gro\u00dfe A76-Kerne mit 2,05\u00a0GHz, 6\u00a0kleine A55-Kerne mit 2,0\u00a0GHz; 4\u00a0\u00b0C\u00a0&#8211;\u00a0 6\u00a0\u00b0C k\u00fchler, sorgt f\u00fcr reibungsloses Spielen.<\/span><\/li>\n<li><span class=\"a-list-item\">Dual-SIM-Karte: Es besteht jederzeit die M\u00f6glichkeit zwischen den SIM-Karten zu wechseln, dies bietet mehr Flexibilit\u00e4t. Beide Karten k\u00f6nnen gleichzeitig auf 4G-Verbindungen zugreifen; dies ist m\u00f6glicherweise nicht in allen Regionen verf\u00fcgbar, nur bestimmte Regionen und Telekommunikationsbetreiber unterst\u00fctzen VoLTE.<\/span><\/li>\n<\/ul>\n","protected":false},"featured_media":186,"comment_status":"open","ping_status":"closed","template":"","meta":[],"product_cat":[34],"product_tag":[],"jetpack_sharing_enabled":true,"_links":{"self":[{"href":"https:\/\/www.loco-wireless.com\/de\/wp-json\/wp\/v2\/product\/185"}],"collection":[{"href":"https:\/\/www.loco-wireless.com\/de\/wp-json\/wp\/v2\/product"}],"about":[{"href":"https:\/\/www.loco-wireless.com\/de\/wp-json\/wp\/v2\/types\/product"}],"replies":[{"embeddable":true,"href":"https:\/\/www.loco-wireless.com\/de\/wp-json\/wp\/v2\/comments?post=185"}],"wp:featuredmedia":[{"embeddable":true,"href":"https:\/\/www.loco-wireless.com\/de\/wp-json\/wp\/v2\/media\/186"}],"wp:attachment":[{"href":"https:\/\/www.loco-wireless.com\/de\/wp-json\/wp\/v2\/media?parent=185"}],"wp:term":[{"taxonomy":"product_cat","embeddable":true,"href":"https:\/\/www.loco-wireless.com\/de\/wp-json\/wp\/v2\/product_cat?post=185"},{"taxonomy":"product_tag","embeddable":true,"href":"https:\/\/www.loco-wireless.com\/de\/wp-json\/wp\/v2\/product_tag?post=185"}],"curies":[{"name":"wp","href":"https:\/\/api.w.org\/{rel}","templated":true}]}}