{"id":189,"date":"2020-09-28T06:09:30","date_gmt":"2020-09-28T06:09:30","guid":{"rendered":"https:\/\/www.locowirelesse.com\/product\/samsung-galaxy-a10s-a107m-32gb-unlocked-gsm-duos-phone-w-dual-13mp-2mp-camera-international-variant-us-compatible-lte-black"},"modified":"2024-07-07T01:57:28","modified_gmt":"2024-07-07T01:57:28","slug":"samsung-galaxy-a10s-a107m-32gb-unlocked-gsm-duos-phone-w-dual-13mp-2mp-camera-international-variant-us-compatible-lte-black","status":"publish","type":"product","link":"https:\/\/www.loco-wireless.com\/de\/produkt\/samsung-galaxy-a10s-a107m-32gb-unlocked-gsm-duos-phone-w-dual-13mp-2mp-camera-international-variant-us-compatible-lte-black","title":{"rendered":"Samsung Galaxy A10S A107M 32 GB entsperrtes GSM-DUOS-Telefon mit \/ Dual 13MP- und 2MP-Kamera (Internationale Variante \/ US-kompatibles LTE) &#8211; Schwarz"},"content":{"rendered":"<div class=\"disclaim\">\n<p>Farbe: Schwarz | Gr\u00f6\u00dfe: 32 GB<\/p>\n<p>Samsung Galaxy A10S mit 6,2-Zoll-HD + -Implive-Bildschirm und Infinity-V-Display, mit dem Sie bequem zuschauen und Ihr Spiel verbessern k\u00f6nnen. Klicken Sie auf unglaubliche Bilder und schie\u00dfen Sie fantastische Videos mit einer 13MP + 2MP (Tiefe) Dual-Kamera-Konfiguration. Eine Kapazit\u00e4t von 4000 mAh, die immer weiter geht, damit Sie mehr tun k\u00f6nnen. Entsperren Sie Ihr Ger\u00e4t mit nur einer Ber\u00fchrung oder indem Sie es an Ihr Gesicht halten. Super einfach, super sicher. Seien Sie mit dem leistungsstarken 3 GB RAM einen Schritt voraus, der Ihnen ein superschnelles Erlebnis bietet. Mit einem Premium-Hochglanz-Finish ist der neue A10 in 3 faszinierenden Farben erh\u00e4ltlich und wird mit Sicherheit einige Blicke auf sich ziehen.<\/p>\n<\/div>\n","protected":false},"excerpt":{"rendered":"<p>Farbe: Schwarz | Gr\u00f6\u00dfe: 32 GB<\/p>\n<p>Samsung Galaxy A10S mit 6,2-Zoll-HD + -Implive-Bildschirm und Infinity-V-Display, mit dem Sie bequem zuschauen und Ihr Spiel verbessern k\u00f6nnen. Klicken Sie auf unglaubliche Bilder und schie\u00dfen Sie fantastische Videos mit einer 13MP + 2MP (Tiefe) Dual-Kamera-Konfiguration. Eine Kapazit\u00e4t von 4000 mAh, die immer weiter geht, damit Sie mehr tun k\u00f6nnen. Entsperren Sie Ihr Ger\u00e4t mit nur einer Ber\u00fchrung oder indem Sie es an Ihr Gesicht halten. Super einfach, super sicher. Seien Sie mit dem leistungsstarken 3 GB RAM einen Schritt voraus, der Ihnen ein superschnelles Erlebnis bietet. Mit einem Premium-Hochglanz-Finish ist der neue A10 in 3 faszinierenden Farben erh\u00e4ltlich und wird mit Sicherheit einige Blicke auf sich ziehen.<\/p>\n","protected":false},"featured_media":190,"comment_status":"open","ping_status":"closed","template":"","meta":[],"product_cat":[34],"product_tag":[],"jetpack_sharing_enabled":true,"_links":{"self":[{"href":"https:\/\/www.loco-wireless.com\/de\/wp-json\/wp\/v2\/product\/189"}],"collection":[{"href":"https:\/\/www.loco-wireless.com\/de\/wp-json\/wp\/v2\/product"}],"about":[{"href":"https:\/\/www.loco-wireless.com\/de\/wp-json\/wp\/v2\/types\/product"}],"replies":[{"embeddable":true,"href":"https:\/\/www.loco-wireless.com\/de\/wp-json\/wp\/v2\/comments?post=189"}],"wp:featuredmedia":[{"embeddable":true,"href":"https:\/\/www.loco-wireless.com\/de\/wp-json\/wp\/v2\/media\/190"}],"wp:attachment":[{"href":"https:\/\/www.loco-wireless.com\/de\/wp-json\/wp\/v2\/media?parent=189"}],"wp:term":[{"taxonomy":"product_cat","embeddable":true,"href":"https:\/\/www.loco-wireless.com\/de\/wp-json\/wp\/v2\/product_cat?post=189"},{"taxonomy":"product_tag","embeddable":true,"href":"https:\/\/www.loco-wireless.com\/de\/wp-json\/wp\/v2\/product_tag?post=189"}],"curies":[{"name":"wp","href":"https:\/\/api.w.org\/{rel}","templated":true}]}}