{"id":191,"date":"2020-09-28T06:00:17","date_gmt":"2020-09-28T06:00:17","guid":{"rendered":"https:\/\/www.locowirelesse.com\/product\/samsung-galaxy-a20s-a207m-ds-32gb-3gb-ram-dual-sim-6-5hd-snapdragon-450-factory-unlocked-international-version-red"},"modified":"2024-07-07T01:57:28","modified_gmt":"2024-07-07T01:57:28","slug":"samsung-galaxy-a20s-a207m-ds-32gb-3gb-ram-dual-sim-6-5hd-snapdragon-450-factory-unlocked-international-version-red","status":"publish","type":"product","link":"https:\/\/www.loco-wireless.com\/de\/produkt\/samsung-galaxy-a20s-a207m-ds-32gb-3gb-ram-dual-sim-6-5hd-snapdragon-450-factory-unlocked-international-version-red","title":{"rendered":"Samsung Galaxy A20s A207M \/ DS, 32 GB \/ 3 GB RAM Dual-SIM-Karte 6,5 &#8220; HD + Snapdragon 450, werkseitig entsperrt (internationale Version) &#8211; (rot)"},"content":{"rendered":"<div id=\"dpx-product-description_feature_div\">\n<div id=\"descriptionAndDetails\" class=\"a-section a-spacing-extra-large\">\n<div id=\"productDescription_feature_div\" class=\"celwidget\" data-feature-name=\"productDescription\" data-csa-c-id=\"lo4si8-ojcb5j-j5lokm-15gedp\" data-cel-widget=\"productDescription_feature_div\">\n<div id=\"productDescription_feature_div\" class=\"a-row feature\" data-feature-name=\"productDescription\" data-template-name=\"productDescription\" data-cel-widget=\"productDescription_feature_div\">\n<div id=\"productDescription\" class=\"a-section a-spacing-small\">\n<p>Galaxy A20s, ein gro\u00dfes Display f\u00fcr gro\u00dfen Spa\u00dfWenn Sie durch neue Welten, Vlogs und Spiele reisen, sorgt der gr\u00f6\u00dfere Bildschirm des Galaxy A20s f\u00fcr eine bessere Sicht. Das 6,5-Zoll-Infinity-V-Display erstreckt sich von Rand zu Rand und bringt Ihre Alltagserlebnisse von gut bis erstaunlich. Ein gl\u00e4nzender R\u00fccken, der angenehm zu halten ist Ein Telefon mit einem gl\u00e4nzenden R\u00fccken und glatten Kurven liegt genau richtig in Ihrer Hand und sorgt f\u00fcr einen bequemen Griff, den Sie sofort sp\u00fcren werden. Dreifachkamera, damit jede Aufnahme auff\u00e4llt Mit der Dreifachkamera f\u00fchlen sich Ihre Momente mit der 13MP-, 5MP-Tiefenkamera und der 8MP Ultra Wide-Kamera besonders an. Die Tiefenkamera beleuchtet Ihr Motiv, w\u00e4hrend die Ultra Wide Camera in Erinnerungen mit einem Wert von 120 Grad passt. Ultra-Weitwinkelkamera f\u00fcr eine gr\u00f6\u00dfere Perspektive Mit dem 77-Grad-Weitwinkel und dem 120-Grad-Ultra-Weitwinkel k\u00f6nnen Sie erfassen, was Sie sehen, sodass Sie den Moment, in dem Sie stehen, nicht verpassen. Eine Kamera, die Ihre Motive hervorhebt Mit der 5-Megapixel-Tiefenkamera k\u00f6nnen Sie die Sch\u00e4rfentiefe vor und nach dem Aufnehmen einstellen. Eine Kamera, die Sie in die Spotlight8MP-Frontkamera versetzt, l\u00e4sst Ihre Selfies atemberaubender aussehen, und mit Live-Fokus erhalten Sie eine sanfte Hintergrundunsch\u00e4rfe, die Ihre Pers\u00f6nlichkeit zum Star des Bildes macht. Die Leistung, um schneller und reibungsloser zu laufen Ein leistungsstarker Octa-Core-Prozessor und 3 GB RAM verarbeiten Ihre grafikintensiven Spiele und Live-Streams mit hoher Geschwindigkeit. Mit 32 GB internem Speicher und bis zu 512 GB externem Speicher. Der 4.000-mAh-Akku des Galaxy A20 und die 15-W-Schnellladetechnologie sorgen daf\u00fcr, dass Sie mit Strom versorgt werden. Bequeme mobile Sicherheit, Fingerabdrucksensor, Gesichtserkennung<\/p>\n<\/div>\n<\/div>\n<\/div>\n<\/div>\n<\/div>\n<div id=\"dpx-btf-renewed-program-description_feature_div\">\n<div id=\"renewedProgramDescriptionBtf_feature_div\" class=\"celwidget\" data-feature-name=\"renewedProgramDescriptionBtf\" data-csa-c-id=\"tqjzbs-wyh07d-glw4hf-cm1sjm\" data-cel-widget=\"renewedProgramDescriptionBtf_feature_div\">\u00a0<\/div>\n<\/div>\n","protected":false},"excerpt":{"rendered":"<p>Galaxy A20s, ein gro\u00dfes Display f\u00fcr gro\u00dfen Spa\u00dfWenn Sie durch neue Welten, Vlogs und Spiele reisen, sorgt der gr\u00f6\u00dfere Bildschirm des Galaxy A20s f\u00fcr eine bessere Sicht. Das 6,5-Zoll-Infinity-V-Display erstreckt sich von Rand zu Rand und bringt Ihre Alltagserlebnisse von gut bis erstaunlich. Ein gl\u00e4nzender R\u00fccken, der angenehm zu halten ist Ein Telefon mit einem gl\u00e4nzenden R\u00fccken und glatten Kurven liegt genau richtig in Ihrer Hand und sorgt f\u00fcr einen bequemen Griff, den Sie sofort sp\u00fcren werden. Dreifachkamera, damit jede Aufnahme auff\u00e4llt Mit der Dreifachkamera f\u00fchlen sich Ihre Momente mit der 13MP-, 5MP-Tiefenkamera und der 8MP Ultra Wide-Kamera besonders an. Die Tiefenkamera beleuchtet Ihr Motiv, w\u00e4hrend die Ultra Wide Camera in Erinnerungen mit einem Wert von 120 Grad passt. Ultra-Weitwinkelkamera f\u00fcr eine gr\u00f6\u00dfere Perspektive Mit dem 77-Grad-Weitwinkel und dem 120-Grad-Ultra-Weitwinkel k\u00f6nnen Sie erfassen, was Sie sehen, sodass Sie den Moment, in dem Sie stehen, nicht verpassen. Eine Kamera, die Ihre Motive hervorhebt Mit der 5-Megapixel-Tiefenkamera k\u00f6nnen Sie die Sch\u00e4rfentiefe vor und nach dem Aufnehmen einstellen. Eine Kamera, die Sie in die Spotlight8MP-Frontkamera versetzt, l\u00e4sst Ihre Selfies atemberaubender aussehen, und mit Live-Fokus erhalten Sie eine sanfte Hintergrundunsch\u00e4rfe, die Ihre Pers\u00f6nlichkeit zum Star des Bildes macht. Die Leistung, um schneller und reibungsloser zu laufen Ein leistungsstarker Octa-Core-Prozessor und 3 GB RAM verarbeiten Ihre grafikintensiven Spiele und Live-Streams mit hoher Geschwindigkeit. Mit 32 GB internem Speicher und bis zu 512 GB externem Speicher. Der 4.000-mAh-Akku des Galaxy A20 und die 15-W-Schnellladetechnologie sorgen daf\u00fcr, dass Sie mit Strom versorgt werden. Bequeme mobile Sicherheit, Fingerabdrucksensor, Gesichtserkennung<\/p>\n","protected":false},"featured_media":192,"comment_status":"open","ping_status":"closed","template":"","meta":[],"product_cat":[34],"product_tag":[],"jetpack_sharing_enabled":true,"_links":{"self":[{"href":"https:\/\/www.loco-wireless.com\/de\/wp-json\/wp\/v2\/product\/191"}],"collection":[{"href":"https:\/\/www.loco-wireless.com\/de\/wp-json\/wp\/v2\/product"}],"about":[{"href":"https:\/\/www.loco-wireless.com\/de\/wp-json\/wp\/v2\/types\/product"}],"replies":[{"embeddable":true,"href":"https:\/\/www.loco-wireless.com\/de\/wp-json\/wp\/v2\/comments?post=191"}],"wp:featuredmedia":[{"embeddable":true,"href":"https:\/\/www.loco-wireless.com\/de\/wp-json\/wp\/v2\/media\/192"}],"wp:attachment":[{"href":"https:\/\/www.loco-wireless.com\/de\/wp-json\/wp\/v2\/media?parent=191"}],"wp:term":[{"taxonomy":"product_cat","embeddable":true,"href":"https:\/\/www.loco-wireless.com\/de\/wp-json\/wp\/v2\/product_cat?post=191"},{"taxonomy":"product_tag","embeddable":true,"href":"https:\/\/www.loco-wireless.com\/de\/wp-json\/wp\/v2\/product_tag?post=191"}],"curies":[{"name":"wp","href":"https:\/\/api.w.org\/{rel}","templated":true}]}}