{"id":193,"date":"2020-09-28T05:59:04","date_gmt":"2020-09-28T05:59:04","guid":{"rendered":"https:\/\/www.locowirelesse.com\/product\/moto-e-unlocked-made-for-us-by-motorola-2-32gb-13mp-camera-2020-blue-xt2052-1-2-32-gb-moto-e-13mp-camera-blue-us"},"modified":"2024-07-07T01:57:28","modified_gmt":"2024-07-07T01:57:28","slug":"moto-e-unlocked-made-for-us-by-motorola-2-32gb-13mp-camera-2020-blue-xt2052-1-2-32-gb-moto-e-13mp-camera-blue-us","status":"publish","type":"product","link":"https:\/\/www.loco-wireless.com\/de\/produkt\/moto-e-unlocked-made-for-us-by-motorola-2-32gb-13mp-camera-2020-blue-xt2052-1-2-32-gb-moto-e-13mp-camera-blue-us","title":{"rendered":"Moto E | Entsperrt | Hergestellt f\u00fcr die USA von Motorola | 2\/32 GB | 13MP Kamera | 2020 | Blau, XT2052-1, 2\/32 GB | Moto E | 13MP Kamera | Blau | UNS"},"content":{"rendered":"<div class=\"disclaim\">\n<p>Farbe: 2\/32 GB | Moto E | 13MP Kamera | Blau | US | Stil: Moto E.<\/p>\n<p>moto e bietet Ihnen ein schnell fokussierendes 13-MP-Doppelkamerasystem, mit dem Sie Portr\u00e4ts ganz einfach mit sch\u00f6nen Bokeh-Effekten versehen k\u00f6nnen. Au\u00dferdem erhalten Sie einen langlebigen Akku, sodass Sie mit einer einzigen Ladung 42 Stunden lang arbeiten k\u00f6nnen. Genie\u00dfen Sie ein extrem breites 6,2-Zoll-Max-Vision-Display, eine Octa-Core-Prozessorgeschwindigkeit und die einfache Entsperrung nur mit Ihrem Fingerabdruck. Moto e. Mehr Kamera. Mehr Leistung. Mehr Spa\u00df.<\/p>\n<\/div>\n","protected":false},"excerpt":{"rendered":"<p>Farbe: 2\/32 GB | Moto E | 13MP Kamera | Blau | US | Stil: Moto E.<\/p>\n<p>moto e bietet Ihnen ein schnell fokussierendes 13-MP-Doppelkamerasystem, mit dem Sie Portr\u00e4ts ganz einfach mit sch\u00f6nen Bokeh-Effekten versehen k\u00f6nnen. Au\u00dferdem erhalten Sie einen langlebigen Akku, sodass Sie mit einer einzigen Ladung 42 Stunden lang arbeiten k\u00f6nnen. Genie\u00dfen Sie ein extrem breites 6,2-Zoll-Max-Vision-Display, eine Octa-Core-Prozessorgeschwindigkeit und die einfache Entsperrung nur mit Ihrem Fingerabdruck. Moto e. Mehr Kamera. Mehr Leistung. Mehr Spa\u00df.<\/p>\n","protected":false},"featured_media":194,"comment_status":"open","ping_status":"closed","template":"","meta":[],"product_cat":[34],"product_tag":[],"jetpack_sharing_enabled":true,"_links":{"self":[{"href":"https:\/\/www.loco-wireless.com\/de\/wp-json\/wp\/v2\/product\/193"}],"collection":[{"href":"https:\/\/www.loco-wireless.com\/de\/wp-json\/wp\/v2\/product"}],"about":[{"href":"https:\/\/www.loco-wireless.com\/de\/wp-json\/wp\/v2\/types\/product"}],"replies":[{"embeddable":true,"href":"https:\/\/www.loco-wireless.com\/de\/wp-json\/wp\/v2\/comments?post=193"}],"wp:featuredmedia":[{"embeddable":true,"href":"https:\/\/www.loco-wireless.com\/de\/wp-json\/wp\/v2\/media\/194"}],"wp:attachment":[{"href":"https:\/\/www.loco-wireless.com\/de\/wp-json\/wp\/v2\/media?parent=193"}],"wp:term":[{"taxonomy":"product_cat","embeddable":true,"href":"https:\/\/www.loco-wireless.com\/de\/wp-json\/wp\/v2\/product_cat?post=193"},{"taxonomy":"product_tag","embeddable":true,"href":"https:\/\/www.loco-wireless.com\/de\/wp-json\/wp\/v2\/product_tag?post=193"}],"curies":[{"name":"wp","href":"https:\/\/api.w.org\/{rel}","templated":true}]}}