{"id":195,"date":"2020-09-28T05:51:46","date_gmt":"2020-09-28T05:51:46","guid":{"rendered":"https:\/\/www.locowirelesse.com\/product\/samsung-galaxy-s20-fe-5g-factory-unlocked-android-cell-phone-128-gb-us-version-smartphone-pro-grade-camera-30x-space-zoom-night-mode-cloud-navy"},"modified":"2024-07-07T01:57:28","modified_gmt":"2024-07-07T01:57:28","slug":"samsung-galaxy-s20-fe-5g-factory-unlocked-android-cell-phone-128-gb-us-version-smartphone-pro-grade-camera-30x-space-zoom-night-mode-cloud-navy","status":"publish","type":"product","link":"https:\/\/www.loco-wireless.com\/de\/produkt\/samsung-galaxy-s20-fe-5g-factory-unlocked-android-cell-phone-128-gb-us-version-smartphone-pro-grade-camera-30x-space-zoom-night-mode-cloud-navy","title":{"rendered":"Samsung Galaxy S20 FE 5G | Werkseitig entsperrtes Android-Handy | 128 GB | US-Version Smartphone | Pro-Grade-Kamera, 30-facher Raumzoom, Nachtmodus | Wolkenmarine"},"content":{"rendered":"<div id=\"dpx-product-description_feature_div\">\n<div id=\"descriptionAndDetails\" class=\"a-section a-spacing-extra-large\">\n<div id=\"productDescription_feature_div\" class=\"celwidget\" data-feature-name=\"productDescription\" data-csa-c-id=\"c10sci-ytg0f2-t8uqz-7cvynr\" data-cel-widget=\"productDescription_feature_div\">\n<div id=\"productDescription_feature_div\" class=\"a-row feature\" data-feature-name=\"productDescription\" data-template-name=\"productDescription\" data-cel-widget=\"productDescription_feature_div\">\n<div id=\"productDescription\" class=\"a-section a-spacing-small\">\n<p>Wir bekommen dich. Das Herausragende in der Menge, das mit unerbittlicher Leidenschaft. Derjenige, der sich selbst treu bleibt und mit denen um dich herum verbunden ist. Sie verdienen ein Mobiltelefon, das branchenf\u00fchrende Technologie liefert und es Ihnen erm\u00f6glicht, sich auf eine von Ihnen gew\u00e4hlte Weise auszudr\u00fccken. Das werkseitig entsperrte Android-Smartphone Galaxy S20 FE 5G bietet kompromisslose Innovationen mit kr\u00e4ftigen Farboptionen, einer hochwertigen Kamera, einem 120-Hz-Display und einem ganzt\u00e4gigen intelligenten Akku, der sich innerhalb von Minuten aufl\u00e4dt. Das ist unerwartet. Nehmen Sie mit der Dreifachobjektivkamera und dem 3-fachen optischen Zoom bahnbrechende Bilder und Videos auf. Zoomen Sie aus der Ferne n\u00e4her heran und nehmen Sie Bilder mit dem 30-fachen Raumzoom auf. Nehmen Sie im Nachtmodus gestochen scharfe Bilder und Videos ohne Blitz auf. Nehmen Sie Videos und mehrere Arten von Bildern mit einem Tastendruck auf. Laden Sie das Galaxy S20 FE 5G blitzschnell herunter, durchsuchen Sie es und genie\u00dfen Sie es.<\/p>\n<\/div>\n<\/div>\n<\/div>\n<\/div>\n<\/div>\n<div id=\"dpx-btf-renewed-program-description_feature_div\">\n<div id=\"renewedProgramDescriptionBtf_feature_div\" class=\"celwidget\" data-feature-name=\"renewedProgramDescriptionBtf\" data-csa-c-id=\"ydi7e1-kebioy-vno1vm-dstrfa\" data-cel-widget=\"renewedProgramDescriptionBtf_feature_div\">\u00a0<\/div>\n<\/div>\n","protected":false},"excerpt":{"rendered":"<p>Wir bekommen dich. Das Herausragende in der Menge, das mit unerbittlicher Leidenschaft. Derjenige, der sich selbst treu bleibt und mit denen um dich herum verbunden ist. Sie verdienen ein Mobiltelefon, das branchenf\u00fchrende Technologie liefert und es Ihnen erm\u00f6glicht, sich auf eine von Ihnen gew\u00e4hlte Weise auszudr\u00fccken. Das werkseitig entsperrte Android-Smartphone Galaxy S20 FE 5G bietet kompromisslose Innovationen mit kr\u00e4ftigen Farboptionen, einer hochwertigen Kamera, einem 120-Hz-Display und einem ganzt\u00e4gigen intelligenten Akku, der sich innerhalb von Minuten aufl\u00e4dt. Das ist unerwartet. Nehmen Sie mit der Dreifachobjektivkamera und dem 3-fachen optischen Zoom bahnbrechende Bilder und Videos auf. Zoomen Sie aus der Ferne n\u00e4her heran und nehmen Sie Bilder mit dem 30-fachen Raumzoom auf. Nehmen Sie im Nachtmodus gestochen scharfe Bilder und Videos ohne Blitz auf. Nehmen Sie Videos und mehrere Arten von Bildern mit einem Tastendruck auf. Laden Sie das Galaxy S20 FE 5G blitzschnell herunter, durchsuchen Sie es und genie\u00dfen Sie es.<\/p>\n","protected":false},"featured_media":196,"comment_status":"open","ping_status":"closed","template":"","meta":[],"product_cat":[34],"product_tag":[],"jetpack_sharing_enabled":true,"_links":{"self":[{"href":"https:\/\/www.loco-wireless.com\/de\/wp-json\/wp\/v2\/product\/195"}],"collection":[{"href":"https:\/\/www.loco-wireless.com\/de\/wp-json\/wp\/v2\/product"}],"about":[{"href":"https:\/\/www.loco-wireless.com\/de\/wp-json\/wp\/v2\/types\/product"}],"replies":[{"embeddable":true,"href":"https:\/\/www.loco-wireless.com\/de\/wp-json\/wp\/v2\/comments?post=195"}],"wp:featuredmedia":[{"embeddable":true,"href":"https:\/\/www.loco-wireless.com\/de\/wp-json\/wp\/v2\/media\/196"}],"wp:attachment":[{"href":"https:\/\/www.loco-wireless.com\/de\/wp-json\/wp\/v2\/media?parent=195"}],"wp:term":[{"taxonomy":"product_cat","embeddable":true,"href":"https:\/\/www.loco-wireless.com\/de\/wp-json\/wp\/v2\/product_cat?post=195"},{"taxonomy":"product_tag","embeddable":true,"href":"https:\/\/www.loco-wireless.com\/de\/wp-json\/wp\/v2\/product_tag?post=195"}],"curies":[{"name":"wp","href":"https:\/\/api.w.org\/{rel}","templated":true}]}}