{"id":31407,"date":"2023-10-08T13:10:44","date_gmt":"2023-10-08T13:10:44","guid":{"rendered":"https:\/\/www.loco-wireless.com\/product\/orignal-customized-controller-with-2-remappable-paddles-for-playstation-5-ps5-programmable-back-buttons-with-fast-turbo-auto-fire-3-setup-saving-slots-onboard-switch-white"},"modified":"2023-10-22T07:50:53","modified_gmt":"2023-10-22T07:50:53","slug":"orignal-customized-controller-with-2-remappable-paddles-for-playstation-5-ps5-programmable-back-buttons-with-fast-turbo-auto-fire-3-setup-saving-slots-onboard-switch-white","status":"publish","type":"product","link":"https:\/\/www.loco-wireless.com\/de\/produkt\/orignal-customized-controller-with-2-remappable-paddles-for-playstation-5-ps5-programmable-back-buttons-with-fast-turbo-auto-fire-3-setup-saving-slots-onboard-switch-white","title":{"rendered":"Originaler individuell angefertigter Controller mit 2 umkonfigurierbaren Paddeln f\u00fcr PlayStation 5 (PS5), programmierbaren R\u00fcckentasten mit schneller Turbo-Auto-Fire-Funktion, 3 internen Speicherslots f\u00fcr Einstellungen &#8211; Wei\u00df"},"content":{"rendered":"<p>[ Individualisierte taktische Controller f\u00fcr die PS5 ] Entwickelt f\u00fcr bessere Gaming-Performance, leichtere und reaktionsschnellere Aktionen an Ihren Fingerspitzen; Aufr\u00fcsten mit dem offiziellen DS-Controller[ Zwei umkonfigurierbare R\u00fcckenpaddel ] K\u00f6nnen auf 14 verschiedene Tasten, \u00d7 \u25a1 \u25cb\u25b3, Oben, Unten, Links, Rechts, L1, L2, R1, R2, L3, R3, zugeordnet werden; Aktivieren Sie das interne Remap-Programm und \u00e4ndern Sie die Einstellungen jederzeit; Mit Schnellfeuer-Turbofunktionen[ Turbo Auto-Fire-Funktion ] Schnelles Turboschie\u00dfen durch schnelles Dr\u00fccken mit 100 Sch\u00fcssen pro Sekunde; Aktivieren und deaktivieren Sie den Turbo der R\u00fcckenpaddel mit unserer internen Turbo-Taste; Wechseln Sie den Modus mit einem Klick, kein Zur\u00fccksetzen erforderlich[ Drei interne vordefinierte Slots ] Speichern Sie Ihre Tastenzuordnungseinstellungen f\u00fcr verschiedene Spiele; F\u00fcr Empfehlungen zur Tastenzuordnung f\u00fcr beliebte Spiele, schauen Sie sich bitte die ausf\u00fchrlichen Beschreibungen an[ F\u00fcnfmal schneller reaktionsf\u00e4higer Schalter ] Sp\u00fcren Sie den Klickunterschied mit dem japanischen Omron-Schalter, der in unseren Paddeln verwendet wird; Gaming-Maus-\u00e4hnliches klickendes, extrem schnelles Ansprechverhalten und R\u00fcckprall; Schnellere Reaktion als die \u00fcblichen leitf\u00e4higen Gummikn\u00f6pfe, ergonomische Form und ausgewogene Aktivierungskraft<\/p>\n","protected":false},"excerpt":{"rendered":"<p>[ Individualisierte taktische Controller f\u00fcr die PS5 ] Entwickelt f\u00fcr bessere Gaming-Performance, leichtere und reaktionsschnellere Aktionen an Ihren Fingerspitzen; Aufr\u00fcsten mit dem offiziellen DS-Controller[ Zwei umkonfigurierbare R\u00fcckenpaddel ] K\u00f6nnen auf 14 verschiedene Tasten, \u00d7 \u25a1 \u25cb\u25b3, Oben, Unten, Links, Rechts, L1, L2, R1, R2, L3, R3, zugeordnet werden; Aktivieren Sie das interne Remap-Programm und \u00e4ndern Sie die Einstellungen jederzeit; Mit Schnellfeuer-Turbofunktionen[ Turbo Auto-Fire-Funktion ] Schnelles Turboschie\u00dfen durch schnelles Dr\u00fccken mit 100 Sch\u00fcssen pro Sekunde; Aktivieren und deaktivieren Sie den Turbo der R\u00fcckenpaddel mit unserer internen Turbo-Taste; Wechseln Sie den Modus mit einem Klick, kein Zur\u00fccksetzen erforderlich[ Drei interne vordefinierte Slots ] Speichern Sie Ihre Tastenzuordnungseinstellungen f\u00fcr verschiedene Spiele; F\u00fcr Empfehlungen zur Tastenzuordnung f\u00fcr beliebte Spiele, schauen Sie sich bitte die ausf\u00fchrlichen Beschreibungen an[ F\u00fcnfmal schneller reaktionsf\u00e4higer Schalter ] Sp\u00fcren Sie den Klickunterschied mit dem japanischen Omron-Schalter, der in unseren Paddeln verwendet wird; Gaming-Maus-\u00e4hnliches klickendes, extrem schnelles Ansprechverhalten und R\u00fcckprall; Schnellere Reaktion als die \u00fcblichen leitf\u00e4higen Gummikn\u00f6pfe, ergonomische Form und ausgewogene Aktivierungskraft<\/p>\n","protected":false},"featured_media":30698,"comment_status":"open","ping_status":"closed","template":"","meta":[],"product_cat":[50,32],"product_tag":[],"jetpack_sharing_enabled":true,"_links":{"self":[{"href":"https:\/\/www.loco-wireless.com\/de\/wp-json\/wp\/v2\/product\/31407"}],"collection":[{"href":"https:\/\/www.loco-wireless.com\/de\/wp-json\/wp\/v2\/product"}],"about":[{"href":"https:\/\/www.loco-wireless.com\/de\/wp-json\/wp\/v2\/types\/product"}],"replies":[{"embeddable":true,"href":"https:\/\/www.loco-wireless.com\/de\/wp-json\/wp\/v2\/comments?post=31407"}],"wp:featuredmedia":[{"embeddable":true,"href":"https:\/\/www.loco-wireless.com\/de\/wp-json\/wp\/v2\/media\/30698"}],"wp:attachment":[{"href":"https:\/\/www.loco-wireless.com\/de\/wp-json\/wp\/v2\/media?parent=31407"}],"wp:term":[{"taxonomy":"product_cat","embeddable":true,"href":"https:\/\/www.loco-wireless.com\/de\/wp-json\/wp\/v2\/product_cat?post=31407"},{"taxonomy":"product_tag","embeddable":true,"href":"https:\/\/www.loco-wireless.com\/de\/wp-json\/wp\/v2\/product_tag?post=31407"}],"curies":[{"name":"wp","href":"https:\/\/api.w.org\/{rel}","templated":true}]}}