{"id":31880,"date":"2023-10-29T13:19:43","date_gmt":"2023-10-29T13:19:44","guid":{"rendered":"https:\/\/www.loco-wireless.com\/?post_type=product&#038;p=31880"},"modified":"2023-11-01T14:48:00","modified_gmt":"2023-11-01T14:48:00","slug":"original-custom-playstation-5-ps5-dualsense-wireless-controller-chrome-red","status":"publish","type":"product","link":"https:\/\/www.loco-wireless.com\/de\/produkt\/original-custom-playstation-5-ps5-dualsense-wireless-controller-chrome-red","title":{"rendered":"Original benutzerdefinierter PlayStation 5 PS5 DualSense Wireless Controller \u2013 Chromrot"},"content":{"rendered":"<p>Bringen Sie Ihr Gaming auf die n\u00e4chste Stufe mit einem benutzerdefinierten PlayStation 5-Controller \u2013 gebaut mit den Spezifikationen Ihrer Wahl. W\u00e4hlen Sie aus einer Vielzahl von Komponenten, um einen Controller zu erstellen, der zu Ihrem bevorzugten Spielstil passt, und genie\u00dfen Sie das optimierte Spielerlebnis!<\/p>\n<p>Bei allen angepassten PlayStation 5-Controllern handelt es sich um neue und Original-Controller.<br \/>\nEntdecken Sie ein tieferes, \u00e4u\u00dferst immersives Spielerlebnis, das die Action in Ihren H\u00e4nden zum Leben erweckt. Der DualSense\u2122 Wireless-Controller bietet immersives haptisches Feedback*, dynamische adaptive Trigger* und ein eingebautes Mikrofon, alles integriert in ein ikonisches, komfortables Design. *Verf\u00fcgbar, wenn die Funktion vom Spiel unterst\u00fctzt wird.<\/p>\n","protected":false},"excerpt":{"rendered":"<p>Bringen Sie Ihr Gaming auf die n\u00e4chste Stufe mit einem benutzerdefinierten PlayStation 5-Controller \u2013 gebaut mit den Spezifikationen Ihrer Wahl. W\u00e4hlen Sie aus einer Vielzahl von Komponenten, um einen Controller zu erstellen, der zu Ihrem bevorzugten Spielstil passt, und genie\u00dfen Sie das optimierte Spielerlebnis!<\/p>\n<p>Bei allen angepassten PlayStation 5-Controllern handelt es sich um neue und Original-Controller.<br \/>\nEntdecken Sie ein tieferes, \u00e4u\u00dferst immersives Spielerlebnis, das die Action in Ihren H\u00e4nden zum Leben erweckt. Der DualSense\u2122 Wireless-Controller bietet immersives haptisches Feedback*, dynamische adaptive Trigger* und ein eingebautes Mikrofon, alles integriert in ein ikonisches, komfortables Design. *Verf\u00fcgbar, wenn die Funktion vom Spiel unterst\u00fctzt wird.<\/p>\n","protected":false},"featured_media":31836,"comment_status":"open","ping_status":"closed","template":"","meta":[],"product_cat":[50,32],"product_tag":[],"jetpack_sharing_enabled":true,"_links":{"self":[{"href":"https:\/\/www.loco-wireless.com\/de\/wp-json\/wp\/v2\/product\/31880"}],"collection":[{"href":"https:\/\/www.loco-wireless.com\/de\/wp-json\/wp\/v2\/product"}],"about":[{"href":"https:\/\/www.loco-wireless.com\/de\/wp-json\/wp\/v2\/types\/product"}],"replies":[{"embeddable":true,"href":"https:\/\/www.loco-wireless.com\/de\/wp-json\/wp\/v2\/comments?post=31880"}],"wp:featuredmedia":[{"embeddable":true,"href":"https:\/\/www.loco-wireless.com\/de\/wp-json\/wp\/v2\/media\/31836"}],"wp:attachment":[{"href":"https:\/\/www.loco-wireless.com\/de\/wp-json\/wp\/v2\/media?parent=31880"}],"wp:term":[{"taxonomy":"product_cat","embeddable":true,"href":"https:\/\/www.loco-wireless.com\/de\/wp-json\/wp\/v2\/product_cat?post=31880"},{"taxonomy":"product_tag","embeddable":true,"href":"https:\/\/www.loco-wireless.com\/de\/wp-json\/wp\/v2\/product_tag?post=31880"}],"curies":[{"name":"wp","href":"https:\/\/api.w.org\/{rel}","templated":true}]}}