{"id":18647,"date":"2022-11-17T15:32:31","date_gmt":"2022-11-17T15:32:31","guid":{"rendered":"https:\/\/www.loco-wireless.com\/?page_id=18647"},"modified":"2022-11-17T15:32:32","modified_gmt":"2022-11-17T15:32:32","slug":"politica-de-privacidad","status":"publish","type":"page","link":"https:\/\/www.loco-wireless.com\/es\/politica-de-privacidad","title":{"rendered":"POL\u00cdTICA DE PRIVACIDAD"},"content":{"rendered":"\n<p>Qu\u00e9 datos personales recopilamos y por qu\u00e9 los recopilamos<br>Esta Pol\u00edtica de privacidad describe c\u00f3mo se recopila, usa y comparte su informaci\u00f3n personal cuando visita o realiza una compra en https:\/\/loco-wireless.com (el \u00abSitio\u00bb).<\/p>\n\n\n\n<p>Informaci\u00f3n personal que recopilamos<br>Cuando visita el Sitio, recopilamos autom\u00e1ticamente cierta informaci\u00f3n sobre su dispositivo, incluida informaci\u00f3n sobre su navegador web, direcci\u00f3n IP, zona horaria y algunas de las cookies que est\u00e1n instaladas en su dispositivo. Adem\u00e1s, a medida que navega por el Sitio, recopilamos informaci\u00f3n sobre las p\u00e1ginas web individuales o los productos que ve, qu\u00e9 sitios web o t\u00e9rminos de b\u00fasqueda lo remitieron al Sitio e informaci\u00f3n sobre c\u00f3mo interact\u00faa con el Sitio. Nos referimos a esta informaci\u00f3n recopilada autom\u00e1ticamente como \u00abInformaci\u00f3n del dispositivo\u00bb.<\/p>\n\n\n\n<p>El sitio web utiliza cookies para ayudar a realizar un seguimiento de los art\u00edculos que coloca en su carrito de compras y para informarnos si ha visitado el sitio web en el pasado. Esto permite a los visitantes de la tienda en l\u00ednea mantener carritos de compras entre visitas. Tambi\u00e9n usamos cookies como ubicaci\u00f3n para activar mensajes de carrito abandonado.<\/p>\n\n\n\n<p>Recopilamos informaci\u00f3n del dispositivo utilizando las siguientes tecnolog\u00edas:<br>\u2013 Las \u201ccookies\u201d son archivos de datos que se colocan en su dispositivo o computadora y, a menudo, incluyen un identificador \u00fanico an\u00f3nimo. Para obtener m\u00e1s informaci\u00f3n sobre las cookies y c\u00f3mo deshabilitarlas, visite http:\/\/www.allaboutcookies.org.<br>\u2013 Los \u201carchivos de registro\u201d rastrean las acciones que ocurren en el Sitio y recopilan datos, incluida su direcci\u00f3n IP, tipo de navegador, proveedor de servicios de Internet, p\u00e1ginas de referencia\/salida y sellos de fecha\/hora.<br>\u2013 Las \u201cbalizas web\u201d, las \u201cetiquetas\u201d y los \u201cp\u00edxeles\u201d son archivos electr\u00f3nicos que se utilizan para registrar informaci\u00f3n sobre c\u00f3mo navega por el Sitio.<\/p>\n\n\n\n<p>Adem\u00e1s, cuando realiza una compra o intenta realizar una compra a trav\u00e9s del Sitio, recopilamos cierta informaci\u00f3n sobre usted, incluido su nombre, direcci\u00f3n de facturaci\u00f3n, direcci\u00f3n de env\u00edo, informaci\u00f3n de pago, incluidos los n\u00fameros de tarjeta de cr\u00e9dito, PayPal, Amazon Pay, Google Pay y Apple. Pago, direcci\u00f3n de correo electr\u00f3nico y n\u00famero de tel\u00e9fono. Nos referimos a esta informaci\u00f3n como \u00abInformaci\u00f3n de pedido\u00bb.<\/p>\n\n\n\n<p>Cuando hablamos de \u00abInformaci\u00f3n personal\u00bb en esta Pol\u00edtica de privacidad, nos referimos tanto a la Informaci\u00f3n del dispositivo como a la Informaci\u00f3n del pedido.<\/p>\n\n\n\n<p>\u00bfQu\u00e9 hacemos con su informaci\u00f3n?<br>Cuando compra algo en nuestra tienda, como parte del proceso de compra y venta, recopilamos la informaci\u00f3n personal que nos proporciona, como su nombre, direcci\u00f3n y direcci\u00f3n de correo electr\u00f3nico.<\/p>\n\n\n\n<p>Cuando navega por nuestra tienda, tambi\u00e9n recibimos autom\u00e1ticamente la direcci\u00f3n de protocolo de Internet (IP) de su computadora para brindarnos informaci\u00f3n que nos ayude a conocer su navegador y sistema operativo.<\/p>\n\n\n\n<p>Marketing por correo electr\u00f3nico (si corresponde): con su permiso, podemos enviarle correos electr\u00f3nicos sobre nuestra tienda, nuevos productos y otras actualizaciones.<\/p>\n\n\n\n<p>Marketing de texto (si corresponde): con su permiso, podemos enviar mensajes de texto sobre nuestra tienda, nuevos productos y otras actualizaciones. Las actualizaciones incluyen recordatorios de pago. Los webhooks se utilizar\u00e1n para activar el sistema de mensajer\u00eda de recordatorios de pago.<\/p>\n\n\n\n<p>\u00bfComo usamos tu informaci\u00f3n personal?<br>Utilizamos la Informaci\u00f3n de pedido que recopilamos generalmente para cumplir con cualquier pedido realizado a trav\u00e9s del Sitio (incluido el procesamiento de su informaci\u00f3n de pago, la organizaci\u00f3n del env\u00edo y el suministro de facturas y\/o confirmaciones de pedidos). Adem\u00e1s, utilizamos esta informaci\u00f3n de pedido para:<\/p>\n\n\n\n<ul><li>Comunicarse contigo;<br>\u2013 Revisar nuestros pedidos en busca de riesgo potencial o fraude; y<br>\u2013 Cuando est\u00e9 en consonancia con las preferencias que haya compartido con nosotros, proporcionarle informaci\u00f3n o publicidad relacionada con nuestros productos o servicios.<\/li><\/ul>\n\n\n\n<p>Usamos la informaci\u00f3n del dispositivo que recopilamos para ayudarnos a detectar posibles riesgos y fraudes (en particular, su direcci\u00f3n IP) y, en general, para mejorar y optimizar nuestro sitio (por ejemplo, al generar an\u00e1lisis sobre c\u00f3mo nuestros clientes navegan e interact\u00faan con el Sitio, y para evaluar el \u00e9xito de nuestras campa\u00f1as de marketing y publicidad).<\/p>\n\n\n\n<p>Compartir su informaci\u00f3n personal<br>Compartimos su informaci\u00f3n personal con terceros para ayudarnos a usar su informaci\u00f3n personal, como se describe anteriormente. Usamos Google Analytics para ayudarnos a comprender c\u00f3mo nuestros clientes usan el Sitio; puede leer m\u00e1s sobre c\u00f3mo Google usa su Informaci\u00f3n personal aqu\u00ed: https:\/\/www.google.com\/intl\/en\/policies\/privacy\/. Tambi\u00e9n puede darse de baja de Google Analytics aqu\u00ed: https:\/\/tools.google.com\/dlpage\/gaoptout.<\/p>\n\n\n\n<p>Finalmente, tambi\u00e9n podemos compartir su informaci\u00f3n personal para cumplir con las leyes y regulaciones aplicables, para responder a una citaci\u00f3n, orden de allanamiento u otra solicitud legal de informaci\u00f3n que recibamos, o para proteger nuestros derechos.<\/p>\n\n\n\n<p>Publicidad conductual<br>Como se describi\u00f3 anteriormente, usamos su informaci\u00f3n personal para brindarle anuncios dirigidos o comunicaciones de marketing que creemos que pueden ser de su inter\u00e9s. Para obtener m\u00e1s informaci\u00f3n sobre c\u00f3mo funciona la publicidad dirigida, puede visitar la p\u00e1gina educativa de Network Advertising Initiative (\u00abNAI\u00bb) en http:\/\/www.networkadvertising.org\/understanding-online-advertising\/how-does-it-work.<\/p>\n\n\n\n<p>Puede optar por no recibir publicidad dirigida utilizando los enlaces a continuaci\u00f3n:<br>\u2013 Facebook: https:\/\/www.facebook.com\/settings\/?tab=ads<br>\u2013 Google: https:\/\/www.google.com\/settings\/ads\/anonymous<br>\u2013 Bing: https:\/\/advertise.bingads.microsoft.com\/en-us\/resources\/policies\/personalized-ads<\/p>\n\n\n\n<p>Adem\u00e1s, puede optar por no participar en algunos de estos servicios visitando el portal de exclusi\u00f3n voluntaria de Digital Advertising Alliance en: http:\/\/optout.aboutads.info\/.<\/p>\n\n\n\n<p>no rastrear<br>Tenga en cuenta que no alteramos las pr\u00e1cticas de uso y recopilaci\u00f3n de datos de nuestro Sitio cuando vemos una se\u00f1al de No rastrear de su navegador.<\/p>\n\n\n\n<p>Tus derechos<br>Si es residente europeo, tiene derecho a acceder a la informaci\u00f3n personal que tenemos sobre usted y a solicitar que se corrija, actualice o elimine su informaci\u00f3n personal. Si desea ejercer este derecho, comun\u00edquese con nosotros a trav\u00e9s de la informaci\u00f3n de contacto a continuaci\u00f3n.<\/p>\n\n\n\n<p>Adem\u00e1s, si es residente europeo, notamos que estamos procesando su informaci\u00f3n para cumplir con los contratos que podamos tener con usted (por ejemplo, si realiza un pedido a trav\u00e9s del Sitio), o para perseguir nuestros intereses comerciales leg\u00edtimos enumerados anteriormente. . Adem\u00e1s, tenga en cuenta que su informaci\u00f3n se transferir\u00e1 fuera de Europa, incluidos Canad\u00e1 y los Estados Unidos.<\/p>\n\n\n\n<p>Retenci\u00f3n de datos<br>Cuando realiza un pedido a trav\u00e9s del Sitio, mantendremos la Informaci\u00f3n de su pedido para nuestros registros a menos y hasta que nos solicite que eliminemos esta informaci\u00f3n.<\/p>\n\n\n\n<p>Cambios<br>Podemos actualizar esta pol\u00edtica de privacidad de vez en cuando para reflejar, por ejemplo, cambios en nuestras pr\u00e1cticas o por otras razones operativas, legales o reglamentarias.<\/p>\n\n\n\n<p>menores<br>El sitio no est\u00e1 destinado a personas menores de 18 a\u00f1os.<\/p>\n\n\n\n<p>Programa de marketing de mensajer\u00eda m\u00f3vil SMS\/MMS<\/p>\n\n\n\n<p>Respetamos tu privacidad. Solo utilizaremos la informaci\u00f3n que proporcione a trav\u00e9s del Programa para transmitir sus mensajes m\u00f3viles y responderle, si es necesario. Esto incluye, pero no se limita a, compartir informaci\u00f3n con proveedores de plataformas, compa\u00f1\u00edas telef\u00f3nicas y otros proveedores que nos ayudan en la entrega de mensajes m\u00f3viles. NO VENDEMOS, ALQUILAMOS, PRESTAMOS, COMERCIAMOS, ALQUILAMOS NI TRANSFERIMOS DE OTRO MODO CON FINES DE LUCRO CUALQUIER N\u00daMERO DE TEL\u00c9FONO O INFORMACI\u00d3N DEL CLIENTE RECOPILADA A TRAV\u00c9S DEL PROGRAMA A NING\u00daN TERCERO. No obstante, nos reservamos el derecho en todo momento de divulgar cualquier informaci\u00f3n que sea necesaria para satisfacer cualquier ley, regulaci\u00f3n o solicitud gubernamental, para evitar responsabilidades o para proteger nuestros derechos o propiedad. Cuando completa formularios en l\u00ednea o nos proporciona informaci\u00f3n en relaci\u00f3n con el Programa, acepta proporcionar informaci\u00f3n precisa, completa y verdadera. Usted acepta no utilizar un nombre falso o enga\u00f1oso o un nombre que no est\u00e9 autorizado a utilizar. Si, a Nuestro exclusivo criterio, creemos que dicha informaci\u00f3n es falsa, inexacta o incompleta, o si ha optado por participar en el Programa para un prop\u00f3sito ulterior, podemos negarle el acceso al Programa y buscar los recursos legales apropiados.<\/p>\n\n\n\n<p>La Secci\u00f3n 1798.83 del C\u00f3digo Civil de California permite a los Usuarios del Programa que son residentes de California solicitar cierta informaci\u00f3n sobre nuestra divulgaci\u00f3n de la informaci\u00f3n que usted proporciona a trav\u00e9s del Programa a terceros para sus fines de marketing directo.<\/p>\n\n\n\n<p>Para realizar dicha solicitud, p\u00f3ngase en contacto con nosotros en la siguiente direcci\u00f3n:<\/p>\n\n\n\n<p>Loco Inal\u00e1mbrico y Electr\u00f3nica<br>547 oeste de la calle 145<br>Nueva York, NY 10031<br>support@loco-wireless.com<\/p>\n\n\n\n<p>Esta Pol\u00edtica de privacidad se limita estrictamente al Programa y no tiene efecto sobre ninguna otra pol\u00edtica de privacidad que pueda regir la relaci\u00f3n entre usted y Nosotros en otros contextos.<\/p>\n\n\n\n<p>Cont\u00e1ctenos<br>Para obtener m\u00e1s informaci\u00f3n sobre nuestras pr\u00e1cticas de privacidad, si tiene preguntas o si desea presentar una queja, comun\u00edquese con nosotros por correo electr\u00f3nico a support@loco-wireless.com<\/p>\n","protected":false},"excerpt":{"rendered":"<p>Qu\u00e9 datos personales recopilamos y por qu\u00e9 los recopilamosEsta Pol\u00edtica de privacidad describe c\u00f3mo se recopila, usa y comparte su informaci\u00f3n personal cuando visita o realiza una compra en https:\/\/loco-wireless.com (el \u00abSitio\u00bb). Informaci\u00f3n personal que recopilamosCuando visita el Sitio, recopilamos autom\u00e1ticamente cierta informaci\u00f3n sobre su dispositivo, incluida informaci\u00f3n sobre su navegador web, direcci\u00f3n IP, zona [&hellip;]<\/p>\n","protected":false},"author":1,"featured_media":0,"parent":0,"menu_order":0,"comment_status":"closed","ping_status":"open","template":"","meta":{"footnotes":""},"jetpack_sharing_enabled":true,"_links":{"self":[{"href":"https:\/\/www.loco-wireless.com\/es\/wp-json\/wp\/v2\/pages\/18647"}],"collection":[{"href":"https:\/\/www.loco-wireless.com\/es\/wp-json\/wp\/v2\/pages"}],"about":[{"href":"https:\/\/www.loco-wireless.com\/es\/wp-json\/wp\/v2\/types\/page"}],"author":[{"embeddable":true,"href":"https:\/\/www.loco-wireless.com\/es\/wp-json\/wp\/v2\/users\/1"}],"replies":[{"embeddable":true,"href":"https:\/\/www.loco-wireless.com\/es\/wp-json\/wp\/v2\/comments?post=18647"}],"version-history":[{"count":1,"href":"https:\/\/www.loco-wireless.com\/es\/wp-json\/wp\/v2\/pages\/18647\/revisions"}],"predecessor-version":[{"id":18648,"href":"https:\/\/www.loco-wireless.com\/es\/wp-json\/wp\/v2\/pages\/18647\/revisions\/18648"}],"wp:attachment":[{"href":"https:\/\/www.loco-wireless.com\/es\/wp-json\/wp\/v2\/media?parent=18647"}],"curies":[{"name":"wp","href":"https:\/\/api.w.org\/{rel}","templated":true}]}}