{"id":18651,"date":"2022-11-17T15:34:34","date_gmt":"2022-11-17T15:34:34","guid":{"rendered":"https:\/\/www.loco-wireless.com\/?page_id=18651"},"modified":"2022-11-17T15:34:37","modified_gmt":"2022-11-17T15:34:37","slug":"politica-de-envios-y-devoluciones","status":"publish","type":"page","link":"https:\/\/www.loco-wireless.com\/es\/politica-de-envios-y-devoluciones","title":{"rendered":"POL\u00cdTICA DE ENV\u00cdOS Y DEVOLUCIONES"},"content":{"rendered":"\n<p>Pol\u00edtica de envoi y devoluciones<br>El pedido se enviar\u00e1 directamente a la puerta de su casa a trav\u00e9s de mensajer\u00eda o USPS, seg\u00fan la ubicaci\u00f3n. Todos los pedidos se procesar\u00e1n tan pronto como se apruebe el pedido. Ocasionalmente, Loco Wireless &amp; Electronics puede verificar la validez de la mayor\u00eda de los pedidos realizados con tarjeta de cr\u00e9dito debido al creciente n\u00famero de fraudes por Internet. La entrega puede demorar m\u00e1s de los tiempos enumerados a continuaci\u00f3n debido a la demora del servicio de mensajer\u00eda u otros factores externos. Tenga en cuenta tambi\u00e9n que la entrega a la zona rural puede tardar m\u00e1s de lo habitual.<br>Entrega GRATUITA: sale del almac\u00e9n en 1 a 3 d\u00edas h\u00e1biles una vez que se ha aprobado el pedido. La entrega demorar\u00e1 aproximadamente de 2 a 5 d\u00edas h\u00e1biles una vez que el pedido haya salido del almac\u00e9n. Si tenemos alguna dificultad para obtener los art\u00edculos que no est\u00e1n en stock, lo haremos. contactarlo durante los tiempos de procesamiento para notificarle y encontrar la soluci\u00f3n alternativa. Nota: Loco Wireless &amp; Electronics no realiza env\u00edos a PO.BOX, por lo tanto, se debe proporcionar la direcci\u00f3n f\u00edsica.<br>Pol\u00edtica de devoluciones<br>En Loco Wireless &amp; Electronics, nos aseguramos de que no se arrepentir\u00e1 de su compra. Loco Wireless &amp; Electronics ofrece una pol\u00edtica de devoluci\u00f3n de 7 d\u00edas ELF (falla temprana) o DOA. Debe notificarnos tan pronto como el producto deje de funcionar. Cualquier producto DOA ser\u00e1 reemplazado inmediatamente tan pronto como haya sido evaluado. Todos los accesorios, los art\u00edculos devueltos deben estar en condiciones originales o el producto ser\u00e1 reparado en su lugar. Loco Wireless &amp; Electronics tambi\u00e9n ofrece una pol\u00edtica de devoluci\u00f3n POM (Tranquilidad) de 14 d\u00edas. Todos los productos devueltos por POM incurrir\u00e1n en cargos por reposici\u00f3n de existencias. El cargo puede variar dependiendo de la condici\u00f3n del art\u00edculo. Sin embargo, Loco Wireless &amp; Electronics se reserva el derecho de rechazar la devoluci\u00f3n si el producto no est\u00e1 en condiciones razonables. Aparte de eso, Loco Wireless &amp; Electronics tambi\u00e9n acept\u00f3 la devoluci\u00f3n causada por un error humano, como una descripci\u00f3n incorrecta o colores incorrectos. No se aplicar\u00e1 ning\u00fan cargo. El reemplazo se enviar\u00e1 inmediatamente tan pronto como se eval\u00fae el producto incorrecto. Se aplica la misma pol\u00edtica, el art\u00edculo incorrecto debe estar en su estado original. Debe informar el error dentro de las 48 horas posteriores a la recepci\u00f3n del producto. Si se aplica alguno de los escenarios anteriores, comun\u00edquese con nosotros lo antes posible. Esto es para garantizar que se respete la devoluci\u00f3n. Evaluaremos su solicitud y le enviaremos un correo electr\u00f3nico con instrucciones de devoluci\u00f3n. Es posible que necesitemos obtener m\u00e1s aclaraciones sobre el problema informado antes de que podamos emitir la autorizaci\u00f3n de devoluci\u00f3n. Esto se hace para permitir un procesamiento de devoluciones m\u00e1s r\u00e1pido m\u00e1s adelante. Cubriremos el costo del flete para la devoluci\u00f3n DOA y el cliente asumir\u00e1 el costo del flete para la devoluci\u00f3n POM. En general, todos los reembolsos y reemplazos finalizar\u00e1n en 5 a 7 d\u00edas h\u00e1biles desde la recepci\u00f3n de los productos devueltos. Los reembolsos se pagan a trav\u00e9s del m\u00e9todo de pago original utilizado para la compra. .<br>Seguro<br>Le recomendamos encarecidamente que asegure su pedido, ya que existe la posibilidad de que su pedido se da\u00f1e y se pierda en el momento de la entrega. El seguro es opcional y las tarifas est\u00e1n todas en la p\u00e1gina del producto. Las tarifas var\u00edan dependiendo del valor de los bienes. Tenga en cuenta que Loco Wireless &amp; Electronics no es responsable de ning\u00fan art\u00edculo perdido si no se compra un seguro.<\/p>\n","protected":false},"excerpt":{"rendered":"<p>Pol\u00edtica de envoi y devolucionesEl pedido se enviar\u00e1 directamente a la puerta de su casa a trav\u00e9s de mensajer\u00eda o USPS, seg\u00fan la ubicaci\u00f3n. Todos los pedidos se procesar\u00e1n tan pronto como se apruebe el pedido. Ocasionalmente, Loco Wireless &amp; Electronics puede verificar la validez de la mayor\u00eda de los pedidos realizados con tarjeta de [&hellip;]<\/p>\n","protected":false},"author":1,"featured_media":0,"parent":0,"menu_order":0,"comment_status":"closed","ping_status":"closed","template":"","meta":{"footnotes":""},"jetpack_sharing_enabled":true,"_links":{"self":[{"href":"https:\/\/www.loco-wireless.com\/es\/wp-json\/wp\/v2\/pages\/18651"}],"collection":[{"href":"https:\/\/www.loco-wireless.com\/es\/wp-json\/wp\/v2\/pages"}],"about":[{"href":"https:\/\/www.loco-wireless.com\/es\/wp-json\/wp\/v2\/types\/page"}],"author":[{"embeddable":true,"href":"https:\/\/www.loco-wireless.com\/es\/wp-json\/wp\/v2\/users\/1"}],"replies":[{"embeddable":true,"href":"https:\/\/www.loco-wireless.com\/es\/wp-json\/wp\/v2\/comments?post=18651"}],"version-history":[{"count":1,"href":"https:\/\/www.loco-wireless.com\/es\/wp-json\/wp\/v2\/pages\/18651\/revisions"}],"predecessor-version":[{"id":18652,"href":"https:\/\/www.loco-wireless.com\/es\/wp-json\/wp\/v2\/pages\/18651\/revisions\/18652"}],"wp:attachment":[{"href":"https:\/\/www.loco-wireless.com\/es\/wp-json\/wp\/v2\/media?parent=18651"}],"curies":[{"name":"wp","href":"https:\/\/api.w.org\/{rel}","templated":true}]}}