{"id":32092,"date":"2023-10-08T13:10:44","date_gmt":"2023-10-08T13:10:44","guid":{"rendered":"https:\/\/www.loco-wireless.com\/product\/orignal-customized-controller-with-2-remappable-paddles-for-playstation-5-ps5-programmable-back-buttons-with-fast-turbo-auto-fire-3-setup-saving-slots-onboard-switch-white"},"modified":"2023-10-08T13:10:44","modified_gmt":"2023-10-08T13:10:44","slug":"orignal-customized-controller-with-2-remappable-paddles-for-playstation-5-ps5-programmable-back-buttons-with-fast-turbo-auto-fire-3-setup-saving-slots-onboard-switch-white","status":"publish","type":"product","link":"https:\/\/www.loco-wireless.com\/es\/producto\/orignal-customized-controller-with-2-remappable-paddles-for-playstation-5-ps5-programmable-back-buttons-with-fast-turbo-auto-fire-3-setup-saving-slots-onboard-switch-white","title":{"rendered":"Controlador personalizado original con 2 paletas reasignables para PlayStation 5 (PS5), botones traseros programables con disparo autom\u00e1tico turbo r\u00e1pido, interruptor integrado de 3 ranuras para guardar configuraci\u00f3n &#8211; Blanco"},"content":{"rendered":"","protected":false},"excerpt":{"rendered":"","protected":false},"featured_media":30700,"comment_status":"open","ping_status":"closed","template":"","meta":[],"product_cat":[32],"product_tag":[],"jetpack_sharing_enabled":true,"_links":{"self":[{"href":"https:\/\/www.loco-wireless.com\/es\/wp-json\/wp\/v2\/product\/32092"}],"collection":[{"href":"https:\/\/www.loco-wireless.com\/es\/wp-json\/wp\/v2\/product"}],"about":[{"href":"https:\/\/www.loco-wireless.com\/es\/wp-json\/wp\/v2\/types\/product"}],"replies":[{"embeddable":true,"href":"https:\/\/www.loco-wireless.com\/es\/wp-json\/wp\/v2\/comments?post=32092"}],"wp:featuredmedia":[{"embeddable":true,"href":"https:\/\/www.loco-wireless.com\/es\/wp-json\/wp\/v2\/media\/30700"}],"wp:attachment":[{"href":"https:\/\/www.loco-wireless.com\/es\/wp-json\/wp\/v2\/media?parent=32092"}],"wp:term":[{"taxonomy":"product_cat","embeddable":true,"href":"https:\/\/www.loco-wireless.com\/es\/wp-json\/wp\/v2\/product_cat?post=32092"},{"taxonomy":"product_tag","embeddable":true,"href":"https:\/\/www.loco-wireless.com\/es\/wp-json\/wp\/v2\/product_tag?post=32092"}],"curies":[{"name":"wp","href":"https:\/\/api.w.org\/{rel}","templated":true}]}}