{"id":32311,"date":"2023-11-04T15:10:01","date_gmt":"2023-11-04T15:10:05","guid":{"rendered":"https:\/\/www.loco-wireless.com\/?post_type=product&#038;p=32311"},"modified":"2023-11-10T03:43:28","modified_gmt":"2023-11-10T03:43:28","slug":"custom-made-ps5-dualsense-wireless-controller-marvels-spider-man-ltd-edition","status":"publish","type":"product","link":"https:\/\/www.loco-wireless.com\/es\/producto\/custom-made-ps5-dualsense-wireless-controller-marvels-spider-man-ltd-edition","title":{"rendered":"Controlador inal\u00e1mbrico PS5 DualSense hecho a medida: Marvel&#8217;s Spider-Man Ltd Edition"},"content":{"rendered":"<p>Lleva tu experiencia de juego al siguiente nivel con un controlador PlayStation 5 personalizado, construido seg\u00fan las especificaciones de tu elecci\u00f3n. Elige entre una variedad de componentes para crear un controlador que se adapte a tu estilo de juego preferido y disfruta de una experiencia de juego optimizada.<\/p>\n<p>Todos los controladores personalizados de PlayStation 5 son nuevos y genuinos. Descubre una experiencia de juego m\u00e1s profunda y altamente inmersiva que da vida a la acci\u00f3n en la palma de tus manos. El controlador inal\u00e1mbrico DualSense\u2122 ofrece una retroalimentaci\u00f3n h\u00e1ptica inmersiva*, gatillos adaptables din\u00e1micos* y un micr\u00f3fono incorporado, todo integrado en un dise\u00f1o c\u00f3modo e ic\u00f3nico. *Disponible cuando la funci\u00f3n es compatible con el juego.<\/p>\n","protected":false},"excerpt":{"rendered":"<p>Lleva tu experiencia de juego al siguiente nivel con un controlador PlayStation 5 personalizado, construido seg\u00fan las especificaciones de tu elecci\u00f3n. Elige entre una variedad de componentes para crear un controlador que se adapte a tu estilo de juego preferido y disfruta de una experiencia de juego optimizada.<\/p>\n<p>Todos los controladores personalizados de PlayStation 5 son nuevos y genuinos. Descubre una experiencia de juego m\u00e1s profunda y altamente inmersiva que da vida a la acci\u00f3n en la palma de tus manos. El controlador inal\u00e1mbrico DualSense\u2122 ofrece una retroalimentaci\u00f3n h\u00e1ptica inmersiva*, gatillos adaptables din\u00e1micos* y un micr\u00f3fono incorporado, todo integrado en un dise\u00f1o c\u00f3modo e ic\u00f3nico. *Disponible cuando la funci\u00f3n es compatible con el juego.<\/p>\n","protected":false},"featured_media":32319,"comment_status":"open","ping_status":"closed","template":"","meta":[],"product_cat":[32],"product_tag":[],"jetpack_sharing_enabled":true,"_links":{"self":[{"href":"https:\/\/www.loco-wireless.com\/es\/wp-json\/wp\/v2\/product\/32311"}],"collection":[{"href":"https:\/\/www.loco-wireless.com\/es\/wp-json\/wp\/v2\/product"}],"about":[{"href":"https:\/\/www.loco-wireless.com\/es\/wp-json\/wp\/v2\/types\/product"}],"replies":[{"embeddable":true,"href":"https:\/\/www.loco-wireless.com\/es\/wp-json\/wp\/v2\/comments?post=32311"}],"wp:featuredmedia":[{"embeddable":true,"href":"https:\/\/www.loco-wireless.com\/es\/wp-json\/wp\/v2\/media\/32319"}],"wp:attachment":[{"href":"https:\/\/www.loco-wireless.com\/es\/wp-json\/wp\/v2\/media?parent=32311"}],"wp:term":[{"taxonomy":"product_cat","embeddable":true,"href":"https:\/\/www.loco-wireless.com\/es\/wp-json\/wp\/v2\/product_cat?post=32311"},{"taxonomy":"product_tag","embeddable":true,"href":"https:\/\/www.loco-wireless.com\/es\/wp-json\/wp\/v2\/product_tag?post=32311"}],"curies":[{"name":"wp","href":"https:\/\/api.w.org\/{rel}","templated":true}]}}