{"id":333,"date":"2020-10-25T12:37:53","date_gmt":"2020-10-25T12:37:53","guid":{"rendered":"https:\/\/www.locowirelesse.com\/?page_id=333"},"modified":"2022-11-17T15:28:45","modified_gmt":"2022-11-17T15:28:45","slug":"politique-de-confidentialite","status":"publish","type":"page","link":"https:\/\/www.loco-wireless.com\/fr\/politique-de-confidentialite","title":{"rendered":"POLITIQUE DE CONFIDENTIALIT\u00c9"},"content":{"rendered":"\n<p>Qui nous sommes<br>L&rsquo;adresse de notre site Web est: https:\/\/locowirelesse.com.<\/p>\n\n\n\n<p>Loco sans fil et \u00e9lectronique<\/p>\n\n\n\n<p>Adresse: 547 W 145th St, New York, NY 10031<\/p>\n\n\n\n<p>Quelles donn\u00e9es personnelles nous collectons et pourquoi nous les collectons<br>Cette politique de confidentialit\u00e9 d\u00e9crit comment vos informations personnelles sont collect\u00e9es, utilis\u00e9es et partag\u00e9es lorsque vous visitez ou effectuez un achat sur https:\/\/loco-wireless.com (le \u00ab\u00a0Site\u00a0\u00bb).<\/p>\n\n\n\n<p>Informations personnelles que nous collectons<br>Lorsque vous visitez le site, nous collectons automatiquement certaines informations sur votre appareil, notamment des informations sur votre navigateur Web, votre adresse IP, votre fuseau horaire et certains des cookies install\u00e9s sur votre appareil. De plus, lorsque vous naviguez sur le site, nous recueillons des informations sur les pages Web ou les produits individuels que vous consultez, les sites Web ou les termes de recherche qui vous ont r\u00e9f\u00e9r\u00e9 au site et des informations sur la fa\u00e7on dont vous interagissez avec le site. Nous nous r\u00e9f\u00e9rons \u00e0 ces informations collect\u00e9es automatiquement en tant qu'\u00a0\u00bbInformations sur l&rsquo;appareil\u00a0\u00bb.<\/p>\n\n\n\n<p>Le site Web utilise des cookies pour aider \u00e0 garder une trace des articles que vous avez mis dans votre panier et pour nous dire si vous avez d\u00e9j\u00e0 visit\u00e9 le site Web. Cela permet aux visiteurs de la boutique en ligne de conserver des paniers d&rsquo;achat entre les visites. Nous utilisons \u00e9galement des cookies comme emplacement pour d\u00e9clencher des messages de panier abandonn\u00e9.<\/p>\n\n\n\n<p>Nous recueillons des informations sur l&rsquo;appareil \u00e0 l&rsquo;aide des technologies suivantes&nbsp;:<br>\u2013 Les \u00ab cookies \u00bb sont des fichiers de donn\u00e9es qui sont plac\u00e9s sur votre appareil ou votre ordinateur et comprennent souvent un identifiant unique anonyme. Pour plus d&rsquo;informations sur les cookies et comment d\u00e9sactiver les cookies, visitez http:\/\/www.allaboutcookies.org.<br>\u2013 Les \u00ab&nbsp;fichiers journaux&nbsp;\u00bb suivent les actions qui se produisent sur le site et collectent des donn\u00e9es, notamment votre adresse IP, le type de navigateur, le fournisseur de services Internet, les pages de renvoi\/sortie et les horodatages.<br>\u2013 Les \u00ab balises Web \u00bb, \u00ab balises \u00bb et \u00ab pixels \u00bb sont des fichiers \u00e9lectroniques utilis\u00e9s pour enregistrer des informations relatives \u00e0 votre navigation sur le Site.<\/p>\n\n\n\n<p>De plus, lorsque vous effectuez un achat ou tentez d&rsquo;effectuer un achat via le Site, nous collectons certaines informations vous concernant, notamment votre nom, votre adresse de facturation, votre adresse de livraison, vos informations de paiement, y compris les num\u00e9ros de carte de cr\u00e9dit, PayPal, Amazon Pay, Google Pay et Apple. Paiement, adresse e-mail et num\u00e9ro de t\u00e9l\u00e9phone. Nous nous r\u00e9f\u00e9rons \u00e0 ces informations comme \u00ab\u00a0Informations de commande\u00a0\u00bb.<\/p>\n\n\n\n<p>Lorsque nous parlons d'\u00a0\u00bbinformations personnelles\u00a0\u00bb dans cette politique de confidentialit\u00e9, nous parlons \u00e0 la fois d&rsquo;informations sur l&rsquo;appareil et d&rsquo;informations sur la commande.<\/p>\n\n\n\n<p>Que faisons-nous de vos informations<br>Lorsque vous achetez quelque chose dans notre magasin, dans le cadre du processus d&rsquo;achat et de vente, nous recueillons les informations personnelles que vous nous fournissez, telles que votre nom, votre adresse et votre adresse e-mail.<\/p>\n\n\n\n<p>Lorsque vous naviguez sur notre boutique, nous recevons \u00e9galement automatiquement l&rsquo;adresse de protocole Internet (IP) de votre ordinateur afin de nous fournir des informations qui nous aident \u00e0 en savoir plus sur votre navigateur et votre syst\u00e8me d&rsquo;exploitation.<\/p>\n\n\n\n<p>Marketing par e-mail (le cas \u00e9ch\u00e9ant) : Avec votre permission, nous pouvons vous envoyer des e-mails concernant notre boutique, de nouveaux produits et d&rsquo;autres mises \u00e0 jour.<\/p>\n\n\n\n<p>Marketing textuel (le cas \u00e9ch\u00e9ant)&nbsp;: avec votre permission, nous pouvons envoyer des messages texte concernant notre boutique, de nouveaux produits et d&rsquo;autres mises \u00e0 jour. Les mises \u00e0 jour incluent des rappels de paiement. Les webhooks seront utilis\u00e9s pour d\u00e9clencher le syst\u00e8me de messagerie Checkout Reminders.<\/p>\n\n\n\n<p>Comment utilisons-nous vos informations personnelles ?<br>Nous utilisons g\u00e9n\u00e9ralement les informations de commande que nous collectons pour ex\u00e9cuter toutes les commandes pass\u00e9es via le site (y compris le traitement de vos informations de paiement, l&rsquo;organisation de l&rsquo;exp\u00e9dition et la fourniture de factures et\/ou de confirmations de commande). De plus, nous utilisons ces informations de commande pour&nbsp;:<\/p>\n\n\n\n<ul><li>Communiquer avec toi;<br>\u2013 Filtrer nos commandes pour d\u00e9tecter tout risque potentiel ou fraude&nbsp;; et<br>\u2013 Lorsque cela est conforme aux pr\u00e9f\u00e9rences que vous avez partag\u00e9es avec nous, vous fournir des informations ou des publicit\u00e9s relatives \u00e0 nos produits ou services.<\/li><\/ul>\n\n\n\n<p>Nous utilisons les informations sur les appareils que nous collectons pour nous aider \u00e0 d\u00e9tecter les risques potentiels et les fraudes (en particulier votre adresse IP), et plus g\u00e9n\u00e9ralement pour am\u00e9liorer et optimiser notre site (par exemple, en g\u00e9n\u00e9rant des analyses sur la fa\u00e7on dont nos clients naviguent et interagissent avec le Site, et pour \u00e9valuer le succ\u00e8s de nos campagnes marketing et publicitaires).<\/p>\n\n\n\n<p>Partage de vos informations personnelles<br>Nous partageons vos informations personnelles avec des tiers pour nous aider \u00e0 utiliser vos informations personnelles, comme d\u00e9crit ci-dessus. Nous utilisons Google Analytics pour nous aider \u00e0 comprendre comment nos clients utilisent le site \u2014 vous pouvez en savoir plus sur la fa\u00e7on dont Google utilise vos informations personnelles ici : https:\/\/www.google.com\/intl\/en\/policies\/privacy\/. Vous pouvez \u00e9galement d\u00e9sactiver Google Analytics ici&nbsp;: https:\/\/tools.google.com\/dlpage\/gaoptout.<\/p>\n\n\n\n<p>Enfin, nous pouvons \u00e9galement partager vos informations personnelles pour nous conformer aux lois et r\u00e9glementations applicables, pour r\u00e9pondre \u00e0 une citation \u00e0 compara\u00eetre, \u00e0 un mandat de perquisition ou \u00e0 toute autre demande l\u00e9gale d&rsquo;informations que nous recevons, ou pour prot\u00e9ger nos droits.<\/p>\n\n\n\n<p>Publicit\u00e9 comportementale<br>Comme d\u00e9crit ci-dessus, nous utilisons vos informations personnelles pour vous fournir des publicit\u00e9s cibl\u00e9es ou des communications marketing susceptibles de vous int\u00e9resser. Pour plus d&rsquo;informations sur le fonctionnement de la publicit\u00e9 cibl\u00e9e, vous pouvez visiter la page \u00e9ducative de la Network Advertising Initiative (\u00ab\u00a0NAI\u00a0\u00bb) \u00e0 l&rsquo;adresse http:\/\/www.networkadvertising.org\/understanding-online-advertising\/how-does-it-work.<\/p>\n\n\n\n<p>Vous pouvez d\u00e9sactiver la publicit\u00e9 cibl\u00e9e en utilisant les liens ci-dessous&nbsp;:<br>\u2013 Facebook : https:\/\/www.facebook.com\/settings\/?tab=ads<br>\u2013 Google : https:\/\/www.google.com\/settings\/ads\/anonymous<br>\u2013 Bing : https:\/\/advertise.bingads.microsoft.com\/en-us\/resources\/policies\/personalized-ads<\/p>\n\n\n\n<p>De plus, vous pouvez d\u00e9sactiver certains de ces services en visitant le portail de d\u00e9sactivation de la Digital Advertising Alliance \u00e0 l&rsquo;adresse&nbsp;: http:\/\/optout.aboutads.info\/.<\/p>\n\n\n\n<p>Ne pas suivre<br>Veuillez noter que nous ne modifions pas la collecte de donn\u00e9es et les pratiques d&rsquo;utilisation de notre site lorsque nous voyons un signal Ne pas suivre de votre navigateur.<\/p>\n\n\n\n<p>Tes droits<br>Si vous \u00eates un r\u00e9sident europ\u00e9en, vous avez le droit d&rsquo;acc\u00e9der aux informations personnelles que nous d\u00e9tenons \u00e0 votre sujet et de demander que vos informations personnelles soient corrig\u00e9es, mises \u00e0 jour ou supprim\u00e9es. Si vous souhaitez exercer ce droit, veuillez nous contacter via les coordonn\u00e9es ci-dessous.<\/p>\n\n\n\n<p>De plus, si vous \u00eates un r\u00e9sident europ\u00e9en, nous notons que nous traitons vos informations afin de remplir les contrats que nous pourrions avoir avec vous (par exemple si vous passez une commande via le Site), ou autrement pour poursuivre nos int\u00e9r\u00eats commerciaux l\u00e9gitimes \u00e9num\u00e9r\u00e9s ci-dessus. . De plus, veuillez noter que vos informations seront transf\u00e9r\u00e9es en dehors de l&rsquo;Europe, y compris au Canada et aux \u00c9tats-Unis.<\/p>\n\n\n\n<p>La conservation des donn\u00e9es<br>Lorsque vous passez une commande sur le site, nous conserverons vos informations de commande pour nos dossiers \u00e0 moins que et jusqu&rsquo;\u00e0 ce que vous nous demandiez de supprimer ces informations.<\/p>\n\n\n\n<p>Changements<br>Nous pouvons mettre \u00e0 jour cette politique de confidentialit\u00e9 de temps \u00e0 autre afin de refl\u00e9ter, par exemple, des modifications de nos pratiques ou pour d&rsquo;autres raisons op\u00e9rationnelles, l\u00e9gales ou r\u00e9glementaires.<\/p>\n\n\n\n<p>Mineurs<br>Le site n&rsquo;est pas destin\u00e9 aux personnes de moins de 18 ans.<\/p>\n\n\n\n<p>Programme de marketing de messagerie mobile SMS\/MMS<\/p>\n\n\n\n<p>Nous respectons votre vie priv\u00e9e. Nous n&rsquo;utiliserons les informations que vous fournissez via le programme que pour transmettre vos messages mobiles et vous r\u00e9pondre, si n\u00e9cessaire. Cela inclut, mais sans s&rsquo;y limiter, le partage d&rsquo;informations avec les fournisseurs de plateformes, les compagnies de t\u00e9l\u00e9phone et d&rsquo;autres fournisseurs qui nous assistent dans la livraison des messages mobiles. NOUS NE VENDONS, LOUONS, PR\u00caTONS, COMMERCIONS, LOCONS OU AUTREMENT TRANSF\u00c9RONS \u00c0 DES FINS lucratives DES NUM\u00c9ROS DE T\u00c9L\u00c9PHONE OU DES INFORMATIONS CLIENTS COLLECT\u00c9S VIA LE PROGRAMME \u00c0 UN TIERS. N\u00e9anmoins, nous nous r\u00e9servons le droit \u00e0 tout moment de divulguer toute information n\u00e9cessaire pour satisfaire \u00e0 toute loi, r\u00e9glementation ou demande gouvernementale, pour \u00e9viter toute responsabilit\u00e9 ou pour prot\u00e9ger nos droits ou notre propri\u00e9t\u00e9. Lorsque vous remplissez des formulaires en ligne ou que vous nous fournissez des informations en rapport avec le programme, vous acceptez de fournir des informations exactes, compl\u00e8tes et v\u00e9ridiques. Vous vous engagez \u00e0 ne pas utiliser un nom faux ou trompeur ou un nom que vous n&rsquo;\u00eates pas autoris\u00e9 \u00e0 utiliser. Si, \u00e0 notre seule discr\u00e9tion, nous estimons que ces informations sont fausses, inexactes ou incompl\u00e8tes, ou si vous avez choisi de participer au programme dans un but ult\u00e9rieur, nous pouvons vous refuser l&rsquo;acc\u00e8s au programme et poursuivre tout recours juridique appropri\u00e9.<\/p>\n\n\n\n<p>L&rsquo;article 1798.83 du Code civil de Californie permet aux utilisateurs du programme qui sont des r\u00e9sidents de Californie de demander certaines informations concernant notre divulgation des informations que vous fournissez via le programme \u00e0 des tiers \u00e0 des fins de marketing direct.<\/p>\n\n\n\n<p>Pour faire une telle demande, veuillez nous contacter \u00e0 l&rsquo;adresse suivante :<\/p>\n\n\n\n<p>Loco sans fil et \u00e9lectronique<br>547 ouest 145e rue<br>New York, NY 10031<br>support@loco-wireless.com<\/p>\n\n\n\n<p>Cette politique de confidentialit\u00e9 est strictement limit\u00e9e au programme et n&rsquo;a aucun effet sur toute autre politique de confidentialit\u00e9 pouvant r\u00e9gir la relation entre vous et nous dans d&rsquo;autres contextes.<\/p>\n\n\n\n<p>Contactez-nous<br>Pour plus d&rsquo;informations sur nos pratiques de confidentialit\u00e9, si vous avez des questions ou si vous souhaitez d\u00e9poser une plainte, veuillez nous contacter par e-mail \u00e0 support@loco-wireless.com<\/p>\n","protected":false},"excerpt":{"rendered":"<p>Qui nous sommesL&rsquo;adresse de notre site Web est: https:\/\/locowirelesse.com. Loco sans fil et \u00e9lectronique Adresse: 547 W 145th St, New York, NY 10031 Quelles donn\u00e9es personnelles nous collectons et pourquoi nous les collectonsCette politique de confidentialit\u00e9 d\u00e9crit comment vos informations personnelles sont collect\u00e9es, utilis\u00e9es et partag\u00e9es lorsque vous visitez ou effectuez un achat sur https:\/\/loco-wireless.com [&hellip;]<\/p>\n","protected":false},"author":1,"featured_media":0,"parent":0,"menu_order":0,"comment_status":"closed","ping_status":"open","template":"","meta":{"footnotes":""},"jetpack_sharing_enabled":true,"_links":{"self":[{"href":"https:\/\/www.loco-wireless.com\/fr\/wp-json\/wp\/v2\/pages\/333"}],"collection":[{"href":"https:\/\/www.loco-wireless.com\/fr\/wp-json\/wp\/v2\/pages"}],"about":[{"href":"https:\/\/www.loco-wireless.com\/fr\/wp-json\/wp\/v2\/types\/page"}],"author":[{"embeddable":true,"href":"https:\/\/www.loco-wireless.com\/fr\/wp-json\/wp\/v2\/users\/1"}],"replies":[{"embeddable":true,"href":"https:\/\/www.loco-wireless.com\/fr\/wp-json\/wp\/v2\/comments?post=333"}],"version-history":[{"count":2,"href":"https:\/\/www.loco-wireless.com\/fr\/wp-json\/wp\/v2\/pages\/333\/revisions"}],"predecessor-version":[{"id":18644,"href":"https:\/\/www.loco-wireless.com\/fr\/wp-json\/wp\/v2\/pages\/333\/revisions\/18644"}],"wp:attachment":[{"href":"https:\/\/www.loco-wireless.com\/fr\/wp-json\/wp\/v2\/media?parent=333"}],"curies":[{"name":"wp","href":"https:\/\/api.w.org\/{rel}","templated":true}]}}