{"id":335,"date":"2020-10-25T12:38:39","date_gmt":"2020-10-25T12:38:39","guid":{"rendered":"https:\/\/www.locowirelesse.com\/?page_id=335"},"modified":"2020-10-25T12:38:40","modified_gmt":"2020-10-25T12:38:40","slug":"politique-dexpedition-et-de-retour","status":"publish","type":"page","link":"https:\/\/www.loco-wireless.com\/fr\/politique-dexpedition-et-de-retour","title":{"rendered":"POLITIQUE D&rsquo;EXP\u00c9DITION ET DE RETOUR"},"content":{"rendered":"\n<p>Politique d&rsquo;exp\u00e9dition et de retour<br>La commande sera envoy\u00e9e directement \u00e0 votre domicile par courrier ou USPS en fonction de l&#8217;emplacement. Toutes les commandes seront trait\u00e9es d\u00e8s que la commande sera approuv\u00e9e. Occasionnellement, Loco Wireless &amp; Electronics peut v\u00e9rifier la validit\u00e9 de la plupart des commandes pass\u00e9es par carte de cr\u00e9dit en raison du nombre croissant de fraudes sur Internet. La livraison peut prendre plus de temps que les d\u00e9lais indiqu\u00e9s ci-dessous en raison du retard du service de messagerie ou d&rsquo;autres facteurs externes. Veuillez \u00e9galement noter que la livraison en zone rurale peut prendre plus de temps que d&rsquo;habitude.<br>Livraison GRATUITE: quitte l&rsquo;entrep\u00f4t dans 1 \u00e0 3 jours ouvrables une fois la commande approuv\u00e9e.La livraison prend environ 2 \u00e0 5 jours ouvrables une fois que la commande a quitt\u00e9 l&rsquo;entrep\u00f4t.Si nous avons des difficult\u00e9s \u00e0 obtenir les articles qui ne sont pas en stock, nous le ferons vous contacter pendant les d\u00e9lais de traitement pour vous informer et trouver la solution alternative.Remarque: Loco Wireless &amp; Electronics ne livre pas \u00e0 PO.BOX donc l&rsquo;adresse physique doit \u00eatre fournie.<br>Politique de retour<br>Chez Loco Wireless &amp; Electronics, nous nous assurons que vous ne regretterez pas votre achat. Loco Wireless &amp; Electronics propose une politique de retour ELF (Early Life Failure) ou DOA de 7 jours. Vous devez nous informer d\u00e8s que le produit a cess\u00e9 de fonctionner. Tout produit DOA sera remplac\u00e9 imm\u00e9diatement d\u00e8s qu&rsquo;il aura \u00e9t\u00e9 \u00e9valu\u00e9. Tous les accessoires, articles retourn\u00e9s doivent \u00eatre dans leur \u00e9tat d&rsquo;origine ou le produit sera r\u00e9par\u00e9 \u00e0 la place.Loco Wireless &amp; Electronics propose \u00e9galement une politique de retour POM (Peace-Of-Mind) de 14 jours. Tout produit retourn\u00e9 par POM entra\u00eenera des frais de r\u00e9approvisionnement. Les frais peuvent varier en fonction de l&rsquo;\u00e9tat de l&rsquo;article. Cependant, Loco Wireless &amp; Electronics se r\u00e9serve le droit de refuser le retour si le produit n&rsquo;est pas dans un \u00e9tat raisonnable.En dehors de cela, Loco Wireless &amp; Electronics a \u00e9galement accept\u00e9 le retour qui est caus\u00e9 par une erreur humaine telle qu&rsquo;une mauvaise description, de mauvaises couleurs. Aucun frais ne sera appliqu\u00e9. Le remplacement sera envoy\u00e9 imm\u00e9diatement d\u00e8s que le mauvais produit est \u00e9valu\u00e9. La m\u00eame politique appliqu\u00e9e, le mauvais article doit \u00eatre dans un \u00e9tat d&rsquo;origine. Vous devez signaler l&rsquo;erreur dans les 48 heures suivant la r\u00e9ception du produit.Si l&rsquo;un des sc\u00e9narios ci-dessus s&rsquo;applique, veuillez nous contacter d\u00e8s que possible. Ceci afin de garantir que le retour sera honor\u00e9. Nous \u00e9valuerons votre demande et vous enverrons un e-mail avec les instructions de retour. Il se peut que nous devions obtenir plus de pr\u00e9cisions sur le probl\u00e8me signal\u00e9 avant de pouvoir \u00e9mettre une autorisation de retour, ce qui permet un traitement plus rapide des retours plus tard. Nous couvrirons les frais de transport pour le retour DOA et le client supportera les frais de transport pour le retour POM.G\u00e9n\u00e9ralement, tous les remboursements et remplacements seront finalis\u00e9s dans les 5 \u00e0 7 jours ouvrables suivant la r\u00e9ception des marchandises retourn\u00e9es. Les remboursements sont effectu\u00e9s via le mode de paiement d&rsquo;origine utilis\u00e9 pour l&rsquo;achat. .<br>Assurance<br>Nous vous recommandons fortement d&rsquo;assurer votre commande car il est possible que votre commande soit endommag\u00e9e et perdue lors de la livraison. L&rsquo;assurance est facultative et les frais sont tous sur la page du produit. Les frais varient en fonction de la valeur des marchandises. Veuillez noter que Loco Wireless &amp; Electronics n&rsquo;est pas responsable de tout article perdu si l&rsquo;assurance n&rsquo;est pas souscrite.<\/p>\n","protected":false},"excerpt":{"rendered":"<p>Politique d&rsquo;exp\u00e9dition et de retourLa commande sera envoy\u00e9e directement \u00e0 votre domicile par courrier ou USPS en fonction de l&#8217;emplacement. Toutes les commandes seront trait\u00e9es d\u00e8s que la commande sera approuv\u00e9e. Occasionnellement, Loco Wireless &amp; Electronics peut v\u00e9rifier la validit\u00e9 de la plupart des commandes pass\u00e9es par carte de cr\u00e9dit en raison du nombre croissant [&hellip;]<\/p>\n","protected":false},"author":1,"featured_media":0,"parent":0,"menu_order":0,"comment_status":"closed","ping_status":"closed","template":"","meta":{"footnotes":""},"jetpack_sharing_enabled":true,"_links":{"self":[{"href":"https:\/\/www.loco-wireless.com\/fr\/wp-json\/wp\/v2\/pages\/335"}],"collection":[{"href":"https:\/\/www.loco-wireless.com\/fr\/wp-json\/wp\/v2\/pages"}],"about":[{"href":"https:\/\/www.loco-wireless.com\/fr\/wp-json\/wp\/v2\/types\/page"}],"author":[{"embeddable":true,"href":"https:\/\/www.loco-wireless.com\/fr\/wp-json\/wp\/v2\/users\/1"}],"replies":[{"embeddable":true,"href":"https:\/\/www.loco-wireless.com\/fr\/wp-json\/wp\/v2\/comments?post=335"}],"version-history":[{"count":1,"href":"https:\/\/www.loco-wireless.com\/fr\/wp-json\/wp\/v2\/pages\/335\/revisions"}],"predecessor-version":[{"id":336,"href":"https:\/\/www.loco-wireless.com\/fr\/wp-json\/wp\/v2\/pages\/335\/revisions\/336"}],"wp:attachment":[{"href":"https:\/\/www.loco-wireless.com\/fr\/wp-json\/wp\/v2\/media?parent=335"}],"curies":[{"name":"wp","href":"https:\/\/api.w.org\/{rel}","templated":true}]}}