{"id":264,"date":"2020-10-07T12:26:21","date_gmt":"2020-10-07T12:26:21","guid":{"rendered":"https:\/\/www.locowirelesse.com\/product\/xiaomi-redmi-note-8-128gb-4gb-ram-48mp-factory-unlocked-global-version-dual-sim-smartphone-space-black"},"modified":"2024-07-07T01:57:00","modified_gmt":"2024-07-07T01:57:00","slug":"xiaomi-redmi-note-8-128gb-4gb-ram-48mp-factory-unlocked-global-version-dual-sim-smartphone-space-black","status":"publish","type":"product","link":"https:\/\/www.loco-wireless.com\/fr\/produit\/xiaomi-redmi-note-8-128gb-4gb-ram-48mp-factory-unlocked-global-version-dual-sim-smartphone-space-black","title":{"rendered":"Xiaomi Redmi Note 8 128 Go 4 Go de RAM 48MP Version mondiale d\u00e9verrouill\u00e9e en usine Smartphone Dual SIM (Space Black)"},"content":{"rendered":"<ul class=\"a-unordered-list a-vertical a-spacing-mini\">\n<li>\u00c9cran tactile capacitif IPS LCD 6,3 pouces, FHD + 1080 \u00d7 2340 pixels, format 19,5: 9, double SIM (Nano-SIM, double veille), Android 9.0 (Pie); MIUI 10.<br \/>\n4 Go de RAM + 128 Go de ROM, Qualcomm SDM665 Snapdragon 665 (11 nm), Octa-core.<br \/>\nBandes 2G: GSM 850\/900\/1800\/1900, bandes 3G: HSDPA 850\/900\/1700 (AWS) \/ 1900\/2100, 4 bandes 4G: bande LTE 1 (2100), 2 (1900), 3 (1800), 4 (1700\/2100), 5 (850), 7 (2600), 8 (900), 20 (800), 28 (700), 38 (2600), 40 (2300).<br \/>\nMod\u00e8le international &#8211; Aucune garantie aux \u00c9tats-Unis. Compatible avec la plupart des op\u00e9rateurs GSM tels que T-Mobile, AT&amp;T, MetroPCS, etc. Ne fonctionnera PAS avec les op\u00e9rateurs CDMA tels que Verizon, Sprint, Boost.<br \/>\nCam\u00e9ra frontale: 13MP, cam\u00e9ra arri\u00e8re: 48MP + 8MP + 2MP + 2MP, Adreno 610, empreinte digitale (mont\u00e9e \u00e0 l&rsquo;arri\u00e8re), batterie 4000 mAh.<\/li>\n<\/ul>\n","protected":false},"excerpt":{"rendered":"<p>\u00c9cran tactile capacitif IPS LCD 6,3 pouces, FHD + 1080 \u00d7 2340 pixels, format 19,5: 9, double SIM (Nano-SIM, double veille), Android 9.0 (Pie); MIUI 10.<br \/>\n4 Go de RAM + 128 Go de ROM, Qualcomm SDM665 Snapdragon 665 (11 nm), Octa-core.<br \/>\nBandes 2G: GSM 850\/900\/1800\/1900, bandes 3G: HSDPA 850\/900\/1700 (AWS) \/ 1900\/2100, 4 bandes 4G: bande LTE 1 (2100), 2 (1900), 3 (1800), 4 (1700\/2100), 5 (850), 7 (2600), 8 (900), 20 (800), 28 (700), 38 (2600), 40 (2300).<br \/>\nMod\u00e8le international &#8211; Aucune garantie aux \u00c9tats-Unis. Compatible avec la plupart des op\u00e9rateurs GSM tels que T-Mobile, AT&amp;T, MetroPCS, etc. Ne fonctionnera PAS avec les op\u00e9rateurs CDMA tels que Verizon, Sprint, Boost.<br \/>\nCam\u00e9ra frontale: 13MP, cam\u00e9ra arri\u00e8re: 48MP + 8MP + 2MP + 2MP, Adreno 610, empreinte digitale (mont\u00e9e \u00e0 l&rsquo;arri\u00e8re), batterie 4000 mAh.<\/p>\n","protected":false},"featured_media":265,"comment_status":"open","ping_status":"closed","template":"","meta":[],"product_cat":[33],"product_tag":[],"jetpack_sharing_enabled":true,"_links":{"self":[{"href":"https:\/\/www.loco-wireless.com\/fr\/wp-json\/wp\/v2\/product\/264"}],"collection":[{"href":"https:\/\/www.loco-wireless.com\/fr\/wp-json\/wp\/v2\/product"}],"about":[{"href":"https:\/\/www.loco-wireless.com\/fr\/wp-json\/wp\/v2\/types\/product"}],"replies":[{"embeddable":true,"href":"https:\/\/www.loco-wireless.com\/fr\/wp-json\/wp\/v2\/comments?post=264"}],"wp:featuredmedia":[{"embeddable":true,"href":"https:\/\/www.loco-wireless.com\/fr\/wp-json\/wp\/v2\/media\/265"}],"wp:attachment":[{"href":"https:\/\/www.loco-wireless.com\/fr\/wp-json\/wp\/v2\/media?parent=264"}],"wp:term":[{"taxonomy":"product_cat","embeddable":true,"href":"https:\/\/www.loco-wireless.com\/fr\/wp-json\/wp\/v2\/product_cat?post=264"},{"taxonomy":"product_tag","embeddable":true,"href":"https:\/\/www.loco-wireless.com\/fr\/wp-json\/wp\/v2\/product_tag?post=264"}],"curies":[{"name":"wp","href":"https:\/\/api.w.org\/{rel}","templated":true}]}}