{"id":266,"date":"2020-10-07T12:21:45","date_gmt":"2020-10-07T12:21:45","guid":{"rendered":"https:\/\/www.locowirelesse.com\/product\/xiaomi-redmi-9a-6-53-hd-dot-drop-display-dual-sim-gsm-unlocked-us-global-4g-lte-global-version-carbon-grey-32gb"},"modified":"2024-07-07T01:57:00","modified_gmt":"2024-07-07T01:57:00","slug":"xiaomi-redmi-9a-6-53-hd-dot-drop-display-dual-sim-gsm-unlocked-us-global-4g-lte-global-version-carbon-grey-32gb","status":"publish","type":"product","link":"https:\/\/www.loco-wireless.com\/fr\/produit\/xiaomi-redmi-9a-6-53-hd-dot-drop-display-dual-sim-gsm-unlocked-us-global-4g-lte-global-version-carbon-grey-32gb","title":{"rendered":"Xiaomi Redmi 9A 6,53 \u00ab\u00a0HD + Dot Drop Display, Dual SIM GSM d\u00e9bloqu\u00e9 US et Global 4G LTE (version mondiale) (gris carbone, 32 Go)"},"content":{"rendered":"<ul class=\"a-unordered-list a-vertical a-spacing-mini\">\n<li>\u00c9cran HD + Dot Drop 6,53 pouces 720&#215;1600 HD +, 5000 mAh (typ) Prend en charge une charge de 10 W.<br \/>\nProcesseur MediaTek Helio G25: technologie de processus 12 nm, jusqu&rsquo;\u00e0 2,0 GHz, 8x A53, processeur graphique Octa-core CPU: PowerVR8320, jusqu&rsquo;\u00e0 650 MHz 2 Go + 32 Go.<br \/>\nCam\u00e9ra arri\u00e8re 13 MP, cam\u00e9ra frontale 5MP.<br \/>\nR\u00e9seau sans fil: Prend en charge les protocoles: 802.11 b \/ g \/ n Prend en charge 2.4G WiFi \/ WiFi Prise en charge directe Bluetooth 5.0 Prend en charge la radio FM (avec \u00e9couteurs). Bandes de r\u00e9seau GSM B2 \/ 3\/5\/8 WCDMA B1 \/ 2\/4\/5\/8 LTE-FDD B1 \/ 2\/3\/4\/5\/7\/8\/20\/28 LTE-TDD B38 \/ 40\/41 (2535 -2655 MHz).<br \/>\nM2006C3LG Version globale d\u00e9verrouill\u00e9e &#8211; Aucune garantie aux \u00c9tats-Unis. Compatible avec la plupart des op\u00e9rateurs GSM tels que T-Mobile, AT&amp;T, MetroPCS, etc. Ne fonctionnera PAS avec les op\u00e9rateurs CDMA tels que Verizon, Sprint, Boost. &#8211; ID FCC: ID FCC 2AFZZC3MG.<\/li>\n<\/ul>\n","protected":false},"excerpt":{"rendered":"<p>\u00c9cran HD + Dot Drop 6,53 pouces 720&#215;1600 HD +, 5000 mAh (typ) Prend en charge une charge de 10 W.<br \/>\nProcesseur MediaTek Helio G25: technologie de processus 12 nm, jusqu&rsquo;\u00e0 2,0 GHz, 8x A53, processeur graphique Octa-core CPU: PowerVR8320, jusqu&rsquo;\u00e0 650 MHz 2 Go + 32 Go.<br \/>\nCam\u00e9ra arri\u00e8re 13 MP, cam\u00e9ra frontale 5MP.<br \/>\nR\u00e9seau sans fil: Prend en charge les protocoles: 802.11 b \/ g \/ n Prend en charge 2.4G WiFi \/ WiFi Prise en charge directe Bluetooth 5.0 Prend en charge la radio FM (avec \u00e9couteurs). Bandes de r\u00e9seau GSM B2 \/ 3\/5\/8 WCDMA B1 \/ 2\/4\/5\/8 LTE-FDD B1 \/ 2\/3\/4\/5\/7\/8\/20\/28 LTE-TDD B38 \/ 40\/41 (2535 -2655 MHz).<br \/>\nM2006C3LG Version globale d\u00e9verrouill\u00e9e &#8211; Aucune garantie aux \u00c9tats-Unis. Compatible avec la plupart des op\u00e9rateurs GSM tels que T-Mobile, AT&amp;T, MetroPCS, etc. Ne fonctionnera PAS avec les op\u00e9rateurs CDMA tels que Verizon, Sprint, Boost. &#8211; ID FCC: ID FCC 2AFZZC3MG.<\/p>\n","protected":false},"featured_media":267,"comment_status":"open","ping_status":"closed","template":"","meta":[],"product_cat":[33],"product_tag":[],"jetpack_sharing_enabled":true,"_links":{"self":[{"href":"https:\/\/www.loco-wireless.com\/fr\/wp-json\/wp\/v2\/product\/266"}],"collection":[{"href":"https:\/\/www.loco-wireless.com\/fr\/wp-json\/wp\/v2\/product"}],"about":[{"href":"https:\/\/www.loco-wireless.com\/fr\/wp-json\/wp\/v2\/types\/product"}],"replies":[{"embeddable":true,"href":"https:\/\/www.loco-wireless.com\/fr\/wp-json\/wp\/v2\/comments?post=266"}],"wp:featuredmedia":[{"embeddable":true,"href":"https:\/\/www.loco-wireless.com\/fr\/wp-json\/wp\/v2\/media\/267"}],"wp:attachment":[{"href":"https:\/\/www.loco-wireless.com\/fr\/wp-json\/wp\/v2\/media?parent=266"}],"wp:term":[{"taxonomy":"product_cat","embeddable":true,"href":"https:\/\/www.loco-wireless.com\/fr\/wp-json\/wp\/v2\/product_cat?post=266"},{"taxonomy":"product_tag","embeddable":true,"href":"https:\/\/www.loco-wireless.com\/fr\/wp-json\/wp\/v2\/product_tag?post=266"}],"curies":[{"name":"wp","href":"https:\/\/api.w.org\/{rel}","templated":true}]}}