{"id":308,"date":"2020-10-07T11:25:56","date_gmt":"2020-10-07T11:25:56","guid":{"rendered":"https:\/\/www.locowirelesse.com\/product\/xiaomi-redmi-note-8-pro-128gb-6gb-ram-6-53-lte-gsm-64mp-factory-unlocked-smartphone-global-model-forest-green-green-128"},"modified":"2024-07-07T01:57:01","modified_gmt":"2024-07-07T01:57:01","slug":"xiaomi-redmi-note-8-pro-128gb-6gb-ram-6-53-lte-gsm-64mp-factory-unlocked-smartphone-global-model-forest-green-green-128","status":"publish","type":"product","link":"https:\/\/www.loco-wireless.com\/fr\/produit\/xiaomi-redmi-note-8-pro-128gb-6gb-ram-6-53-lte-gsm-64mp-factory-unlocked-smartphone-global-model-forest-green-green-128","title":{"rendered":"Xiaomi Redmi Note 8 Pro 128 Go, 6 Go de RAM Smartphone d\u00e9bloqu\u00e9 en usine 6,53 \u00ab\u00a0LTE GSM 64MP &#8211; Mod\u00e8le global (vert for\u00eat) (vert, 128)"},"content":{"rendered":"<ul class=\"a-unordered-list a-vertical a-spacing-mini\">\n<li>HSDPA 850\/900\/1900\/2100 &#8211; LTE B1 (2100) B2 (1900 PCS) B3 (1800 +) B4 (1700\/2100 AWS 1) B5 (850) B7 (2600) B8 (900) B12 (700 ac) B17 (700 bc) B20 (800 DD) B34 (TD 2000) B38 (TD 2600) B39 (TD 1900 +) B40 (TD 2300) B41 (TD 2500) &#8211; Double SIM hybride (Nano-SIM, double veille)&gt; (assurez-vous de v\u00e9rifier la compatibilit\u00e9 avec votre op\u00e9rateur avant l&rsquo;achat).<br \/>\n6,53 pouces 1080 x 2340 pixels, rapport 19,5: 9 (densit\u00e9 ~ 395 ppp), Corning Gorilla Glass 5, HDR &#8211; Empreinte digitale (mont\u00e9e \u00e0 l&rsquo;arri\u00e8re).<br \/>\n128 Go + 6 Go de RAM &#8211; microSD, jusqu&rsquo;\u00e0 256 Go &#8211; MediaTek Helio G90T Octa-core &#8211; Batterie Li-Po 4500 mAh non amovible &#8211; Android 9 Pie.<br \/>\nCam\u00e9ra arri\u00e8re: 64 MP, f \/ 1.9 (large) + 8 MP, f \/ 2.2 (ultra-large) + 2 MP, f \/ 2.4 (cam\u00e9ra macro d\u00e9di\u00e9e) + 2 MP, f \/ 2.4 &#8211; Cam\u00e9ra avant: 20 MP, f \/ 2.0 &#8211; Vid\u00e9o: 2160p @ 30fps.<br \/>\nLes t\u00e9l\u00e9phones portables d\u00e9verrouill\u00e9s sont compatibles avec la plupart des op\u00e9rateurs GSM (comme T-Mobile ou AT&amp;T) mais sachez qu&rsquo;ils ne sont pas compatibles avec les op\u00e9rateurs CDMA (comme Sprint ou Verizon Wireless par exemple) &#8211; ID FCC: 2AFZZG7G.<\/li>\n<\/ul>\n","protected":false},"excerpt":{"rendered":"<p>HSDPA 850\/900\/1900\/2100 &#8211; LTE B1 (2100) B2 (1900 PCS) B3 (1800 +) B4 (1700\/2100 AWS 1) B5 (850) B7 (2600) B8 (900) B12 (700 ac) B17 (700 bc) B20 (800 DD) B34 (TD 2000) B38 (TD 2600) B39 (TD 1900 +) B40 (TD 2300) B41 (TD 2500) &#8211; Double SIM hybride (Nano-SIM, double veille)&gt; (assurez-vous de v\u00e9rifier la compatibilit\u00e9 avec votre op\u00e9rateur avant l&rsquo;achat).<br \/>\n6,53 pouces 1080 x 2340 pixels, rapport 19,5: 9 (densit\u00e9 ~ 395 ppp), Corning Gorilla Glass 5, HDR &#8211; Empreinte digitale (mont\u00e9e \u00e0 l&rsquo;arri\u00e8re).<br \/>\n128 Go + 6 Go de RAM &#8211; microSD, jusqu&rsquo;\u00e0 256 Go &#8211; MediaTek Helio G90T Octa-core &#8211; Batterie Li-Po 4500 mAh non amovible &#8211; Android 9 Pie.<br \/>\nCam\u00e9ra arri\u00e8re: 64 MP, f \/ 1.9 (large) + 8 MP, f \/ 2.2 (ultra-large) + 2 MP, f \/ 2.4 (cam\u00e9ra macro d\u00e9di\u00e9e) + 2 MP, f \/ 2.4 &#8211; Cam\u00e9ra avant: 20 MP, f \/ 2.0 &#8211; Vid\u00e9o: 2160p @ 30fps.<br \/>\nLes t\u00e9l\u00e9phones portables d\u00e9verrouill\u00e9s sont compatibles avec la plupart des op\u00e9rateurs GSM (comme T-Mobile ou AT&amp;T) mais sachez qu&rsquo;ils ne sont pas compatibles avec les op\u00e9rateurs CDMA (comme Sprint ou Verizon Wireless par exemple) &#8211; ID FCC: 2AFZZG7G.<\/p>\n","protected":false},"featured_media":309,"comment_status":"open","ping_status":"closed","template":"","meta":[],"product_cat":[33],"product_tag":[],"jetpack_sharing_enabled":true,"_links":{"self":[{"href":"https:\/\/www.loco-wireless.com\/fr\/wp-json\/wp\/v2\/product\/308"}],"collection":[{"href":"https:\/\/www.loco-wireless.com\/fr\/wp-json\/wp\/v2\/product"}],"about":[{"href":"https:\/\/www.loco-wireless.com\/fr\/wp-json\/wp\/v2\/types\/product"}],"replies":[{"embeddable":true,"href":"https:\/\/www.loco-wireless.com\/fr\/wp-json\/wp\/v2\/comments?post=308"}],"wp:featuredmedia":[{"embeddable":true,"href":"https:\/\/www.loco-wireless.com\/fr\/wp-json\/wp\/v2\/media\/309"}],"wp:attachment":[{"href":"https:\/\/www.loco-wireless.com\/fr\/wp-json\/wp\/v2\/media?parent=308"}],"wp:term":[{"taxonomy":"product_cat","embeddable":true,"href":"https:\/\/www.loco-wireless.com\/fr\/wp-json\/wp\/v2\/product_cat?post=308"},{"taxonomy":"product_tag","embeddable":true,"href":"https:\/\/www.loco-wireless.com\/fr\/wp-json\/wp\/v2\/product_tag?post=308"}],"curies":[{"name":"wp","href":"https:\/\/api.w.org\/{rel}","templated":true}]}}