{"id":310,"date":"2020-10-07T11:23:16","date_gmt":"2020-10-07T11:23:16","guid":{"rendered":"https:\/\/www.locowirelesse.com\/product\/xiaomi-redmi-note-8-6-3-64gb-4gb-ram-gsm-only-no-cdma-internationa-version-2"},"modified":"2024-07-07T01:57:01","modified_gmt":"2024-07-07T01:57:01","slug":"xiaomi-redmi-note-8-6-3-64gb-4gb-ram-gsm-only-no-cdma-internationa-version-2","status":"publish","type":"product","link":"https:\/\/www.loco-wireless.com\/fr\/produit\/xiaomi-redmi-note-8-6-3-64gb-4gb-ram-gsm-only-no-cdma-internationa-version-2","title":{"rendered":"Xiaomi Redmi Note 8 6,3 \u00ab\u00a064 Go 4 Go de RAM (GSM uniquement, pas de CDMA) Version internationale"},"content":{"rendered":"<ul class=\"a-unordered-list a-vertical a-spacing-mini\">\n<li>HSDPA 850\/900\/2100 &#8211; LTE B1 (2100) B2 (1900 PCS) B3 (1800 +) B4 (1700\/2100 AWS 1) B5 (850) B7 (2600) B8 (900) B20 (800 DD) B28 (700 APT) B38 (TD 2600) B40 (TD 2300) Double SIM (Nano-SIM, double veille)&gt; (assurez-vous de v\u00e9rifier la compatibilit\u00e9 avec votre op\u00e9rateur avant l&rsquo;achat).<br \/>\n6. 3 pouces 1080 x 2340 pixels, 19. Rapport 5: 9 (densit\u00e9 ~ 409 ppp) &#8211; Empreinte digitale (mont\u00e9e \u00e0 l&rsquo;arri\u00e8re).<br \/>\n64 Go + 4 Go de RAM &#8211; microSD, jusqu&rsquo;\u00e0 256 Go &#8211; Qualcomm SDM665 Snapdragon Octa-core &#8211; Batterie Li-Po 4000 mAh non amovible.<br \/>\nCam\u00e9ra arri\u00e8re (principale): Quad 48MP (large) + 8MP (ultra-large) + 2MP (cam\u00e9ra macro d\u00e9di\u00e9e) + 2MP &#8211; Cam\u00e9ra frontale: 13 MP, f \/ 2. 0 &#8211; Vid\u00e9o: 2160p @ 30fps, 1080p @ 30\/60 \/ 120fps, 720p @ 960fps.<br \/>\nLes t\u00e9l\u00e9phones portables d\u00e9verrouill\u00e9s sont compatibles avec la plupart des op\u00e9rateurs GSM (comme T-Mobile ou AT&amp;T) mais sachez qu&rsquo;ils ne sont pas compatibles avec les op\u00e9rateurs CDMA (comme Sprint ou Verizon Wireless par exemple) &#8211; ID FCC: 2AFZZC3JG.<\/li>\n<\/ul>\n","protected":false},"excerpt":{"rendered":"<p>HSDPA 850\/900\/2100 &#8211; LTE B1 (2100) B2 (1900 PCS) B3 (1800 +) B4 (1700\/2100 AWS 1) B5 (850) B7 (2600) B8 (900) B20 (800 DD) B28 (700 APT) B38 (TD 2600) B40 (TD 2300) Double SIM (Nano-SIM, double veille)&gt; (assurez-vous de v\u00e9rifier la compatibilit\u00e9 avec votre op\u00e9rateur avant l&rsquo;achat).<br \/>\n6. 3 pouces 1080 x 2340 pixels, 19. Rapport 5: 9 (densit\u00e9 ~ 409 ppp) &#8211; Empreinte digitale (mont\u00e9e \u00e0 l&rsquo;arri\u00e8re).<br \/>\n64 Go + 4 Go de RAM &#8211; microSD, jusqu&rsquo;\u00e0 256 Go &#8211; Qualcomm SDM665 Snapdragon Octa-core &#8211; Batterie Li-Po 4000 mAh non amovible.<br \/>\nCam\u00e9ra arri\u00e8re (principale): Quad 48MP (large) + 8MP (ultra-large) + 2MP (cam\u00e9ra macro d\u00e9di\u00e9e) + 2MP &#8211; Cam\u00e9ra frontale: 13 MP, f \/ 2. 0 &#8211; Vid\u00e9o: 2160p @ 30fps, 1080p @ 30\/60 \/ 120fps, 720p @ 960fps.<br \/>\nLes t\u00e9l\u00e9phones portables d\u00e9verrouill\u00e9s sont compatibles avec la plupart des op\u00e9rateurs GSM (comme T-Mobile ou AT&amp;T) mais sachez qu&rsquo;ils ne sont pas compatibles avec les op\u00e9rateurs CDMA (comme Sprint ou Verizon Wireless par exemple) &#8211; ID FCC: 2AFZZC3JG.<\/p>\n","protected":false},"featured_media":311,"comment_status":"open","ping_status":"closed","template":"","meta":[],"product_cat":[33],"product_tag":[],"jetpack_sharing_enabled":true,"_links":{"self":[{"href":"https:\/\/www.loco-wireless.com\/fr\/wp-json\/wp\/v2\/product\/310"}],"collection":[{"href":"https:\/\/www.loco-wireless.com\/fr\/wp-json\/wp\/v2\/product"}],"about":[{"href":"https:\/\/www.loco-wireless.com\/fr\/wp-json\/wp\/v2\/types\/product"}],"replies":[{"embeddable":true,"href":"https:\/\/www.loco-wireless.com\/fr\/wp-json\/wp\/v2\/comments?post=310"}],"wp:featuredmedia":[{"embeddable":true,"href":"https:\/\/www.loco-wireless.com\/fr\/wp-json\/wp\/v2\/media\/311"}],"wp:attachment":[{"href":"https:\/\/www.loco-wireless.com\/fr\/wp-json\/wp\/v2\/media?parent=310"}],"wp:term":[{"taxonomy":"product_cat","embeddable":true,"href":"https:\/\/www.loco-wireless.com\/fr\/wp-json\/wp\/v2\/product_cat?post=310"},{"taxonomy":"product_tag","embeddable":true,"href":"https:\/\/www.loco-wireless.com\/fr\/wp-json\/wp\/v2\/product_tag?post=310"}],"curies":[{"name":"wp","href":"https:\/\/api.w.org\/{rel}","templated":true}]}}