{"id":312,"date":"2020-09-28T06:09:30","date_gmt":"2020-09-28T06:09:30","guid":{"rendered":"https:\/\/www.locowirelesse.com\/product\/samsung-galaxy-a10s-a107m-32gb-unlocked-gsm-duos-phone-w-dual-13mp-2mp-camera-international-variant-us-compatible-lte-black"},"modified":"2024-07-07T01:57:01","modified_gmt":"2024-07-07T01:57:01","slug":"samsung-galaxy-a10s-a107m-32gb-unlocked-gsm-duos-phone-w-dual-13mp-2mp-camera-international-variant-us-compatible-lte-black","status":"publish","type":"product","link":"https:\/\/www.loco-wireless.com\/fr\/produit\/samsung-galaxy-a10s-a107m-32gb-unlocked-gsm-duos-phone-w-dual-13mp-2mp-camera-international-variant-us-compatible-lte-black","title":{"rendered":"Samsung Galaxy A10S A107M 32 Go de t\u00e9l\u00e9phone GSM DUOS d\u00e9bloqu\u00e9 avec \/ double cam\u00e9ra 13MP et 2MP (variante internationale \/ compatible LTE am\u00e9ricain) &#8211; Noir"},"content":{"rendered":"<div class=\"disclaim\">\n<p>Couleur: noir | Taille: 32 Go<\/p>\n<p>Samsung Galaxy A10S avec \u00e9cran immersif HD + de 6,2 pouces avec \u00e9cran Infinity-V qui vous permet de regarder \u00e0 fond \u00e0 l&rsquo;aise et d&rsquo;am\u00e9liorer votre jeu. Cliquez sur des images incroyables et enregistrez des vid\u00e9os incroyables avec une configuration \u00e0 double cam\u00e9ra 13MP + 2MP (profondeur). Une capacit\u00e9 de 4000 mAh qui continue encore et encore pour que vous puissiez en faire plus. D\u00e9verrouillez votre appareil d&rsquo;un simple toucher ou en le tenant contre votre visage. Super simple, super s\u00e9curis\u00e9. Ayez une longueur d&rsquo;avance avec la puissante RAM de 3 Go qui vous offre une exp\u00e9rience super accrocheuse. Avec une finition brillante de qualit\u00e9 sup\u00e9rieure, les nouveaux A10 sont disponibles en 3 couleurs fascinantes et ne manqueront pas de faire tourner les t\u00eates.<\/p>\n<\/div>\n","protected":false},"excerpt":{"rendered":"<p>Couleur: noir | Taille: 32 Go<\/p>\n<p>Samsung Galaxy A10S avec \u00e9cran immersif HD + de 6,2 pouces avec \u00e9cran Infinity-V qui vous permet de regarder \u00e0 fond \u00e0 l&rsquo;aise et d&rsquo;am\u00e9liorer votre jeu. Cliquez sur des images incroyables et enregistrez des vid\u00e9os incroyables avec une configuration \u00e0 double cam\u00e9ra 13MP + 2MP (profondeur). Une capacit\u00e9 de 4000 mAh qui continue encore et encore pour que vous puissiez en faire plus. D\u00e9verrouillez votre appareil d&rsquo;un simple toucher ou en le tenant contre votre visage. Super simple, super s\u00e9curis\u00e9. Ayez une longueur d&rsquo;avance avec la puissante RAM de 3 Go qui vous offre une exp\u00e9rience super accrocheuse. Avec une finition brillante de qualit\u00e9 sup\u00e9rieure, les nouveaux A10 sont disponibles en 3 couleurs fascinantes et ne manqueront pas de faire tourner les t\u00eates.<\/p>\n","protected":false},"featured_media":313,"comment_status":"open","ping_status":"closed","template":"","meta":[],"product_cat":[33],"product_tag":[],"jetpack_sharing_enabled":true,"_links":{"self":[{"href":"https:\/\/www.loco-wireless.com\/fr\/wp-json\/wp\/v2\/product\/312"}],"collection":[{"href":"https:\/\/www.loco-wireless.com\/fr\/wp-json\/wp\/v2\/product"}],"about":[{"href":"https:\/\/www.loco-wireless.com\/fr\/wp-json\/wp\/v2\/types\/product"}],"replies":[{"embeddable":true,"href":"https:\/\/www.loco-wireless.com\/fr\/wp-json\/wp\/v2\/comments?post=312"}],"wp:featuredmedia":[{"embeddable":true,"href":"https:\/\/www.loco-wireless.com\/fr\/wp-json\/wp\/v2\/media\/313"}],"wp:attachment":[{"href":"https:\/\/www.loco-wireless.com\/fr\/wp-json\/wp\/v2\/media?parent=312"}],"wp:term":[{"taxonomy":"product_cat","embeddable":true,"href":"https:\/\/www.loco-wireless.com\/fr\/wp-json\/wp\/v2\/product_cat?post=312"},{"taxonomy":"product_tag","embeddable":true,"href":"https:\/\/www.loco-wireless.com\/fr\/wp-json\/wp\/v2\/product_tag?post=312"}],"curies":[{"name":"wp","href":"https:\/\/api.w.org\/{rel}","templated":true}]}}