{"id":31354,"date":"2023-09-25T09:33:30","date_gmt":"2023-09-25T09:33:30","guid":{"rendered":"https:\/\/www.loco-wireless.com\/product\/original-custom-playstation-5-ps5-dualsense-wireless-controller-limited-titanium-blue"},"modified":"2023-12-28T15:41:33","modified_gmt":"2023-12-28T15:41:33","slug":"original-custom-playstation-5-ps5-dualsense-wireless-controller-limited-titanium-blue","status":"publish","type":"product","link":"https:\/\/www.loco-wireless.com\/fr\/produit\/original-custom-playstation-5-ps5-dualsense-wireless-controller-limited-titanium-blue","title":{"rendered":"Manette sans fil PlayStation 5 PS5 DualSense personnalis\u00e9e d\u2019origine \u2013 Bleu titane limit\u00e9"},"content":{"rendered":"<p>\u00c9levez votre exp\u00e9rience de jeu \u00e0 un niveau sup\u00e9rieur avec une manette PlayStation 5 personnalis\u00e9e, con\u00e7ue selon les sp\u00e9cifications de votre choix. Choisissez parmi une vari\u00e9t\u00e9 de composants pour cr\u00e9er une manette qui correspond \u00e0 votre style de jeu pr\u00e9f\u00e9r\u00e9 et profitez d&rsquo;une exp\u00e9rience de jeu optimis\u00e9e !<\/p>\n<p>Toutes les manettes PlayStation 5 personnalis\u00e9es sont neuves et authentiques. D\u00e9couvrez une exp\u00e9rience de jeu plus profonde et hautement immersive qui donne vie \u00e0 l&rsquo;action au creux de vos mains. La manette sans fil DualSense\u2122 offre un retour haptique immersif*, des g\u00e2chettes adaptatives dynamiques* et un microphone int\u00e9gr\u00e9, le tout int\u00e9gr\u00e9 dans un design embl\u00e9matique et confortable. *Disponible lorsque la fonction est prise en charge par le jeu.<\/p>\n","protected":false},"excerpt":{"rendered":"<p>\u00c9levez votre exp\u00e9rience de jeu \u00e0 un niveau sup\u00e9rieur avec une manette PlayStation 5 personnalis\u00e9e, con\u00e7ue selon les sp\u00e9cifications de votre choix. Choisissez parmi une vari\u00e9t\u00e9 de composants pour cr\u00e9er une manette qui correspond \u00e0 votre style de jeu pr\u00e9f\u00e9r\u00e9 et profitez d&rsquo;une exp\u00e9rience de jeu optimis\u00e9e !<\/p>\n<p>Toutes les manettes PlayStation 5 personnalis\u00e9es sont neuves et authentiques. D\u00e9couvrez une exp\u00e9rience de jeu plus profonde et hautement immersive qui donne vie \u00e0 l&rsquo;action au creux de vos mains. La manette sans fil DualSense\u2122 offre un retour haptique immersif*, des g\u00e2chettes adaptatives dynamiques* et un microphone int\u00e9gr\u00e9, le tout int\u00e9gr\u00e9 dans un design embl\u00e9matique et confortable. *Disponible lorsque la fonction est prise en charge par le jeu.<\/p>\n","protected":false},"featured_media":30159,"comment_status":"open","ping_status":"closed","template":"","meta":[],"product_cat":[32],"product_tag":[],"jetpack_sharing_enabled":true,"_links":{"self":[{"href":"https:\/\/www.loco-wireless.com\/fr\/wp-json\/wp\/v2\/product\/31354"}],"collection":[{"href":"https:\/\/www.loco-wireless.com\/fr\/wp-json\/wp\/v2\/product"}],"about":[{"href":"https:\/\/www.loco-wireless.com\/fr\/wp-json\/wp\/v2\/types\/product"}],"replies":[{"embeddable":true,"href":"https:\/\/www.loco-wireless.com\/fr\/wp-json\/wp\/v2\/comments?post=31354"}],"wp:featuredmedia":[{"embeddable":true,"href":"https:\/\/www.loco-wireless.com\/fr\/wp-json\/wp\/v2\/media\/30159"}],"wp:attachment":[{"href":"https:\/\/www.loco-wireless.com\/fr\/wp-json\/wp\/v2\/media?parent=31354"}],"wp:term":[{"taxonomy":"product_cat","embeddable":true,"href":"https:\/\/www.loco-wireless.com\/fr\/wp-json\/wp\/v2\/product_cat?post=31354"},{"taxonomy":"product_tag","embeddable":true,"href":"https:\/\/www.loco-wireless.com\/fr\/wp-json\/wp\/v2\/product_tag?post=31354"}],"curies":[{"name":"wp","href":"https:\/\/api.w.org\/{rel}","templated":true}]}}