{"id":32094,"date":"2023-10-08T13:10:44","date_gmt":"2023-10-08T13:10:44","guid":{"rendered":"https:\/\/www.loco-wireless.com\/product\/orignal-customized-controller-with-2-remappable-paddles-for-playstation-5-ps5-programmable-back-buttons-with-fast-turbo-auto-fire-3-setup-saving-slots-onboard-switch-white"},"modified":"2023-10-08T13:10:44","modified_gmt":"2023-10-08T13:10:44","slug":"orignal-customized-controller-with-2-remappable-paddles-for-playstation-5-ps5-programmable-back-buttons-with-fast-turbo-auto-fire-3-setup-saving-slots-onboard-switch-white","status":"publish","type":"product","link":"https:\/\/www.loco-wireless.com\/fr\/produit\/orignal-customized-controller-with-2-remappable-paddles-for-playstation-5-ps5-programmable-back-buttons-with-fast-turbo-auto-fire-3-setup-saving-slots-onboard-switch-white","title":{"rendered":"Manette personnalis\u00e9e originale avec 2 palettes remappables pour PlayStation 5 (PS5), boutons arri\u00e8re programmables avec tir automatique Fast Turbo, 3 emplacements d&rsquo;\u00e9conomie de configuration, commutateur int\u00e9gr\u00e9 &#8211; Blanc"},"content":{"rendered":"","protected":false},"excerpt":{"rendered":"","protected":false},"featured_media":30697,"comment_status":"open","ping_status":"closed","template":"","meta":[],"product_cat":[50,32],"product_tag":[],"jetpack_sharing_enabled":true,"_links":{"self":[{"href":"https:\/\/www.loco-wireless.com\/fr\/wp-json\/wp\/v2\/product\/32094"}],"collection":[{"href":"https:\/\/www.loco-wireless.com\/fr\/wp-json\/wp\/v2\/product"}],"about":[{"href":"https:\/\/www.loco-wireless.com\/fr\/wp-json\/wp\/v2\/types\/product"}],"replies":[{"embeddable":true,"href":"https:\/\/www.loco-wireless.com\/fr\/wp-json\/wp\/v2\/comments?post=32094"}],"wp:featuredmedia":[{"embeddable":true,"href":"https:\/\/www.loco-wireless.com\/fr\/wp-json\/wp\/v2\/media\/30697"}],"wp:attachment":[{"href":"https:\/\/www.loco-wireless.com\/fr\/wp-json\/wp\/v2\/media?parent=32094"}],"wp:term":[{"taxonomy":"product_cat","embeddable":true,"href":"https:\/\/www.loco-wireless.com\/fr\/wp-json\/wp\/v2\/product_cat?post=32094"},{"taxonomy":"product_tag","embeddable":true,"href":"https:\/\/www.loco-wireless.com\/fr\/wp-json\/wp\/v2\/product_tag?post=32094"}],"curies":[{"name":"wp","href":"https:\/\/api.w.org\/{rel}","templated":true}]}}