{"id":323,"date":"2020-09-28T06:00:17","date_gmt":"2020-09-28T06:00:17","guid":{"rendered":"https:\/\/www.locowirelesse.com\/product\/samsung-galaxy-a20s-a207m-ds-32gb-3gb-ram-dual-sim-6-5hd-snapdragon-450-factory-unlocked-international-version-red"},"modified":"2024-07-07T01:57:02","modified_gmt":"2024-07-07T01:57:02","slug":"samsung-galaxy-a20s-a207m-ds-32gb-3gb-ram-dual-sim-6-5hd-snapdragon-450-factory-unlocked-international-version-red","status":"publish","type":"product","link":"https:\/\/www.loco-wireless.com\/fr\/produit\/samsung-galaxy-a20s-a207m-ds-32gb-3gb-ram-dual-sim-6-5hd-snapdragon-450-factory-unlocked-international-version-red","title":{"rendered":"Samsung Galaxy A20s A207M \/ DS, 32 Go \/ 3 Go de RAM Dual SIM 6.5\u00a0\u00bbHD + Snapdragon 450, d\u00e9verrouill\u00e9 en usine (version internationale) &#8211; (rouge)"},"content":{"rendered":"<div id=\"dpx-product-description_feature_div\">\n<div id=\"descriptionAndDetails\" class=\"a-section a-spacing-extra-large\">\n<div id=\"productDescription_feature_div\" class=\"celwidget\" data-feature-name=\"productDescription\" data-csa-c-id=\"lo4si8-ojcb5j-j5lokm-15gedp\" data-cel-widget=\"productDescription_feature_div\">\n<div id=\"productDescription_feature_div\" class=\"a-row feature\" data-feature-name=\"productDescription\" data-template-name=\"productDescription\" data-cel-widget=\"productDescription_feature_div\">\n<div id=\"productDescription\" class=\"a-section a-spacing-small\">\n<p>Galaxy A20s, un grand \u00e9cran pour le grand plaisirLorsque vous voyagez \u00e0 travers de nouveaux mondes, vlogs et jeux, l&rsquo;\u00e9cran plus grand du Galaxy A20s offre une meilleure vue. Son \u00e9cran Infinity-V de 6,5 pouces s&rsquo;\u00e9tend d&rsquo;un bord \u00e0 l&rsquo;autre, faisant passer vos exp\u00e9riences quotidiennes de bonnes \u00e0 incroyables. Un dos brillant qui est confortable \u00e0 tenir Un t\u00e9l\u00e9phone avec un dos brillant et des courbes lisses, tient juste dans votre main pour une prise confortable que vous vous sentirez tout de suite. Triple cam\u00e9ra pour que chaque photo se d\u00e9marque La triple cam\u00e9ra rend vos moments sp\u00e9ciaux avec la cam\u00e9ra de profondeur 13MP, 5MP et la cam\u00e9ra ultra grand angle 8MP. La cam\u00e9ra de profondeur met en lumi\u00e8re votre sujet, tandis que la cam\u00e9ra ultra grand angle tient dans 120 degr\u00e9s de souvenirs. Appareil photo ultra grand angle pour une meilleure perspective Le grand angle 77 degr\u00e9s et le grand angle ultra grand angle 120 degr\u00e9s vous permettent de capturer ce que vous voyez, pour que vous ne manquiez pas le moment d&rsquo;o\u00f9 vous vous situez. Un appareil photo qui distingue vos sujets L&rsquo;appareil photo de profondeur 5MP vous permet d&rsquo;ajuster la profondeur de champ avant et apr\u00e8s avoir clou\u00e9 la photo. Une cam\u00e9ra qui vous met sous les projecteurs La cam\u00e9ra frontale 8MP rend vos selfies plus \u00e9poustouflants, et avec la mise au point en direct, vous obtenez un l\u00e9ger flou d&rsquo;arri\u00e8re-plan qui fait de votre personnalit\u00e9 la vedette de l&rsquo;image. Les performances pour aller plus vite et fonctionner plus facilement Un puissant processeur Octa-core et 3 Go de RAM g\u00e8rent vos jeux riches en graphiques et vos flux en direct \u00e0 des vitesses rapides. Avec 32 Go de m\u00e9moire interne et jusqu&rsquo;\u00e0 512 Go de stockage externe. La batterie de 4000 mAh et la technologie de charge rapide de 15 W du Galaxy A20s vous permettent d&rsquo;\u00eatre aliment\u00e9. S\u00e9curit\u00e9 mobile pratique, capteur d&#8217;empreintes digitales, reconnaissance faciale<\/p>\n<\/div>\n<\/div>\n<\/div>\n<\/div>\n<\/div>\n","protected":false},"excerpt":{"rendered":"<p>Galaxy A20s, un grand \u00e9cran pour le grand plaisirLorsque vous voyagez \u00e0 travers de nouveaux mondes, vlogs et jeux, l&rsquo;\u00e9cran plus grand du Galaxy A20s offre une meilleure vue. Son \u00e9cran Infinity-V de 6,5 pouces s&rsquo;\u00e9tend d&rsquo;un bord \u00e0 l&rsquo;autre, faisant passer vos exp\u00e9riences quotidiennes de bonnes \u00e0 incroyables. Un dos brillant qui est confortable \u00e0 tenir Un t\u00e9l\u00e9phone avec un dos brillant et des courbes lisses, tient juste dans votre main pour une prise confortable que vous vous sentirez tout de suite. Triple cam\u00e9ra pour que chaque photo se d\u00e9marque La triple cam\u00e9ra rend vos moments sp\u00e9ciaux avec la cam\u00e9ra de profondeur 13MP, 5MP et la cam\u00e9ra ultra grand angle 8MP. La cam\u00e9ra de profondeur met en lumi\u00e8re votre sujet, tandis que la cam\u00e9ra ultra grand angle tient dans 120 degr\u00e9s de souvenirs. Appareil photo ultra grand angle pour une meilleure perspective Le grand angle 77 degr\u00e9s et le grand angle ultra grand angle 120 degr\u00e9s vous permettent de capturer ce que vous voyez, pour que vous ne manquiez pas le moment d&rsquo;o\u00f9 vous vous situez. Un appareil photo qui distingue vos sujets L&rsquo;appareil photo de profondeur 5MP vous permet d&rsquo;ajuster la profondeur de champ avant et apr\u00e8s avoir clou\u00e9 la photo. Une cam\u00e9ra qui vous met sous les projecteurs La cam\u00e9ra frontale 8MP rend vos selfies plus \u00e9poustouflants, et avec la mise au point en direct, vous obtenez un l\u00e9ger flou d&rsquo;arri\u00e8re-plan qui fait de votre personnalit\u00e9 la vedette de l&rsquo;image. Les performances pour aller plus vite et fonctionner plus facilement Un puissant processeur Octa-core et 3 Go de RAM g\u00e8rent vos jeux riches en graphiques et vos flux en direct \u00e0 des vitesses rapides. Avec 32 Go de m\u00e9moire interne et jusqu&rsquo;\u00e0 512 Go de stockage externe. La batterie de 4000 mAh et la technologie de charge rapide de 15 W du Galaxy A20s vous permettent d&rsquo;\u00eatre aliment\u00e9. S\u00e9curit\u00e9 mobile pratique, capteur d&#8217;empreintes digitales, reconnaissance faciale<\/p>\n","protected":false},"featured_media":324,"comment_status":"open","ping_status":"closed","template":"","meta":[],"product_cat":[33],"product_tag":[],"jetpack_sharing_enabled":true,"_links":{"self":[{"href":"https:\/\/www.loco-wireless.com\/fr\/wp-json\/wp\/v2\/product\/323"}],"collection":[{"href":"https:\/\/www.loco-wireless.com\/fr\/wp-json\/wp\/v2\/product"}],"about":[{"href":"https:\/\/www.loco-wireless.com\/fr\/wp-json\/wp\/v2\/types\/product"}],"replies":[{"embeddable":true,"href":"https:\/\/www.loco-wireless.com\/fr\/wp-json\/wp\/v2\/comments?post=323"}],"wp:featuredmedia":[{"embeddable":true,"href":"https:\/\/www.loco-wireless.com\/fr\/wp-json\/wp\/v2\/media\/324"}],"wp:attachment":[{"href":"https:\/\/www.loco-wireless.com\/fr\/wp-json\/wp\/v2\/media?parent=323"}],"wp:term":[{"taxonomy":"product_cat","embeddable":true,"href":"https:\/\/www.loco-wireless.com\/fr\/wp-json\/wp\/v2\/product_cat?post=323"},{"taxonomy":"product_tag","embeddable":true,"href":"https:\/\/www.loco-wireless.com\/fr\/wp-json\/wp\/v2\/product_tag?post=323"}],"curies":[{"name":"wp","href":"https:\/\/api.w.org\/{rel}","templated":true}]}}