{"id":325,"date":"2020-09-28T05:59:04","date_gmt":"2020-09-28T05:59:04","guid":{"rendered":"https:\/\/www.locowirelesse.com\/product\/moto-e-unlocked-made-for-us-by-motorola-2-32gb-13mp-camera-2020-blue-xt2052-1-2-32-gb-moto-e-13mp-camera-blue-us"},"modified":"2024-07-07T01:57:02","modified_gmt":"2024-07-07T01:57:02","slug":"moto-e-unlocked-made-for-us-by-motorola-2-32gb-13mp-camera-2020-blue-xt2052-1-2-32-gb-moto-e-13mp-camera-blue-us","status":"publish","type":"product","link":"https:\/\/www.loco-wireless.com\/fr\/produit\/moto-e-unlocked-made-for-us-by-motorola-2-32gb-13mp-camera-2020-blue-xt2052-1-2-32-gb-moto-e-13mp-camera-blue-us","title":{"rendered":"Moto E | D\u00e9bloqu\u00e9 | Fabriqu\u00e9 pour nous par Motorola | 2 \/ 32GB | Cam\u00e9ra 13MP | 2020 | Bleu, XT2052-1, 2\/32 Go | Moto E | Cam\u00e9ra 13MP | Bleu | NOUS"},"content":{"rendered":"<div class=\"disclaim\">\n<p>Couleur: 2\/32 Go | Moto E | Cam\u00e9ra 13MP | Bleu | US | Style: Moto E<\/p>\n<p>moto e vous offre un syst\u00e8me \u00e0 double cam\u00e9ra 13 MP \u00e0 mise au point rapide, vous pouvez donc facilement ajouter de magnifiques effets bokeh aux portraits. De plus, vous obtenez une batterie longue dur\u00e9e, ce qui vous permet de passer 42 heures sur une seule charge. Profitez d&rsquo;un \u00e9cran ultra-large Max Vision de 6,2 po, d&rsquo;une vitesse de processeur octa-core et de la simplicit\u00e9 de d\u00e9verrouillage en utilisant uniquement votre empreinte digitale. Moto e. Plus de cam\u00e9ra. Plus de puissance. Plus de plaisir.<\/p>\n<\/div>\n","protected":false},"excerpt":{"rendered":"<p>Couleur: 2\/32 Go | Moto E | Cam\u00e9ra 13MP | Bleu | US | Style: Moto E<\/p>\n<p>moto e vous offre un syst\u00e8me \u00e0 double cam\u00e9ra 13 MP \u00e0 mise au point rapide, vous pouvez donc facilement ajouter de magnifiques effets bokeh aux portraits. De plus, vous obtenez une batterie longue dur\u00e9e, ce qui vous permet de passer 42 heures sur une seule charge. Profitez d&rsquo;un \u00e9cran ultra-large Max Vision de 6,2 po, d&rsquo;une vitesse de processeur octa-core et de la simplicit\u00e9 de d\u00e9verrouillage en utilisant uniquement votre empreinte digitale. Moto e. Plus de cam\u00e9ra. Plus de puissance. Plus de plaisir.<\/p>\n","protected":false},"featured_media":326,"comment_status":"open","ping_status":"closed","template":"","meta":[],"product_cat":[33],"product_tag":[],"jetpack_sharing_enabled":true,"_links":{"self":[{"href":"https:\/\/www.loco-wireless.com\/fr\/wp-json\/wp\/v2\/product\/325"}],"collection":[{"href":"https:\/\/www.loco-wireless.com\/fr\/wp-json\/wp\/v2\/product"}],"about":[{"href":"https:\/\/www.loco-wireless.com\/fr\/wp-json\/wp\/v2\/types\/product"}],"replies":[{"embeddable":true,"href":"https:\/\/www.loco-wireless.com\/fr\/wp-json\/wp\/v2\/comments?post=325"}],"wp:featuredmedia":[{"embeddable":true,"href":"https:\/\/www.loco-wireless.com\/fr\/wp-json\/wp\/v2\/media\/326"}],"wp:attachment":[{"href":"https:\/\/www.loco-wireless.com\/fr\/wp-json\/wp\/v2\/media?parent=325"}],"wp:term":[{"taxonomy":"product_cat","embeddable":true,"href":"https:\/\/www.loco-wireless.com\/fr\/wp-json\/wp\/v2\/product_cat?post=325"},{"taxonomy":"product_tag","embeddable":true,"href":"https:\/\/www.loco-wireless.com\/fr\/wp-json\/wp\/v2\/product_tag?post=325"}],"curies":[{"name":"wp","href":"https:\/\/api.w.org\/{rel}","templated":true}]}}