{"id":327,"date":"2020-09-28T05:51:46","date_gmt":"2020-09-28T05:51:46","guid":{"rendered":"https:\/\/www.locowirelesse.com\/product\/samsung-galaxy-s20-fe-5g-factory-unlocked-android-cell-phone-128-gb-us-version-smartphone-pro-grade-camera-30x-space-zoom-night-mode-cloud-navy"},"modified":"2024-07-07T01:57:02","modified_gmt":"2024-07-07T01:57:02","slug":"samsung-galaxy-s20-fe-5g-factory-unlocked-android-cell-phone-128-gb-us-version-smartphone-pro-grade-camera-30x-space-zoom-night-mode-cloud-navy","status":"publish","type":"product","link":"https:\/\/www.loco-wireless.com\/fr\/produit\/samsung-galaxy-s20-fe-5g-factory-unlocked-android-cell-phone-128-gb-us-version-smartphone-pro-grade-camera-30x-space-zoom-night-mode-cloud-navy","title":{"rendered":"Samsung Galaxy S20 FE 5G | T\u00e9l\u00e9phone portable Android d\u00e9bloqu\u00e9 en usine | 128 Go | Version US Smartphone | Appareil photo de qualit\u00e9 professionnelle, zoom spatial 30X, mode nuit | Cloud Navy"},"content":{"rendered":"<div id=\"dpx-product-description_feature_div\">\n<div id=\"descriptionAndDetails\" class=\"a-section a-spacing-extra-large\">\n<div id=\"productDescription_feature_div\" class=\"celwidget\" data-feature-name=\"productDescription\" data-csa-c-id=\"c10sci-ytg0f2-t8uqz-7cvynr\" data-cel-widget=\"productDescription_feature_div\">\n<div id=\"productDescription_feature_div\" class=\"a-row feature\" data-feature-name=\"productDescription\" data-template-name=\"productDescription\" data-cel-widget=\"productDescription_feature_div\">\n<div id=\"productDescription\" class=\"a-section a-spacing-small\">\n<p>Nous vous obtenons. La vedette dans la foule, celle avec une passion implacable. Celui qui reste fid\u00e8le \u00e0 vous-m\u00eame et connect\u00e9 \u00e0 ceux qui vous entourent. Vous m\u00e9ritez un t\u00e9l\u00e9phone portable qui offre une technologie de pointe et vous permet de vous exprimer de la mani\u00e8re que vous choisissez. Avec des options de couleurs audacieuses, un appareil photo de qualit\u00e9 professionnelle, un \u00e9cran 120 Hz et une batterie intelligente toute la journ\u00e9e qui se recharge en quelques minutes, le smartphone Android d\u00e9verrouill\u00e9 en usine Galaxy S20 FE 5G offre une innovation sans compromis. C&rsquo;est inattendu. Prenez des photos et des vid\u00e9os r\u00e9volutionnaires avec l&rsquo;appareil photo \u00e0 triple objectif et le zoom optique 3X. Zoomez de plus pr\u00e8s et capturez des images avec le zoom spatial 30X. Capturez des images et des vid\u00e9os nettes la nuit sans flash avec le mode nuit. Capturez des vid\u00e9os et plusieurs types d&rsquo;images avec une seule pression sur le d\u00e9clencheur. T\u00e9l\u00e9chargez, parcourez et frottez en un \u00e9clair avec le Galaxy S20 FE 5G.<\/p>\n<\/div>\n<\/div>\n<\/div>\n<\/div>\n<\/div>\n","protected":false},"excerpt":{"rendered":"<p>Nous vous obtenons. La vedette dans la foule, celle avec une passion implacable. Celui qui reste fid\u00e8le \u00e0 vous-m\u00eame et connect\u00e9 \u00e0 ceux qui vous entourent. Vous m\u00e9ritez un t\u00e9l\u00e9phone portable qui offre une technologie de pointe et vous permet de vous exprimer de la mani\u00e8re que vous choisissez. Avec des options de couleurs audacieuses, un appareil photo de qualit\u00e9 professionnelle, un \u00e9cran 120 Hz et une batterie intelligente toute la journ\u00e9e qui se recharge en quelques minutes, le smartphone Android d\u00e9verrouill\u00e9 en usine Galaxy S20 FE 5G offre une innovation sans compromis. C&rsquo;est inattendu. Prenez des photos et des vid\u00e9os r\u00e9volutionnaires avec l&rsquo;appareil photo \u00e0 triple objectif et le zoom optique 3X. Zoomez de plus pr\u00e8s et capturez des images avec le zoom spatial 30X. Capturez des images et des vid\u00e9os nettes la nuit sans flash avec le mode nuit. Capturez des vid\u00e9os et plusieurs types d&rsquo;images avec une seule pression sur le d\u00e9clencheur. T\u00e9l\u00e9chargez, parcourez et frottez en un \u00e9clair avec le Galaxy S20 FE 5G.<\/p>\n","protected":false},"featured_media":328,"comment_status":"open","ping_status":"closed","template":"","meta":[],"product_cat":[33],"product_tag":[],"jetpack_sharing_enabled":true,"_links":{"self":[{"href":"https:\/\/www.loco-wireless.com\/fr\/wp-json\/wp\/v2\/product\/327"}],"collection":[{"href":"https:\/\/www.loco-wireless.com\/fr\/wp-json\/wp\/v2\/product"}],"about":[{"href":"https:\/\/www.loco-wireless.com\/fr\/wp-json\/wp\/v2\/types\/product"}],"replies":[{"embeddable":true,"href":"https:\/\/www.loco-wireless.com\/fr\/wp-json\/wp\/v2\/comments?post=327"}],"wp:featuredmedia":[{"embeddable":true,"href":"https:\/\/www.loco-wireless.com\/fr\/wp-json\/wp\/v2\/media\/328"}],"wp:attachment":[{"href":"https:\/\/www.loco-wireless.com\/fr\/wp-json\/wp\/v2\/media?parent=327"}],"wp:term":[{"taxonomy":"product_cat","embeddable":true,"href":"https:\/\/www.loco-wireless.com\/fr\/wp-json\/wp\/v2\/product_cat?post=327"},{"taxonomy":"product_tag","embeddable":true,"href":"https:\/\/www.loco-wireless.com\/fr\/wp-json\/wp\/v2\/product_tag?post=327"}],"curies":[{"name":"wp","href":"https:\/\/api.w.org\/{rel}","templated":true}]}}