{"id":395,"date":"2020-10-28T03:02:53","date_gmt":"2020-10-28T03:02:53","guid":{"rendered":"https:\/\/www.locowirelesse.com\/?page_id=395"},"modified":"2020-10-28T03:02:54","modified_gmt":"2020-10-28T03:02:54","slug":"politica-di-spedizione-e-resi","status":"publish","type":"page","link":"https:\/\/www.loco-wireless.com\/it\/politica-di-spedizione-e-resi","title":{"rendered":"POLITICA DI SPEDIZIONE E RESI"},"content":{"rendered":"\n<p>Politica di spedizione e restituzione<br>L&#8217;ordine verr\u00e0 inviato direttamente a casa tua tramite corriere o USPS a seconda della localit\u00e0. Tutti gli ordini verranno elaborati non appena l&#8217;ordine sar\u00e0 approvato. Occasionalmente, Loco Wireless &amp; Electronics pu\u00f2 verificare la validit\u00e0 della maggior parte degli ordini effettuati tramite carta di credito a causa del crescente numero di frodi su Internet. La consegna potrebbe richiedere pi\u00f9 tempo rispetto ai tempi elencati di seguito a causa di ritardi del corriere o altri fattori esterni. Si prega di notare inoltre che la consegna in zone rurali potrebbe richiedere pi\u00f9 tempo del solito.<br>Consegna GRATUITA: lascia il magazzino in 1-3 giorni lavorativi una volta che l&#8217;ordine \u00e8 stato approvato.La consegna richieder\u00e0 circa 2-5 giorni lavorativi una volta che l&#8217;ordine ha lasciato il magazzino. contattarti durante i tempi di elaborazione per avvisarti ed elaborare la soluzione alternativa.Nota: Loco Wireless &amp; Electronics non spedisce a PO.BOX pertanto \u00e8 necessario fornire l&#8217;indirizzo fisico.<br>Politica di ritorno<br>In Loco Wireless &amp; Electronics, ci assicuriamo che non te ne pentirai del tuo acquisto. Loco Wireless &amp; Electronics offre una politica di restituzione ELF (Early Life Failure) o DOA di 7 giorni. Devi avvisarci non appena il prodotto smette di funzionare. Eventuali prodotti DOA verranno sostituiti immediatamente non appena valutati. Tutti gli accessori e gli articoli restituiti devono essere nelle condizioni originali o il prodotto verr\u00e0 invece riparato.Loco Wireless &amp; Electronics offre anche una politica di restituzione POM (Peace-Of-Mind) di 14 giorni. Tutti i prodotti restituiti da POM verranno addebitati per le spese di riassortimento. L&#8217;addebito pu\u00f2 variare a seconda delle condizioni dell&#8217;articolo. Tuttavia, Loco Wireless &amp; Electronics si riserva il diritto di rifiutare il reso se il prodotto non \u00e8 in condizioni ragionevoli. A parte questo, Loco Wireless &amp; Electronics ha accettato anche il reso causato da errori umani come descrizione errata, colori sbagliati. Nessun addebito verr\u00e0 applicato. La sostituzione verr\u00e0 inviata immediatamente non appena verr\u00e0 valutato il prodotto sbagliato. La stessa politica applicata, l&#8217;articolo sbagliato deve essere in una condizione originale. \u00c8 necessario segnalare l&#8217;errore entro 48 ore dalla ricezione del prodotto. In caso di applicazione di uno degli scenari sopra indicati, si prega di contattarci il prima possibile. Questo per garantire che il reso sar\u00e0 onorato. Valuteremo la tua richiesta e ti invieremo un&#8217;e-mail con le istruzioni per il reso. Potremmo aver bisogno di ottenere maggiori chiarimenti sul problema segnalato prima di poter rilasciare l&#8217;autorizzazione al reso, ci\u00f2 viene fatto per consentire un&#8217;elaborazione pi\u00f9 rapida dei resi in un secondo momento. Copriremo il costo del trasporto per la restituzione DOA e il cliente sosterr\u00e0 il costo del trasporto per la restituzione POM.Generalmente, tutti i rimborsi e le sostituzioni saranno finalizzati in 5-7 giorni lavorativi dal ricevimento della merce restituita. I rimborsi vengono pagati tramite il metodo di pagamento originale utilizzato per l&#8217;acquisto. .<br>Assicurazione<br>Ti consigliamo vivamente di assicurare il tuo ordine in quanto potrebbe esserci la possibilit\u00e0 che l&#8217;ordine venga danneggiato e perso al momento della consegna. L&#8217;assicurazione \u00e8 facoltativa e le tariffe sono tutte sulla pagina del prodotto. Le tariffe variano a seconda del valore della merce. Si prega di notare che Loco Wireless &amp; Electronics non \u00e8 responsabile per eventuali oggetti smarriti se l&#8217;assicurazione non viene acquistata.<\/p>\n","protected":false},"excerpt":{"rendered":"<p>Politica di spedizione e restituzioneL&#8217;ordine verr\u00e0 inviato direttamente a casa tua tramite corriere o USPS a seconda della localit\u00e0. Tutti gli ordini verranno elaborati non appena l&#8217;ordine sar\u00e0 approvato. Occasionalmente, Loco Wireless &amp; Electronics pu\u00f2 verificare la validit\u00e0 della maggior parte degli ordini effettuati tramite carta di credito a causa del crescente numero di frodi [&hellip;]<\/p>\n","protected":false},"author":1,"featured_media":0,"parent":0,"menu_order":0,"comment_status":"closed","ping_status":"closed","template":"","meta":{"footnotes":""},"jetpack_sharing_enabled":true,"_links":{"self":[{"href":"https:\/\/www.loco-wireless.com\/it\/wp-json\/wp\/v2\/pages\/395"}],"collection":[{"href":"https:\/\/www.loco-wireless.com\/it\/wp-json\/wp\/v2\/pages"}],"about":[{"href":"https:\/\/www.loco-wireless.com\/it\/wp-json\/wp\/v2\/types\/page"}],"author":[{"embeddable":true,"href":"https:\/\/www.loco-wireless.com\/it\/wp-json\/wp\/v2\/users\/1"}],"replies":[{"embeddable":true,"href":"https:\/\/www.loco-wireless.com\/it\/wp-json\/wp\/v2\/comments?post=395"}],"version-history":[{"count":1,"href":"https:\/\/www.loco-wireless.com\/it\/wp-json\/wp\/v2\/pages\/395\/revisions"}],"predecessor-version":[{"id":396,"href":"https:\/\/www.loco-wireless.com\/it\/wp-json\/wp\/v2\/pages\/395\/revisions\/396"}],"wp:attachment":[{"href":"https:\/\/www.loco-wireless.com\/it\/wp-json\/wp\/v2\/media?parent=395"}],"curies":[{"name":"wp","href":"https:\/\/api.w.org\/{rel}","templated":true}]}}