{"id":409,"date":"2020-09-28T06:09:30","date_gmt":"2020-09-28T06:09:30","guid":{"rendered":"https:\/\/www.locowirelesse.com\/product\/samsung-galaxy-a10s-a107m-32gb-unlocked-gsm-duos-phone-w-dual-13mp-2mp-camera-international-variant-us-compatible-lte-black"},"modified":"2024-07-07T01:57:55","modified_gmt":"2024-07-07T01:57:55","slug":"samsung-galaxy-a10s-a107m-32gb-unlocked-gsm-duos-phone-w-dual-13mp-2mp-camera-international-variant-us-compatible-lte-black","status":"publish","type":"product","link":"https:\/\/www.loco-wireless.com\/it\/prodotto\/samsung-galaxy-a10s-a107m-32gb-unlocked-gsm-duos-phone-w-dual-13mp-2mp-camera-international-variant-us-compatible-lte-black","title":{"rendered":"Samsung Galaxy A10S A107M Telefono GSM DUOS sbloccato da 32 GB con \/ Doppia fotocamera da 13 MP e 2 MP (variante internazionale \/ LTE compatibile USA) &#8211; Nero"},"content":{"rendered":"<div class=\"disclaim\">\n<p>Colore: nero | Dimensioni: 32 GB<\/p>\n<p>Samsung Galaxy A10S con schermo immersivo HD + da 6,2 pollici con display Infinity-V che ti consente di guardare senza problemi e migliorare il tuo gioco. Fai clic su immagini incredibili e gira video incredibili con una configurazione a doppia fotocamera da 13 MP + 2 MP (profondit\u00e0). Una capacit\u00e0 di 4000 mAh che va avanti e avanti cos\u00ec che tu possa fare di pi\u00f9. Sblocca il tuo dispositivo con un semplice tocco o avvicinandolo al viso. Super semplice, super sicuro. Sii un passo avanti con la potente RAM da 3 GB che ti offre un&#8217;esperienza super scattante. Con una finitura lucida di alta qualit\u00e0, il nuovo A10 \u00e8 disponibile in 3 affascinanti colori e sicuramente far\u00e0 girare alcune teste.<\/p>\n<\/div>\n","protected":false},"excerpt":{"rendered":"<p>Colore: nero | Dimensioni: 32 GB<\/p>\n<p>Samsung Galaxy A10S con schermo immersivo HD + da 6,2 pollici con display Infinity-V che ti consente di guardare senza problemi e migliorare il tuo gioco. Fai clic su immagini incredibili e gira video incredibili con una configurazione a doppia fotocamera da 13 MP + 2 MP (profondit\u00e0). Una capacit\u00e0 di 4000 mAh che va avanti e avanti cos\u00ec che tu possa fare di pi\u00f9. Sblocca il tuo dispositivo con un semplice tocco o avvicinandolo al viso. Super semplice, super sicuro. Sii un passo avanti con la potente RAM da 3 GB che ti offre un&#8217;esperienza super scattante. Con una finitura lucida di alta qualit\u00e0, il nuovo A10 \u00e8 disponibile in 3 affascinanti colori e sicuramente far\u00e0 girare alcune teste.<\/p>\n","protected":false},"featured_media":410,"comment_status":"open","ping_status":"closed","template":"","meta":[],"product_cat":[46],"product_tag":[],"jetpack_sharing_enabled":true,"_links":{"self":[{"href":"https:\/\/www.loco-wireless.com\/it\/wp-json\/wp\/v2\/product\/409"}],"collection":[{"href":"https:\/\/www.loco-wireless.com\/it\/wp-json\/wp\/v2\/product"}],"about":[{"href":"https:\/\/www.loco-wireless.com\/it\/wp-json\/wp\/v2\/types\/product"}],"replies":[{"embeddable":true,"href":"https:\/\/www.loco-wireless.com\/it\/wp-json\/wp\/v2\/comments?post=409"}],"wp:featuredmedia":[{"embeddable":true,"href":"https:\/\/www.loco-wireless.com\/it\/wp-json\/wp\/v2\/media\/410"}],"wp:attachment":[{"href":"https:\/\/www.loco-wireless.com\/it\/wp-json\/wp\/v2\/media?parent=409"}],"wp:term":[{"taxonomy":"product_cat","embeddable":true,"href":"https:\/\/www.loco-wireless.com\/it\/wp-json\/wp\/v2\/product_cat?post=409"},{"taxonomy":"product_tag","embeddable":true,"href":"https:\/\/www.loco-wireless.com\/it\/wp-json\/wp\/v2\/product_tag?post=409"}],"curies":[{"name":"wp","href":"https:\/\/api.w.org\/{rel}","templated":true}]}}