{"id":411,"date":"2020-09-28T06:00:17","date_gmt":"2020-09-28T06:00:17","guid":{"rendered":"https:\/\/www.locowirelesse.com\/product\/samsung-galaxy-a20s-a207m-ds-32gb-3gb-ram-dual-sim-6-5hd-snapdragon-450-factory-unlocked-international-version-red"},"modified":"2024-07-07T01:57:55","modified_gmt":"2024-07-07T01:57:55","slug":"samsung-galaxy-a20s-a207m-ds-32gb-3gb-ram-dual-sim-6-5hd-snapdragon-450-factory-unlocked-international-version-red","status":"publish","type":"product","link":"https:\/\/www.loco-wireless.com\/it\/prodotto\/samsung-galaxy-a20s-a207m-ds-32gb-3gb-ram-dual-sim-6-5hd-snapdragon-450-factory-unlocked-international-version-red","title":{"rendered":"Samsung Galaxy A20s A207M \/ DS, 32 GB \/ 3 GB di RAM Dual SIM 6.5 &#8221; HD + Snapdragon 450, sbloccato in fabbrica (versione internazionale) &#8211; (rosso)"},"content":{"rendered":"<div id=\"dpx-product-description_feature_div\">\n<div id=\"descriptionAndDetails\" class=\"a-section a-spacing-extra-large\">\n<div id=\"productDescription_feature_div\" class=\"celwidget\" data-feature-name=\"productDescription\" data-csa-c-id=\"lo4si8-ojcb5j-j5lokm-15gedp\" data-cel-widget=\"productDescription_feature_div\">\n<div id=\"productDescription_feature_div\" class=\"a-row feature\" data-feature-name=\"productDescription\" data-template-name=\"productDescription\" data-cel-widget=\"productDescription_feature_div\">\n<div id=\"productDescription\" class=\"a-section a-spacing-small\">\n<p>Galaxy A20s, un grande display per un grande divertimento Quando viaggi attraverso nuovi mondi, vlog e giochi, lo schermo pi\u00f9 grande del Galaxy A20s offre una visione migliore. Il suo display Infinity-V da 6,5 \u200b\u200bpollici si estende da bordo a bordo, portando le tue esperienze quotidiane da buone a sorprendenti. Un retro lucido che \u00e8 comodo da tenere Un telefono con un retro lucido e curve morbide, si adatta perfettamente alla tua mano per una presa comoda che ti sentirai subito. Tripla fotocamera per far risaltare ogni scatto La tripla fotocamera rende speciali i tuoi momenti con la fotocamera da 13 MP, la fotocamera con profondit\u00e0 di 5 MP e la fotocamera ultra grandangolare da 8 MP. La Depth Camera mette in luce il tuo soggetto, mentre la Ultra Wide Camera si adatta a 120 gradi di ricordi. Fotocamera ultragrandangolare per una prospettiva pi\u00f9 ampia Il grandangolo da 77 gradi e l&#8217;ultra grandangolo da 120 gradi ti consentono di catturare ci\u00f2 che vedi, in modo da non perdere il momento da dove ti trovi. Una fotocamera che distingue i tuoi soggetti La fotocamera di profondit\u00e0 da 5 MP ti consente di regolare la profondit\u00e0 di campo prima e dopo aver inchiodato lo scatto. Una fotocamera che ti mette sotto i riflettori La fotocamera frontale da 8 MP rende i tuoi selfie pi\u00f9 sbalorditivi e con la messa a fuoco Live ottieni una delicata sfocatura dello sfondo che rende la tua personalit\u00e0 la protagonista della foto. Le prestazioni per andare pi\u00f9 veloci e funzionare in modo pi\u00f9 fluido Un potente processore Octa-core e 3 GB di RAM gestiscono i tuoi giochi con grafica pesante e live streaming a velocit\u00e0 elevate. Con 32 GB di memoria interna e fino a 512 GB di memoria esterna. Alimentato per il modo in cui vivi la tua vita quotidiana La batteria da 4.000 mAh del Galaxy A20s e la tecnologia di ricarica rapida da 15 W ti consentono di essere alimentato. Comoda sicurezza mobile, sensore di impronte digitali, riconoscimento facciale<\/p>\n<\/div>\n<\/div>\n<\/div>\n<\/div>\n<\/div>\n","protected":false},"excerpt":{"rendered":"<p>Galaxy A20s, un grande display per un grande divertimento Quando viaggi attraverso nuovi mondi, vlog e giochi, lo schermo pi\u00f9 grande del Galaxy A20s offre una visione migliore. Il suo display Infinity-V da 6,5 \u200b\u200bpollici si estende da bordo a bordo, portando le tue esperienze quotidiane da buone a sorprendenti. Un retro lucido che \u00e8 comodo da tenere Un telefono con un retro lucido e curve morbide, si adatta perfettamente alla tua mano per una presa comoda che ti sentirai subito. Tripla fotocamera per far risaltare ogni scatto La tripla fotocamera rende speciali i tuoi momenti con la fotocamera da 13 MP, la fotocamera con profondit\u00e0 di 5 MP e la fotocamera ultra grandangolare da 8 MP. La Depth Camera mette in luce il tuo soggetto, mentre la Ultra Wide Camera si adatta a 120 gradi di ricordi. Fotocamera ultragrandangolare per una prospettiva pi\u00f9 ampia Il grandangolo da 77 gradi e l&#8217;ultra grandangolo da 120 gradi ti consentono di catturare ci\u00f2 che vedi, in modo da non perdere il momento da dove ti trovi. Una fotocamera che distingue i tuoi soggetti La fotocamera di profondit\u00e0 da 5 MP ti consente di regolare la profondit\u00e0 di campo prima e dopo aver inchiodato lo scatto. Una fotocamera che ti mette sotto i riflettori La fotocamera frontale da 8 MP rende i tuoi selfie pi\u00f9 sbalorditivi e con la messa a fuoco Live ottieni una delicata sfocatura dello sfondo che rende la tua personalit\u00e0 la protagonista della foto. Le prestazioni per andare pi\u00f9 veloci e funzionare in modo pi\u00f9 fluido Un potente processore Octa-core e 3 GB di RAM gestiscono i tuoi giochi con grafica pesante e live streaming a velocit\u00e0 elevate. Con 32 GB di memoria interna e fino a 512 GB di memoria esterna. Alimentato per il modo in cui vivi la tua vita quotidiana La batteria da 4.000 mAh del Galaxy A20s e la tecnologia di ricarica rapida da 15 W ti consentono di essere alimentato. Comoda sicurezza mobile, sensore di impronte digitali, riconoscimento facciale<\/p>\n","protected":false},"featured_media":412,"comment_status":"open","ping_status":"closed","template":"","meta":[],"product_cat":[46],"product_tag":[],"jetpack_sharing_enabled":true,"_links":{"self":[{"href":"https:\/\/www.loco-wireless.com\/it\/wp-json\/wp\/v2\/product\/411"}],"collection":[{"href":"https:\/\/www.loco-wireless.com\/it\/wp-json\/wp\/v2\/product"}],"about":[{"href":"https:\/\/www.loco-wireless.com\/it\/wp-json\/wp\/v2\/types\/product"}],"replies":[{"embeddable":true,"href":"https:\/\/www.loco-wireless.com\/it\/wp-json\/wp\/v2\/comments?post=411"}],"wp:featuredmedia":[{"embeddable":true,"href":"https:\/\/www.loco-wireless.com\/it\/wp-json\/wp\/v2\/media\/412"}],"wp:attachment":[{"href":"https:\/\/www.loco-wireless.com\/it\/wp-json\/wp\/v2\/media?parent=411"}],"wp:term":[{"taxonomy":"product_cat","embeddable":true,"href":"https:\/\/www.loco-wireless.com\/it\/wp-json\/wp\/v2\/product_cat?post=411"},{"taxonomy":"product_tag","embeddable":true,"href":"https:\/\/www.loco-wireless.com\/it\/wp-json\/wp\/v2\/product_tag?post=411"}],"curies":[{"name":"wp","href":"https:\/\/api.w.org\/{rel}","templated":true}]}}