{"id":413,"date":"2020-09-28T05:59:04","date_gmt":"2020-09-28T05:59:04","guid":{"rendered":"https:\/\/www.locowirelesse.com\/product\/moto-e-unlocked-made-for-us-by-motorola-2-32gb-13mp-camera-2020-blue-xt2052-1-2-32-gb-moto-e-13mp-camera-blue-us"},"modified":"2024-07-07T01:57:56","modified_gmt":"2024-07-07T01:57:56","slug":"moto-e-unlocked-made-for-us-by-motorola-2-32gb-13mp-camera-2020-blue-xt2052-1-2-32-gb-moto-e-13mp-camera-blue-us","status":"publish","type":"product","link":"https:\/\/www.loco-wireless.com\/it\/prodotto\/moto-e-unlocked-made-for-us-by-motorola-2-32gb-13mp-camera-2020-blue-xt2052-1-2-32-gb-moto-e-13mp-camera-blue-us","title":{"rendered":"Moto E | Sbloccato | Prodotto per gli Stati Uniti da Motorola | 2 \/ 32GB | Fotocamera da 13 MP | 2020 | Blu, XT2052-1, 2\/32 GB | Moto E | Fotocamera da 13 MP | Blu | NOI"},"content":{"rendered":"<div class=\"disclaim\">\n<p>Colore: 2\/32 GB | Moto E | Fotocamera da 13 MP | Blu | USA | Stile: Moto E<\/p>\n<p>moto e offre un sistema a doppia fotocamera da 13 MP con messa a fuoco rapida, cos\u00ec puoi aggiungere facilmente bellissimi effetti bokeh ai ritratti. Inoltre, ottieni una batteria a lunga durata, cos\u00ec puoi durare 42 ore con una singola carica. Goditi un display Max Vision ultra-ampio da 6,2 &#8220;, la velocit\u00e0 del processore octa-core e la semplicit\u00e0 dello sblocco utilizzando solo la tua impronta digitale. Moto e. Pi\u00f9 fotocamera. Pi\u00f9 potenza. Pi\u00f9 divertimento.<\/p>\n<\/div>\n","protected":false},"excerpt":{"rendered":"<p>Colore: 2\/32 GB | Moto E | Fotocamera da 13 MP | Blu | USA | Stile: Moto E<\/p>\n<p>moto e offre un sistema a doppia fotocamera da 13 MP con messa a fuoco rapida, cos\u00ec puoi aggiungere facilmente bellissimi effetti bokeh ai ritratti. Inoltre, ottieni una batteria a lunga durata, cos\u00ec puoi durare 42 ore con una singola carica. Goditi un display Max Vision ultra-ampio da 6,2 &#8220;, la velocit\u00e0 del processore octa-core e la semplicit\u00e0 dello sblocco utilizzando solo la tua impronta digitale. Moto e. Pi\u00f9 fotocamera. Pi\u00f9 potenza. Pi\u00f9 divertimento.<\/p>\n","protected":false},"featured_media":414,"comment_status":"open","ping_status":"closed","template":"","meta":[],"product_cat":[46],"product_tag":[],"jetpack_sharing_enabled":true,"_links":{"self":[{"href":"https:\/\/www.loco-wireless.com\/it\/wp-json\/wp\/v2\/product\/413"}],"collection":[{"href":"https:\/\/www.loco-wireless.com\/it\/wp-json\/wp\/v2\/product"}],"about":[{"href":"https:\/\/www.loco-wireless.com\/it\/wp-json\/wp\/v2\/types\/product"}],"replies":[{"embeddable":true,"href":"https:\/\/www.loco-wireless.com\/it\/wp-json\/wp\/v2\/comments?post=413"}],"wp:featuredmedia":[{"embeddable":true,"href":"https:\/\/www.loco-wireless.com\/it\/wp-json\/wp\/v2\/media\/414"}],"wp:attachment":[{"href":"https:\/\/www.loco-wireless.com\/it\/wp-json\/wp\/v2\/media?parent=413"}],"wp:term":[{"taxonomy":"product_cat","embeddable":true,"href":"https:\/\/www.loco-wireless.com\/it\/wp-json\/wp\/v2\/product_cat?post=413"},{"taxonomy":"product_tag","embeddable":true,"href":"https:\/\/www.loco-wireless.com\/it\/wp-json\/wp\/v2\/product_tag?post=413"}],"curies":[{"name":"wp","href":"https:\/\/api.w.org\/{rel}","templated":true}]}}